{"id":996,"date":"2024-07-23T16:20:09","date_gmt":"2024-07-23T14:20:09","guid":{"rendered":"http:\/\/gym.skwatt.com\/?page_id=996"},"modified":"2024-07-23T16:20:09","modified_gmt":"2024-07-23T14:20:09","slug":"resultats-gaf-2023-2024","status":"publish","type":"page","link":"https:\/\/saintsouppletsgymnastique.com\/index.php\/resultats-gaf-2023-2024\/","title":{"rendered":"R\u00e9sultats GAF 2023-2024"},"content":{"rendered":"\n<p class=\"has-ast-global-color-1-color has-text-color has-link-color has-medium-font-size wp-elements-8cf2f05cba7b0bd6c2114e03d4068385\" vs-text-transform=\"uc\" vm-text-transform=\"uc\" vl-text-transform=\"uc\" vxl-text-transform=\"uc\"><strong>\ud83c\udfc6 Performance R\u00e9gionale 10 ans et + : Lilou, Flavie, Marion et M\u00e9line :<\/strong><\/p>\n\n\n\n<p>Finale r\u00e9gionale B : 1e \ud83c\udfc5<\/p>\n\n\n\n<p>Championnat d\u00e9partemental : 4e<\/p>\n\n\n\n<p>Championnat interd\u00e9partemental : 9e<\/p>\n\n\n\n<div class=\"wp-block-cb-carousel\" data-slick=\"{&quot;slidesToShow&quot;:3,&quot;slidesToScroll&quot;:1,&quot;speed&quot;:300,&quot;arrows&quot;:true,&quot;dots&quot;:true,&quot;autoplay&quot;:true,&quot;autoplaySpeed&quot;:3000,&quot;infinite&quot;:true,&quot;responsive&quot;:[{&quot;breakpoint&quot;:769,&quot;settings&quot;:{&quot;slidesToShow&quot;:1,&quot;slidesToScroll&quot;:1}}]}\">\n<div class=\"wp-block-cb-slide\">\n<div class=\"wmu-block block-image-video\"><figure class=\"block-inner wmu-media VS VM VL VXL\"><div class=\"wmu-media-object-wrapper\"><img loading=\"lazy\" decoding=\"async\" class=\"wmu-media-object wp-image-991 size-large\" src=\"www.saintsouppletsgymnastique.com\/app\/uploads\/2024\/07\/IMG_4798.jpg?_t=1721742655\" alt=\"\" width=\"1170\" height=\"869\" srcset=\"https:\/\/saintsouppletsgymnastique.com\/wp-content\/uploads\/2024\/07\/IMG_4798.jpg 1170w, https:\/\/saintsouppletsgymnastique.com\/wp-content\/uploads\/2024\/07\/IMG_4798-300x223.jpg 300w, https:\/\/saintsouppletsgymnastique.com\/wp-content\/uploads\/2024\/07\/IMG_4798-1024x761.jpg 1024w, https:\/\/saintsouppletsgymnastique.com\/wp-content\/uploads\/2024\/07\/IMG_4798-768x570.jpg 768w\" sizes=\"auto, (max-width: 1170px) 100vw, 1170px\" \/><\/div><\/figure><\/div>\n<\/div>\n\n\n\n<div class=\"wp-block-cb-slide\">\n<div class=\"wmu-block block-image-video\"><figure class=\"block-inner wmu-media VS VM VL VXL\"><div class=\"wmu-media-object-wrapper\"><img loading=\"lazy\" decoding=\"async\" class=\"wmu-media-object wp-image-992 size-large\" src=\"www.saintsouppletsgymnastique.com\/app\/uploads\/2024\/07\/IMG_4799.jpg?_t=1721742677\" alt=\"\" width=\"1170\" height=\"947\" srcset=\"https:\/\/saintsouppletsgymnastique.com\/wp-content\/uploads\/2024\/07\/IMG_4799.jpg 1170w, https:\/\/saintsouppletsgymnastique.com\/wp-content\/uploads\/2024\/07\/IMG_4799-300x243.jpg 300w, https:\/\/saintsouppletsgymnastique.com\/wp-content\/uploads\/2024\/07\/IMG_4799-1024x829.jpg 1024w, https:\/\/saintsouppletsgymnastique.com\/wp-content\/uploads\/2024\/07\/IMG_4799-768x622.jpg 768w\" sizes=\"auto, (max-width: 1170px) 100vw, 1170px\" \/><\/div><\/figure><\/div>\n<\/div>\n\n\n\n<div class=\"wp-block-cb-slide\">\n<div class=\"wmu-block block-image-video\"><figure class=\"block-inner wmu-media VS VM VL VXL\"><div class=\"wmu-media-object-wrapper\"><img loading=\"lazy\" decoding=\"async\" class=\"wmu-media-object wp-image-993 size-large\" src=\"www.saintsouppletsgymnastique.com\/app\/uploads\/2024\/07\/IMG_4800.jpg?_t=1721742683\" alt=\"\" width=\"1170\" height=\"1039\" srcset=\"https:\/\/saintsouppletsgymnastique.com\/wp-content\/uploads\/2024\/07\/IMG_4800.jpg 1170w, https:\/\/saintsouppletsgymnastique.com\/wp-content\/uploads\/2024\/07\/IMG_4800-300x266.jpg 300w, https:\/\/saintsouppletsgymnastique.com\/wp-content\/uploads\/2024\/07\/IMG_4800-1024x909.jpg 1024w, https:\/\/saintsouppletsgymnastique.com\/wp-content\/uploads\/2024\/07\/IMG_4800-768x682.jpg 768w\" sizes=\"auto, (max-width: 1170px) 100vw, 1170px\" \/><\/div><\/figure><\/div>\n<\/div>\n<\/div>\n\n\n\n<p class=\"has-ast-global-color-1-color has-text-color has-link-color has-medium-font-size wp-elements-478fa52d1729d20c154307f3d44bc679\" vs-text-transform=\"uc\" vs-color=\"ast-global-color-1\" vm-text-transform=\"uc\" vm-color=\"ast-global-color-1\" vl-text-transform=\"uc\" vl-color=\"ast-global-color-1\" vxl-text-transform=\"uc\" vxl-color=\"ast-global-color-1\"><strong>\ud83c\udfc6 F\u00e9d\u00e9ral A, 10 ans et + : Loriane, Elise, C\u00e9liane, Lathany et Marine<\/strong><\/p>\n\n\n\n<p>Championnat d\u00e9partemental : 4e<\/p>\n\n\n\n<p>Championnat interd\u00e9partemental : 10e<\/p>\n\n\n\n<p>Qualification r\u00e9gionale : 19e<\/p>\n\n\n\n<p>Finale r\u00e9gionale : 4e<\/p>\n\n\n\n<div class=\"wp-block-cb-carousel\" data-slick=\"{&quot;slidesToShow&quot;:3,&quot;slidesToScroll&quot;:1,&quot;speed&quot;:300,&quot;arrows&quot;:true,&quot;dots&quot;:true,&quot;autoplay&quot;:false,&quot;autoplaySpeed&quot;:3000,&quot;infinite&quot;:false,&quot;responsive&quot;:[{&quot;breakpoint&quot;:769,&quot;settings&quot;:{&quot;slidesToShow&quot;:1,&quot;slidesToScroll&quot;:1}}]}\">\n<div class=\"wp-block-cb-slide\">\n<div class=\"wmu-block block-image-video\"><figure class=\"block-inner wmu-media VS VM VL VXL\"><div class=\"wmu-media-object-wrapper\"><img loading=\"lazy\" decoding=\"async\" class=\"wmu-media-object wp-image-1020 size-large\" src=\"www.saintsouppletsgymnastique.com\/app\/uploads\/2024\/07\/IMG_4819.jpg?_t=1721744881\" alt=\"\" width=\"1170\" height=\"983\" srcset=\"https:\/\/saintsouppletsgymnastique.com\/wp-content\/uploads\/2024\/07\/IMG_4819.jpg 1170w, https:\/\/saintsouppletsgymnastique.com\/wp-content\/uploads\/2024\/07\/IMG_4819-300x252.jpg 300w, https:\/\/saintsouppletsgymnastique.com\/wp-content\/uploads\/2024\/07\/IMG_4819-1024x860.jpg 1024w, https:\/\/saintsouppletsgymnastique.com\/wp-content\/uploads\/2024\/07\/IMG_4819-768x645.jpg 768w\" sizes=\"auto, (max-width: 1170px) 100vw, 1170px\" \/><\/div><\/figure><\/div>\n<\/div>\n\n\n\n<div class=\"wp-block-cb-slide\">\n<div class=\"wmu-block block-image-video\"><figure class=\"block-inner wmu-media VS VM VL VXL\"><div class=\"wmu-media-object-wrapper\"><img loading=\"lazy\" decoding=\"async\" class=\"wmu-media-object wp-image-1010 size-large\" src=\"www.saintsouppletsgymnastique.com\/app\/uploads\/2024\/07\/IMG_4809.jpg?_t=1721744898\" alt=\"\" width=\"1170\" height=\"929\" srcset=\"https:\/\/saintsouppletsgymnastique.com\/wp-content\/uploads\/2024\/07\/IMG_4809.jpg 1170w, https:\/\/saintsouppletsgymnastique.com\/wp-content\/uploads\/2024\/07\/IMG_4809-300x238.jpg 300w, https:\/\/saintsouppletsgymnastique.com\/wp-content\/uploads\/2024\/07\/IMG_4809-1024x813.jpg 1024w, https:\/\/saintsouppletsgymnastique.com\/wp-content\/uploads\/2024\/07\/IMG_4809-768x610.jpg 768w\" sizes=\"auto, (max-width: 1170px) 100vw, 1170px\" \/><\/div><\/figure><\/div>\n<\/div>\n<\/div>\n\n\n\n<p class=\"has-ast-global-color-1-color has-text-color has-link-color has-medium-font-size wp-elements-b5fdacebfac6f57842d4176960a6a232\" vs-text-transform=\"uc\" vm-text-transform=\"uc\" vl-text-transform=\"uc\" vxl-text-transform=\"uc\"><strong>\ud83c\udfc6 Troph\u00e9e r\u00e9gional 1<\/strong><\/p>\n\n\n\n<div class=\"wmu-block block-image-video\"><figure class=\"block-inner wmu-media VS VM VL VXL\"><div class=\"wmu-media-object-wrapper\"><img loading=\"lazy\" decoding=\"async\" class=\"wmu-media-object wp-image-1027 size-large\" src=\"www.saintsouppletsgymnastique.com\/app\/uploads\/2024\/07\/Capture-decran-2024-07-23-a-16.39.02.png?_t=1721745694\" alt=\"\" width=\"1002\" height=\"200\" srcset=\"https:\/\/saintsouppletsgymnastique.com\/wp-content\/uploads\/2024\/07\/Capture-decran-2024-07-23-a-16.39.02.png 1002w, https:\/\/saintsouppletsgymnastique.com\/wp-content\/uploads\/2024\/07\/Capture-decran-2024-07-23-a-16.39.02-300x60.png 300w, https:\/\/saintsouppletsgymnastique.com\/wp-content\/uploads\/2024\/07\/Capture-decran-2024-07-23-a-16.39.02-768x153.png 768w\" sizes=\"auto, (max-width: 1002px) 100vw, 1002px\" \/><\/div><\/figure><\/div>\n\n\n\n<div class=\"wp-block-cb-carousel\" data-slick=\"{&quot;slidesToShow&quot;:3,&quot;slidesToScroll&quot;:1,&quot;speed&quot;:300,&quot;arrows&quot;:true,&quot;dots&quot;:true,&quot;autoplay&quot;:true,&quot;autoplaySpeed&quot;:3000,&quot;infinite&quot;:true,&quot;responsive&quot;:[{&quot;breakpoint&quot;:769,&quot;settings&quot;:{&quot;slidesToShow&quot;:1,&quot;slidesToScroll&quot;:1}}]}\">\n<div class=\"wp-block-cb-slide\">\n<div class=\"wmu-block block-image-video\"><figure class=\"block-inner wmu-media VS VM VL VXL\"><div class=\"wmu-media-object-wrapper\"><img loading=\"lazy\" decoding=\"async\" class=\"wmu-media-object wp-image-1002 size-large\" src=\"www.saintsouppletsgymnastique.com\/app\/uploads\/2024\/07\/IMG_4801.jpg?_t=1721744922\" alt=\"\" width=\"1170\" height=\"712\" srcset=\"https:\/\/saintsouppletsgymnastique.com\/wp-content\/uploads\/2024\/07\/IMG_4801.jpg 1170w, https:\/\/saintsouppletsgymnastique.com\/wp-content\/uploads\/2024\/07\/IMG_4801-300x183.jpg 300w, https:\/\/saintsouppletsgymnastique.com\/wp-content\/uploads\/2024\/07\/IMG_4801-1024x623.jpg 1024w, https:\/\/saintsouppletsgymnastique.com\/wp-content\/uploads\/2024\/07\/IMG_4801-768x467.jpg 768w\" sizes=\"auto, (max-width: 1170px) 100vw, 1170px\" \/><\/div><\/figure><\/div>\n<\/div>\n\n\n\n<div class=\"wp-block-cb-slide\">\n<div class=\"wmu-block block-image-video\"><figure class=\"block-inner wmu-media VS VM VL VXL\"><div class=\"wmu-media-object-wrapper\"><img loading=\"lazy\" decoding=\"async\" class=\"wmu-media-object wp-image-1003 size-large\" src=\"www.saintsouppletsgymnastique.com\/app\/uploads\/2024\/07\/IMG_4802.jpg?_t=1721744934\" alt=\"\" width=\"1170\" height=\"727\" srcset=\"https:\/\/saintsouppletsgymnastique.com\/wp-content\/uploads\/2024\/07\/IMG_4802.jpg 1170w, https:\/\/saintsouppletsgymnastique.com\/wp-content\/uploads\/2024\/07\/IMG_4802-300x186.jpg 300w, https:\/\/saintsouppletsgymnastique.com\/wp-content\/uploads\/2024\/07\/IMG_4802-1024x636.jpg 1024w, https:\/\/saintsouppletsgymnastique.com\/wp-content\/uploads\/2024\/07\/IMG_4802-768x477.jpg 768w\" sizes=\"auto, (max-width: 1170px) 100vw, 1170px\" \/><\/div><\/figure><\/div>\n<\/div>\n\n\n\n<div class=\"wp-block-cb-slide\">\n<div class=\"wmu-block block-image-video\"><figure class=\"block-inner wmu-media VS VM VL VXL\"><div class=\"wmu-media-object-wrapper\"><img loading=\"lazy\" decoding=\"async\" class=\"wmu-media-object wp-image-1004 size-large\" src=\"www.saintsouppletsgymnastique.com\/app\/uploads\/2024\/07\/IMG_4803.jpg?_t=1721744947\" alt=\"\" width=\"1170\" height=\"715\" srcset=\"https:\/\/saintsouppletsgymnastique.com\/wp-content\/uploads\/2024\/07\/IMG_4803.jpg 1170w, https:\/\/saintsouppletsgymnastique.com\/wp-content\/uploads\/2024\/07\/IMG_4803-300x183.jpg 300w, https:\/\/saintsouppletsgymnastique.com\/wp-content\/uploads\/2024\/07\/IMG_4803-1024x626.jpg 1024w, https:\/\/saintsouppletsgymnastique.com\/wp-content\/uploads\/2024\/07\/IMG_4803-768x469.jpg 768w\" sizes=\"auto, (max-width: 1170px) 100vw, 1170px\" \/><\/div><\/figure><\/div>\n<\/div>\n\n\n\n<div class=\"wp-block-cb-slide\">\n<div class=\"wmu-block block-image-video\"><figure class=\"block-inner wmu-media VS VM VL VXL\"><div class=\"wmu-media-object-wrapper\"><img loading=\"lazy\" decoding=\"async\" class=\"wmu-media-object wp-image-1006 size-large\" src=\"www.saintsouppletsgymnastique.com\/app\/uploads\/2024\/07\/IMG_4805.jpg?_t=1721744961\" alt=\"\" width=\"1170\" height=\"853\" srcset=\"https:\/\/saintsouppletsgymnastique.com\/wp-content\/uploads\/2024\/07\/IMG_4805.jpg 1170w, https:\/\/saintsouppletsgymnastique.com\/wp-content\/uploads\/2024\/07\/IMG_4805-300x219.jpg 300w, https:\/\/saintsouppletsgymnastique.com\/wp-content\/uploads\/2024\/07\/IMG_4805-1024x747.jpg 1024w, https:\/\/saintsouppletsgymnastique.com\/wp-content\/uploads\/2024\/07\/IMG_4805-768x560.jpg 768w\" sizes=\"auto, (max-width: 1170px) 100vw, 1170px\" \/><\/div><\/figure><\/div>\n<\/div>\n\n\n\n<div class=\"wp-block-cb-slide\">\n<div class=\"wmu-block block-image-video\"><figure class=\"block-inner wmu-media VS VM VL VXL\"><div class=\"wmu-media-object-wrapper\"><img loading=\"lazy\" decoding=\"async\" class=\"wmu-media-object wp-image-1007 size-large\" src=\"www.saintsouppletsgymnastique.com\/app\/uploads\/2024\/07\/IMG_4806.jpg?_t=1721744970\" alt=\"\" width=\"1170\" height=\"857\" srcset=\"https:\/\/saintsouppletsgymnastique.com\/wp-content\/uploads\/2024\/07\/IMG_4806.jpg 1170w, https:\/\/saintsouppletsgymnastique.com\/wp-content\/uploads\/2024\/07\/IMG_4806-300x220.jpg 300w, https:\/\/saintsouppletsgymnastique.com\/wp-content\/uploads\/2024\/07\/IMG_4806-1024x750.jpg 1024w, https:\/\/saintsouppletsgymnastique.com\/wp-content\/uploads\/2024\/07\/IMG_4806-768x563.jpg 768w\" sizes=\"auto, (max-width: 1170px) 100vw, 1170px\" \/><\/div><\/figure><\/div>\n<\/div>\n\n\n\n<div class=\"wp-block-cb-slide\">\n<div class=\"wmu-block block-image-video\"><figure class=\"block-inner wmu-media VS VM VL VXL\"><div class=\"wmu-media-object-wrapper\"><img loading=\"lazy\" decoding=\"async\" class=\"wmu-media-object wp-image-1008 size-large\" src=\"www.saintsouppletsgymnastique.com\/app\/uploads\/2024\/07\/IMG_4807.jpg?_t=1721744980\" alt=\"\" width=\"1170\" height=\"873\" srcset=\"https:\/\/saintsouppletsgymnastique.com\/wp-content\/uploads\/2024\/07\/IMG_4807.jpg 1170w, https:\/\/saintsouppletsgymnastique.com\/wp-content\/uploads\/2024\/07\/IMG_4807-300x224.jpg 300w, https:\/\/saintsouppletsgymnastique.com\/wp-content\/uploads\/2024\/07\/IMG_4807-1024x764.jpg 1024w, https:\/\/saintsouppletsgymnastique.com\/wp-content\/uploads\/2024\/07\/IMG_4807-768x573.jpg 768w\" sizes=\"auto, (max-width: 1170px) 100vw, 1170px\" \/><\/div><\/figure><\/div>\n<\/div>\n\n\n\n<div class=\"wp-block-cb-slide\">\n<div class=\"wmu-block block-image-video\"><figure class=\"block-inner wmu-media VS VM VL VXL\"><div class=\"wmu-media-object-wrapper\"><img loading=\"lazy\" decoding=\"async\" class=\"wmu-media-object wp-image-1009 size-large\" src=\"www.saintsouppletsgymnastique.com\/app\/uploads\/2024\/07\/IMG_4808.jpg?_t=1721744992\" alt=\"\" width=\"1170\" height=\"697\" srcset=\"https:\/\/saintsouppletsgymnastique.com\/wp-content\/uploads\/2024\/07\/IMG_4808.jpg 1170w, https:\/\/saintsouppletsgymnastique.com\/wp-content\/uploads\/2024\/07\/IMG_4808-300x179.jpg 300w, https:\/\/saintsouppletsgymnastique.com\/wp-content\/uploads\/2024\/07\/IMG_4808-1024x610.jpg 1024w, https:\/\/saintsouppletsgymnastique.com\/wp-content\/uploads\/2024\/07\/IMG_4808-768x458.jpg 768w\" sizes=\"auto, (max-width: 1170px) 100vw, 1170px\" \/><\/div><\/figure><\/div>\n<\/div>\n\n\n\n<div class=\"wp-block-cb-slide\">\n<div class=\"wmu-block block-image-video\"><figure class=\"block-inner wmu-media VS VM VL VXL\"><div class=\"wmu-media-object-wrapper\"><img loading=\"lazy\" decoding=\"async\" class=\"wmu-media-object wp-image-1011 size-large\" src=\"www.saintsouppletsgymnastique.com\/app\/uploads\/2024\/07\/IMG_4810.jpg?_t=1721745002\" alt=\"\" width=\"1170\" height=\"947\" srcset=\"https:\/\/saintsouppletsgymnastique.com\/wp-content\/uploads\/2024\/07\/IMG_4810.jpg 1170w, https:\/\/saintsouppletsgymnastique.com\/wp-content\/uploads\/2024\/07\/IMG_4810-300x243.jpg 300w, https:\/\/saintsouppletsgymnastique.com\/wp-content\/uploads\/2024\/07\/IMG_4810-1024x829.jpg 1024w, https:\/\/saintsouppletsgymnastique.com\/wp-content\/uploads\/2024\/07\/IMG_4810-768x622.jpg 768w\" sizes=\"auto, (max-width: 1170px) 100vw, 1170px\" \/><\/div><\/figure><\/div>\n<\/div>\n\n\n\n<div class=\"wp-block-cb-slide\">\n<div class=\"wmu-block block-image-video\"><figure class=\"block-inner wmu-media VS VM VL VXL\"><div class=\"wmu-media-object-wrapper\"><img loading=\"lazy\" decoding=\"async\" class=\"wmu-media-object wp-image-1012 size-large\" src=\"www.saintsouppletsgymnastique.com\/app\/uploads\/2024\/07\/IMG_4811.jpg?_t=1721745016\" alt=\"\" width=\"1170\" height=\"929\" srcset=\"https:\/\/saintsouppletsgymnastique.com\/wp-content\/uploads\/2024\/07\/IMG_4811.jpg 1170w, https:\/\/saintsouppletsgymnastique.com\/wp-content\/uploads\/2024\/07\/IMG_4811-300x238.jpg 300w, https:\/\/saintsouppletsgymnastique.com\/wp-content\/uploads\/2024\/07\/IMG_4811-1024x813.jpg 1024w, https:\/\/saintsouppletsgymnastique.com\/wp-content\/uploads\/2024\/07\/IMG_4811-768x610.jpg 768w\" sizes=\"auto, (max-width: 1170px) 100vw, 1170px\" \/><\/div><\/figure><\/div>\n<\/div>\n\n\n\n<div class=\"wp-block-cb-slide\">\n<div class=\"wmu-block block-image-video\"><figure class=\"block-inner wmu-media VS VM VL VXL\"><div class=\"wmu-media-object-wrapper\"><img loading=\"lazy\" decoding=\"async\" class=\"wmu-media-object wp-image-1019 size-large\" src=\"www.saintsouppletsgymnastique.com\/app\/uploads\/2024\/07\/IMG_4818.jpg?_t=1721745031\" alt=\"\" width=\"1170\" height=\"1030\" srcset=\"https:\/\/saintsouppletsgymnastique.com\/wp-content\/uploads\/2024\/07\/IMG_4818.jpg 1170w, https:\/\/saintsouppletsgymnastique.com\/wp-content\/uploads\/2024\/07\/IMG_4818-300x264.jpg 300w, https:\/\/saintsouppletsgymnastique.com\/wp-content\/uploads\/2024\/07\/IMG_4818-1024x901.jpg 1024w, https:\/\/saintsouppletsgymnastique.com\/wp-content\/uploads\/2024\/07\/IMG_4818-768x676.jpg 768w\" sizes=\"auto, (max-width: 1170px) 100vw, 1170px\" \/><\/div><\/figure><\/div>\n<\/div>\n\n\n\n<div class=\"wp-block-cb-slide\">\n<div class=\"wmu-block block-image-video\"><figure class=\"block-inner wmu-media VS VM VL VXL\"><div class=\"wmu-media-object-wrapper\"><img loading=\"lazy\" decoding=\"async\" class=\"wmu-media-object wp-image-1018 size-large\" src=\"www.saintsouppletsgymnastique.com\/app\/uploads\/2024\/07\/IMG_4817.jpg?_t=1721745040\" alt=\"\" width=\"1170\" height=\"913\" srcset=\"https:\/\/saintsouppletsgymnastique.com\/wp-content\/uploads\/2024\/07\/IMG_4817.jpg 1170w, https:\/\/saintsouppletsgymnastique.com\/wp-content\/uploads\/2024\/07\/IMG_4817-300x234.jpg 300w, https:\/\/saintsouppletsgymnastique.com\/wp-content\/uploads\/2024\/07\/IMG_4817-1024x799.jpg 1024w, https:\/\/saintsouppletsgymnastique.com\/wp-content\/uploads\/2024\/07\/IMG_4817-768x599.jpg 768w\" sizes=\"auto, (max-width: 1170px) 100vw, 1170px\" \/><\/div><\/figure><\/div>\n<\/div>\n<\/div>\n\n\n\n<p class=\"has-ast-global-color-1-color has-text-color has-link-color has-medium-font-size wp-elements-b86039255dc85d8b970ea5a09e05dd14\" vs-text-transform=\"uc\" vm-text-transform=\"uc\" vl-text-transform=\"uc\" vxl-text-transform=\"uc\"><strong>\ud83c\udfc6 Troph\u00e9e r\u00e9gional 2<\/strong><\/p>\n\n\n\n<div class=\"wmu-block block-image-video\"><figure class=\"block-inner wmu-media VS VM VL VXL\"><div class=\"wmu-media-object-wrapper\"><img loading=\"lazy\" decoding=\"async\" class=\"wmu-media-object wp-image-1028 size-large\" src=\"www.saintsouppletsgymnastique.com\/app\/uploads\/2024\/07\/Capture-decran-2024-07-23-a-16.39.11.png?_t=1721745612\" alt=\"\" width=\"998\" height=\"363\" srcset=\"https:\/\/saintsouppletsgymnastique.com\/wp-content\/uploads\/2024\/07\/Capture-decran-2024-07-23-a-16.39.11.png 998w, https:\/\/saintsouppletsgymnastique.com\/wp-content\/uploads\/2024\/07\/Capture-decran-2024-07-23-a-16.39.11-300x109.png 300w, https:\/\/saintsouppletsgymnastique.com\/wp-content\/uploads\/2024\/07\/Capture-decran-2024-07-23-a-16.39.11-768x279.png 768w\" sizes=\"auto, (max-width: 998px) 100vw, 998px\" \/><\/div><\/figure><\/div>\n\n\n\n<p class=\"has-ast-global-color-1-color has-text-color has-link-color has-medium-font-size wp-elements-315c6c6fd84367bcda92ad62f97afdc8\" vs-text-transform=\"uc\" vm-text-transform=\"uc\" vl-text-transform=\"uc\" vxl-text-transform=\"uc\"><strong>\ud83c\udfc6 Individuelles<\/strong><\/p>\n\n\n\n<div class=\"wmu-block block-image-video\"><figure class=\"block-inner wmu-media VS VM VL VXL\"><div class=\"wmu-media-object-wrapper\"><img loading=\"lazy\" decoding=\"async\" class=\"wmu-media-object wp-image-1026 size-large\" src=\"www.saintsouppletsgymnastique.com\/app\/uploads\/2024\/07\/Capture-decran-2024-07-23-a-16.32.01.png?_t=1721745179\" alt=\"\" width=\"1114\" height=\"360\" srcset=\"https:\/\/saintsouppletsgymnastique.com\/wp-content\/uploads\/2024\/07\/Capture-decran-2024-07-23-a-16.32.01.png 1114w, https:\/\/saintsouppletsgymnastique.com\/wp-content\/uploads\/2024\/07\/Capture-decran-2024-07-23-a-16.32.01-300x97.png 300w, https:\/\/saintsouppletsgymnastique.com\/wp-content\/uploads\/2024\/07\/Capture-decran-2024-07-23-a-16.32.01-1024x331.png 1024w, https:\/\/saintsouppletsgymnastique.com\/wp-content\/uploads\/2024\/07\/Capture-decran-2024-07-23-a-16.32.01-768x248.png 768w\" sizes=\"auto, (max-width: 1114px) 100vw, 1114px\" \/><\/div><\/figure><\/div>\n\n\n\n<div class=\"wp-block-cb-carousel\" data-slick=\"{&quot;slidesToShow&quot;:3,&quot;slidesToScroll&quot;:1,&quot;speed&quot;:300,&quot;arrows&quot;:true,&quot;dots&quot;:true,&quot;autoplay&quot;:false,&quot;autoplaySpeed&quot;:3000,&quot;infinite&quot;:false,&quot;responsive&quot;:[{&quot;breakpoint&quot;:769,&quot;settings&quot;:{&quot;slidesToShow&quot;:1,&quot;slidesToScroll&quot;:1}}]}\">\n<div class=\"wp-block-cb-slide\">\n<div class=\"wmu-block block-image-video\"><figure class=\"block-inner wmu-media VS VM VL VXL\"><div class=\"wmu-media-object-wrapper\"><img loading=\"lazy\" decoding=\"async\" class=\"wmu-media-object wp-image-1017 size-large\" src=\"www.saintsouppletsgymnastique.com\/app\/uploads\/2024\/07\/IMG_4816.jpg?_t=1721745201\" alt=\"\" width=\"1170\" height=\"1319\" srcset=\"https:\/\/saintsouppletsgymnastique.com\/wp-content\/uploads\/2024\/07\/IMG_4816.jpg 1170w, https:\/\/saintsouppletsgymnastique.com\/wp-content\/uploads\/2024\/07\/IMG_4816-266x300.jpg 266w, https:\/\/saintsouppletsgymnastique.com\/wp-content\/uploads\/2024\/07\/IMG_4816-908x1024.jpg 908w, https:\/\/saintsouppletsgymnastique.com\/wp-content\/uploads\/2024\/07\/IMG_4816-768x866.jpg 768w\" sizes=\"auto, (max-width: 1170px) 100vw, 1170px\" \/><\/div><\/figure><\/div>\n<\/div>\n\n\n\n<div class=\"wp-block-cb-slide\">\n<div class=\"wmu-block block-image-video\"><figure class=\"block-inner wmu-media VS VM VL VXL\"><div class=\"wmu-media-object-wrapper\"><img loading=\"lazy\" decoding=\"async\" class=\"wmu-media-object wp-image-1015 size-large\" src=\"www.saintsouppletsgymnastique.com\/app\/uploads\/2024\/07\/IMG_4814.jpg?_t=1721745194\" alt=\"\" width=\"1170\" height=\"1319\" srcset=\"https:\/\/saintsouppletsgymnastique.com\/wp-content\/uploads\/2024\/07\/IMG_4814.jpg 1170w, https:\/\/saintsouppletsgymnastique.com\/wp-content\/uploads\/2024\/07\/IMG_4814-266x300.jpg 266w, https:\/\/saintsouppletsgymnastique.com\/wp-content\/uploads\/2024\/07\/IMG_4814-908x1024.jpg 908w, https:\/\/saintsouppletsgymnastique.com\/wp-content\/uploads\/2024\/07\/IMG_4814-768x866.jpg 768w\" sizes=\"auto, (max-width: 1170px) 100vw, 1170px\" \/><\/div><\/figure><\/div>\n<\/div>\n<\/div>\n","protected":false},"excerpt":{"rendered":"<p>\ud83c\udfc6 Performance R\u00e9gionale 10 ans et + : Lilou, Flavie, Marion et M\u00e9line : Finale r\u00e9gionale B : 1e \ud83c\udfc5 [&hellip;]<\/p>\n","protected":false},"author":3,"featured_media":0,"parent":0,"menu_order":0,"comment_status":"closed","ping_status":"closed","template":"","meta":{"site-sidebar-layout":"default","site-content-layout":"","ast-site-content-layout":"default","site-content-style":"default","site-sidebar-style":"default","ast-global-header-display":"","ast-banner-title-visibility":"","ast-main-header-display":"","ast-hfb-above-header-display":"","ast-hfb-below-header-display":"","ast-hfb-mobile-header-display":"","site-post-title":"","ast-breadcrumbs-content":"","ast-featured-img":"","footer-sml-layout":"","theme-transparent-header-meta":"","adv-header-id-meta":"","stick-header-meta":"","header-above-stick-meta":"","header-main-stick-meta":"","header-below-stick-meta":"","astra-migrate-meta-layouts":"default","ast-page-background-enabled":"default","ast-page-background-meta":{"desktop":{"background-color":"var(--ast-global-color-5)","background-image":"","background-repeat":"repeat","background-position":"center center","background-size":"auto","background-attachment":"scroll","background-type":"","background-media":"","overlay-type":"","overlay-color":"","overlay-opacity":"","overlay-gradient":""},"tablet":{"background-color":"","background-image":"","background-repeat":"repeat","background-position":"center center","background-size":"auto","background-attachment":"scroll","background-type":"","background-media":"","overlay-type":"","overlay-color":"","overlay-opacity":"","overlay-gradient":""},"mobile":{"background-color":"","background-image":"","background-repeat":"repeat","background-position":"center center","background-size":"auto","background-attachment":"scroll","background-type":"","background-media":"","overlay-type":"","overlay-color":"","overlay-opacity":"","overlay-gradient":""}},"ast-content-background-meta":{"desktop":{"background-color":"var(--ast-global-color-4)","background-image":"","background-repeat":"repeat","background-position":"center center","background-size":"auto","background-attachment":"scroll","background-type":"","background-media":"","overlay-type":"","overlay-color":"","overlay-opacity":"","overlay-gradient":""},"tablet":{"background-color":"var(--ast-global-color-4)","background-image":"","background-repeat":"repeat","background-position":"center center","background-size":"auto","background-attachment":"scroll","background-type":"","background-media":"","overlay-type":"","overlay-color":"","overlay-opacity":"","overlay-gradient":""},"mobile":{"background-color":"var(--ast-global-color-4)","background-image":"","background-repeat":"repeat","background-position":"center center","background-size":"auto","background-attachment":"scroll","background-type":"","background-media":"","overlay-type":"","overlay-color":"","overlay-opacity":"","overlay-gradient":""}},"footnotes":""},"class_list":["post-996","page","type-page","status-publish","hentry"],"_links":{"self":[{"href":"https:\/\/saintsouppletsgymnastique.com\/index.php\/wp-json\/wp\/v2\/pages\/996","targetHints":{"allow":["GET"]}}],"collection":[{"href":"https:\/\/saintsouppletsgymnastique.com\/index.php\/wp-json\/wp\/v2\/pages"}],"about":[{"href":"https:\/\/saintsouppletsgymnastique.com\/index.php\/wp-json\/wp\/v2\/types\/page"}],"author":[{"embeddable":true,"href":"https:\/\/saintsouppletsgymnastique.com\/index.php\/wp-json\/wp\/v2\/users\/3"}],"replies":[{"embeddable":true,"href":"https:\/\/saintsouppletsgymnastique.com\/index.php\/wp-json\/wp\/v2\/comments?post=996"}],"version-history":[{"count":0,"href":"https:\/\/saintsouppletsgymnastique.com\/index.php\/wp-json\/wp\/v2\/pages\/996\/revisions"}],"wp:attachment":[{"href":"https:\/\/saintsouppletsgymnastique.com\/index.php\/wp-json\/wp\/v2\/media?parent=996"}],"curies":[{"name":"wp","href":"https:\/\/api.w.org\/{rel}","templated":true}]}}