{"id":712,"date":"2024-07-21T15:37:25","date_gmt":"2024-07-21T13:37:25","guid":{"rendered":"http:\/\/gym.skwatt.com\/?page_id=712"},"modified":"2025-06-28T12:49:05","modified_gmt":"2025-06-28T12:49:05","slug":"comptes-rendus-reunions","status":"publish","type":"page","link":"https:\/\/saintsouppletsgymnastique.com\/index.php\/comptes-rendus-reunions\/","title":{"rendered":"Label qualiclub"},"content":{"rendered":"\n<div class=\"wp-block-media-text is-stacked-on-mobile\" style=\"grid-template-columns:16% auto\"><figure class=\"wp-block-media-text__media\"><img loading=\"lazy\" decoding=\"async\" width=\"200\" height=\"158\" src=\"https:\/\/saintsouppletsgymnastique.com\/wp-content\/uploads\/2025\/05\/1566400864-Logo-ClubAffilie-BRONZE-3.jpg\" alt=\"\" class=\"wp-image-1505 size-full\"\/><\/figure><div class=\"wp-block-media-text__content\">\n<p><p vs-style=\"color:#b00000;\" vm-style=\"color:#b00000;\" vl-style=\"color:#b00000;\" vxl-style=\"color:#b00000;\"><strong>Le club est affili\u00e9 \u00e0 la F\u00e9d\u00e9ration Fran\u00e7aise de Gymnastique et a re\u00e7u, en 2023, le label Qualiclub bronze.<\/strong><\/p><\/p>\n<\/div><\/div>\n\n\n\n<p><strong>Cette reconnaissance est bas\u00e9e sur 4 engagements et est accord\u00e9 aux clubs affili\u00e9s et structur\u00e9s autour de :<\/strong><\/p>\n\n\n\n<p>&#8211; l&rsquo;appartenance \u00e0 la FFGym<\/p>\n\n\n\n<p>&#8211; la vitalit\u00e9 associative<\/p>\n\n\n\n<p>&#8211; l&rsquo;acc\u00e8s aux pratiques gymniques<\/p>\n\n\n\n<p>&#8211; le rayonnement et l&rsquo;accompagnement<\/p>\n\n\n\n<p><\/p>\n\n\n\n<p><strong>Un Club Affili\u00e9 Bronze, c\u2019est un club qui :<\/strong><\/p>\n\n\n\n<p>\u2022 Diffuse et respecte les valeurs et chartes de la FFGym&nbsp;<\/p>\n\n\n\n<p>\u2022 D\u00e9veloppe au moins une activit\u00e9 de loisir&nbsp;<\/p>\n\n\n\n<p>\u2022 Forme ses juges, encadrants, cadres&nbsp;<\/p>\n\n\n\n<p>\u2022 S\u2019ins\u00e8re dans la vie associative locale&nbsp;<\/p>\n\n\n\n<p>\u2022 Dispose d\u2019un lieu de pratique adapt\u00e9 et s\u00e9curis\u00e9&nbsp;&nbsp;<\/p>\n\n\n\n<p><p vs-style=\"color:#c91435;\" vm-style=\"color:#c91435;\" vl-style=\"color:#c91435;\" vxl-style=\"color:#c91435;\"><strong>Nos valeurs : RESPECT \/ RESPONSABILIT\u00c9&nbsp;\/ ENGAGEMENT \/ EXCELLENCE \/ SOLIDARIT\u00c9&nbsp;\/ PLAISIR<\/strong><\/p><\/p>\n\n\n\n<p><strong>Nous avons pour ambition de travailler pour demander la reconnaissance Argent de la FFGym&#8230; affaire \u00e0 suivre!<\/strong><\/p>\n","protected":false},"excerpt":{"rendered":"<p>Le club est affili\u00e9 \u00e0 la F\u00e9d\u00e9ration Fran\u00e7aise de Gymnastique et a re\u00e7u, en 2023, le label Qualiclub bronze. Cette [&hellip;]<\/p>\n","protected":false},"author":3,"featured_media":0,"parent":0,"menu_order":0,"comment_status":"closed","ping_status":"closed","template":"","meta":{"site-sidebar-layout":"default","site-content-layout":"","ast-site-content-layout":"default","site-content-style":"default","site-sidebar-style":"default","ast-global-header-display":"","ast-banner-title-visibility":"","ast-main-header-display":"","ast-hfb-above-header-display":"","ast-hfb-below-header-display":"","ast-hfb-mobile-header-display":"","site-post-title":"disabled","ast-breadcrumbs-content":"","ast-featured-img":"","footer-sml-layout":"","theme-transparent-header-meta":"","adv-header-id-meta":"","stick-header-meta":"","header-above-stick-meta":"","header-main-stick-meta":"","header-below-stick-meta":"","astra-migrate-meta-layouts":"default","ast-page-background-enabled":"default","ast-page-background-meta":{"desktop":{"background-color":"var(--ast-global-color-5)","background-image":"","background-repeat":"repeat","background-position":"center center","background-size":"auto","background-attachment":"scroll","background-type":"","background-media":"","overlay-type":"","overlay-color":"","overlay-opacity":"","overlay-gradient":""},"tablet":{"background-color":"","background-image":"","background-repeat":"repeat","background-position":"center center","background-size":"auto","background-attachment":"scroll","background-type":"","background-media":"","overlay-type":"","overlay-color":"","overlay-opacity":"","overlay-gradient":""},"mobile":{"background-color":"","background-image":"","background-repeat":"repeat","background-position":"center center","background-size":"auto","background-attachment":"scroll","background-type":"","background-media":"","overlay-type":"","overlay-color":"","overlay-opacity":"","overlay-gradient":""}},"ast-content-background-meta":{"desktop":{"background-color":"var(--ast-global-color-4)","background-image":"","background-repeat":"repeat","background-position":"center center","background-size":"auto","background-attachment":"scroll","background-type":"","background-media":"","overlay-type":"","overlay-color":"","overlay-opacity":"","overlay-gradient":""},"tablet":{"background-color":"var(--ast-global-color-4)","background-image":"","background-repeat":"repeat","background-position":"center center","background-size":"auto","background-attachment":"scroll","background-type":"","background-media":"","overlay-type":"","overlay-color":"","overlay-opacity":"","overlay-gradient":""},"mobile":{"background-color":"var(--ast-global-color-4)","background-image":"","background-repeat":"repeat","background-position":"center center","background-size":"auto","background-attachment":"scroll","background-type":"","background-media":"","overlay-type":"","overlay-color":"","overlay-opacity":"","overlay-gradient":""}},"footnotes":""},"class_list":["post-712","page","type-page","status-publish","hentry"],"_links":{"self":[{"href":"https:\/\/saintsouppletsgymnastique.com\/index.php\/wp-json\/wp\/v2\/pages\/712","targetHints":{"allow":["GET"]}}],"collection":[{"href":"https:\/\/saintsouppletsgymnastique.com\/index.php\/wp-json\/wp\/v2\/pages"}],"about":[{"href":"https:\/\/saintsouppletsgymnastique.com\/index.php\/wp-json\/wp\/v2\/types\/page"}],"author":[{"embeddable":true,"href":"https:\/\/saintsouppletsgymnastique.com\/index.php\/wp-json\/wp\/v2\/users\/3"}],"replies":[{"embeddable":true,"href":"https:\/\/saintsouppletsgymnastique.com\/index.php\/wp-json\/wp\/v2\/comments?post=712"}],"version-history":[{"count":1,"href":"https:\/\/saintsouppletsgymnastique.com\/index.php\/wp-json\/wp\/v2\/pages\/712\/revisions"}],"predecessor-version":[{"id":1662,"href":"https:\/\/saintsouppletsgymnastique.com\/index.php\/wp-json\/wp\/v2\/pages\/712\/revisions\/1662"}],"wp:attachment":[{"href":"https:\/\/saintsouppletsgymnastique.com\/index.php\/wp-json\/wp\/v2\/media?parent=712"}],"curies":[{"name":"wp","href":"https:\/\/api.w.org\/{rel}","templated":true}]}}