{"id":708,"date":"2024-07-21T15:37:52","date_gmt":"2024-07-21T13:37:52","guid":{"rendered":"http:\/\/gym.skwatt.com\/?page_id=708"},"modified":"2025-06-28T12:29:20","modified_gmt":"2025-06-28T12:29:20","slug":"teamgym","status":"publish","type":"page","link":"https:\/\/saintsouppletsgymnastique.com\/index.php\/teamgym\/","title":{"rendered":"TeamGym"},"content":{"rendered":"\n<p><\/p>\n\n\n\n<p class=\"has-vivid-red-color has-text-color has-link-color has-medium-font-size wp-elements-998d189131869d7de4f08d8daf14e470\"><p class=\"has-vivid-red-color has-text-color has-link-color has-medium-font-size\" vs-text-transform=\"uc\" vm-text-transform=\"uc\" vl-text-transform=\"uc\" vxl-text-transform=\"uc\"><strong>La TeamGym<\/strong><\/p><\/p>\n\n\n\n<div class=\"wp-block-media-text is-stacked-on-mobile\" style=\"grid-template-columns:15% auto\"><figure class=\"wp-block-media-text__media\"><img loading=\"lazy\" decoding=\"async\" width=\"660\" height=\"606\" src=\"https:\/\/saintsouppletsgymnastique.com\/wp-content\/uploads\/2024\/07\/Capture-decran-2024-07-23-a-12.59.36.png\" alt=\"\" class=\"wp-image-947 size-full\" srcset=\"https:\/\/saintsouppletsgymnastique.com\/wp-content\/uploads\/2024\/07\/Capture-decran-2024-07-23-a-12.59.36.png 660w, https:\/\/saintsouppletsgymnastique.com\/wp-content\/uploads\/2024\/07\/Capture-decran-2024-07-23-a-12.59.36-300x275.png 300w\" sizes=\"auto, (max-width: 660px) 100vw, 660px\" \/><\/figure><div class=\"wp-block-media-text__content\">\n<p>La TeamGym permet aux gymnastes de d\u00e9velopper esprit d&rsquo;\u00e9quipe, polyvalence, sens de l&rsquo;acrobatie et synchronisation.<\/p>\n\n\n\n<p>La TeamGym se pratique en \u00e9quipe de 6 \u00e0 12 gymnastes sur 3 agr\u00e8s : le sol, le tumbling et le mini-trampoline. La combinaison de ces trois agr\u00e8s, qui sollicitent&nbsp;des qualit\u00e9s diff\u00e9rentes,&nbsp;font du TeamGym une discipline tr\u00e8s compl\u00e8te.<\/p>\n<\/div><\/div>\n\n\n\n<p><\/p>\n\n\n\n<div class=\"wp-block-media-text is-stacked-on-mobile\" style=\"grid-template-columns:35% auto\"><figure class=\"wp-block-media-text__media\"><img decoding=\"async\" src=\"www.saintsouppletsgymnastique.com\/app\/uploads\/2025\/05\/TeamGym_Seniors_18-2-1920x1279.jpg\" alt=\"\" class=\"wp-image-1531 size-full\"\/><\/figure><div class=\"wp-block-media-text__content\">\n<p><strong>LE SOL<\/strong>&nbsp;| Synchronisation&nbsp;et&nbsp;chor\u00e9graphie<br>Praticable non dynamique&nbsp;: 12 x 12 m<br>Mouvement chor\u00e9graphique d&rsquo;ensemble<\/p>\n<\/div><\/div>\n\n\n\n<div class=\"wp-block-media-text is-stacked-on-mobile\" style=\"grid-template-columns:35% auto\"><figure class=\"wp-block-media-text__media\"><img loading=\"lazy\" decoding=\"async\" width=\"1024\" height=\"683\" src=\"https:\/\/saintsouppletsgymnastique.com\/wp-content\/uploads\/2025\/05\/TeamGym_Juniors_15-1-scaled-1-1024x683.jpg\" alt=\"\" class=\"wp-image-1533 size-full\" srcset=\"https:\/\/saintsouppletsgymnastique.com\/wp-content\/uploads\/2025\/05\/TeamGym_Juniors_15-1-scaled-1-1024x683.jpg 1024w, https:\/\/saintsouppletsgymnastique.com\/wp-content\/uploads\/2025\/05\/TeamGym_Juniors_15-1-scaled-1-300x200.jpg 300w, https:\/\/saintsouppletsgymnastique.com\/wp-content\/uploads\/2025\/05\/TeamGym_Juniors_15-1-scaled-1-768x512.jpg 768w, https:\/\/saintsouppletsgymnastique.com\/wp-content\/uploads\/2025\/05\/TeamGym_Juniors_15-1-scaled-1-1536x1024.jpg 1536w, https:\/\/saintsouppletsgymnastique.com\/wp-content\/uploads\/2025\/05\/TeamGym_Juniors_15-1-scaled-1-2048x1366.jpg 2048w\" sizes=\"auto, (max-width: 1024px) 100vw, 1024px\" \/><\/figure><div class=\"wp-block-media-text__content\">\n<p><strong>LE MINI-TRAMPOLINE ET SAUT<\/strong>&nbsp;| Acrobatie et&nbsp;dynamisme<br>Table de saut: 1,35 m<br>Course d&rsquo;\u00e9lan&nbsp;:&nbsp;entre 22 et 25 m&nbsp;<br>3 passages de 6 gymnastes en cascade<\/p>\n\n\n\n<p><strong>LE TUMBLING<\/strong>&nbsp;|&nbsp;Acrobatie et puissance<br>Piste gonflable&nbsp;: 15 x 2 m&nbsp;<br>Aire de r\u00e9ception : 6 x 2,40 m&nbsp;<br>3 passages de 6 gymnastes en cascade<\/p>\n\n\n\n<p class=\"has-small-font-size\"><em>Source : F\u00e9d\u00e9ration Fran\u00e7aise de Gymnastique<\/em><\/p>\n<\/div><\/div>\n\n\n\n<p>Le club propose de la TeamGym en comp\u00e9tition.<\/p>\n","protected":false},"excerpt":{"rendered":"<p>La TeamGym La TeamGym permet aux gymnastes de d\u00e9velopper esprit d&rsquo;\u00e9quipe, polyvalence, sens de l&rsquo;acrobatie et synchronisation. La TeamGym se [&hellip;]<\/p>\n","protected":false},"author":3,"featured_media":0,"parent":0,"menu_order":0,"comment_status":"closed","ping_status":"closed","template":"","meta":{"site-sidebar-layout":"default","site-content-layout":"","ast-site-content-layout":"default","site-content-style":"default","site-sidebar-style":"default","ast-global-header-display":"","ast-banner-title-visibility":"","ast-main-header-display":"","ast-hfb-above-header-display":"","ast-hfb-below-header-display":"","ast-hfb-mobile-header-display":"","site-post-title":"disabled","ast-breadcrumbs-content":"","ast-featured-img":"","footer-sml-layout":"","theme-transparent-header-meta":"","adv-header-id-meta":"","stick-header-meta":"","header-above-stick-meta":"","header-main-stick-meta":"","header-below-stick-meta":"","astra-migrate-meta-layouts":"default","ast-page-background-enabled":"default","ast-page-background-meta":{"desktop":{"background-color":"var(--ast-global-color-5)","background-image":"","background-repeat":"repeat","background-position":"center center","background-size":"auto","background-attachment":"scroll","background-type":"","background-media":"","overlay-type":"","overlay-color":"","overlay-opacity":"","overlay-gradient":""},"tablet":{"background-color":"","background-image":"","background-repeat":"repeat","background-position":"center center","background-size":"auto","background-attachment":"scroll","background-type":"","background-media":"","overlay-type":"","overlay-color":"","overlay-opacity":"","overlay-gradient":""},"mobile":{"background-color":"","background-image":"","background-repeat":"repeat","background-position":"center center","background-size":"auto","background-attachment":"scroll","background-type":"","background-media":"","overlay-type":"","overlay-color":"","overlay-opacity":"","overlay-gradient":""}},"ast-content-background-meta":{"desktop":{"background-color":"var(--ast-global-color-4)","background-image":"","background-repeat":"repeat","background-position":"center center","background-size":"auto","background-attachment":"scroll","background-type":"","background-media":"","overlay-type":"","overlay-color":"","overlay-opacity":"","overlay-gradient":""},"tablet":{"background-color":"var(--ast-global-color-4)","background-image":"","background-repeat":"repeat","background-position":"center center","background-size":"auto","background-attachment":"scroll","background-type":"","background-media":"","overlay-type":"","overlay-color":"","overlay-opacity":"","overlay-gradient":""},"mobile":{"background-color":"var(--ast-global-color-4)","background-image":"","background-repeat":"repeat","background-position":"center center","background-size":"auto","background-attachment":"scroll","background-type":"","background-media":"","overlay-type":"","overlay-color":"","overlay-opacity":"","overlay-gradient":""}},"footnotes":""},"class_list":["post-708","page","type-page","status-publish","hentry"],"_links":{"self":[{"href":"https:\/\/saintsouppletsgymnastique.com\/index.php\/wp-json\/wp\/v2\/pages\/708","targetHints":{"allow":["GET"]}}],"collection":[{"href":"https:\/\/saintsouppletsgymnastique.com\/index.php\/wp-json\/wp\/v2\/pages"}],"about":[{"href":"https:\/\/saintsouppletsgymnastique.com\/index.php\/wp-json\/wp\/v2\/types\/page"}],"author":[{"embeddable":true,"href":"https:\/\/saintsouppletsgymnastique.com\/index.php\/wp-json\/wp\/v2\/users\/3"}],"replies":[{"embeddable":true,"href":"https:\/\/saintsouppletsgymnastique.com\/index.php\/wp-json\/wp\/v2\/comments?post=708"}],"version-history":[{"count":1,"href":"https:\/\/saintsouppletsgymnastique.com\/index.php\/wp-json\/wp\/v2\/pages\/708\/revisions"}],"predecessor-version":[{"id":1645,"href":"https:\/\/saintsouppletsgymnastique.com\/index.php\/wp-json\/wp\/v2\/pages\/708\/revisions\/1645"}],"wp:attachment":[{"href":"https:\/\/saintsouppletsgymnastique.com\/index.php\/wp-json\/wp\/v2\/media?parent=708"}],"curies":[{"name":"wp","href":"https:\/\/api.w.org\/{rel}","templated":true}]}}