{"id":707,"date":"2024-07-21T15:36:41","date_gmt":"2024-07-21T13:36:41","guid":{"rendered":"http:\/\/gym.skwatt.com\/?page_id=707"},"modified":"2025-06-28T12:34:07","modified_gmt":"2025-06-28T12:34:07","slug":"baby-gym","status":"publish","type":"page","link":"https:\/\/saintsouppletsgymnastique.com\/index.php\/baby-gym\/","title":{"rendered":"Baby gym"},"content":{"rendered":"\n<figure class=\"wp-block-image aligncenter size-large is-resized\"><img loading=\"lazy\" decoding=\"async\" width=\"1024\" height=\"251\" src=\"https:\/\/saintsouppletsgymnastique.com\/wp-content\/uploads\/2024\/07\/Capture-decran-2022-09-09-a-14_13_06-1024x251.webp\" alt=\"\" class=\"wp-image-943\" style=\"width:729px;height:auto\" srcset=\"https:\/\/saintsouppletsgymnastique.com\/wp-content\/uploads\/2024\/07\/Capture-decran-2022-09-09-a-14_13_06-1024x251.webp 1024w, https:\/\/saintsouppletsgymnastique.com\/wp-content\/uploads\/2024\/07\/Capture-decran-2022-09-09-a-14_13_06-300x74.webp 300w, https:\/\/saintsouppletsgymnastique.com\/wp-content\/uploads\/2024\/07\/Capture-decran-2022-09-09-a-14_13_06-768x188.webp 768w, https:\/\/saintsouppletsgymnastique.com\/wp-content\/uploads\/2024\/07\/Capture-decran-2022-09-09-a-14_13_06.webp 1200w\" sizes=\"auto, (max-width: 1024px) 100vw, 1024px\" \/><\/figure>\n\n\n\n<h2 class=\"wp-block-heading has-ast-global-color-1-color has-text-color has-link-color wp-elements-95a83d863799b7f4c17340b4b08baa8b\">La baby gym<\/h2>\n\n\n\n<p>Pour&nbsp;<strong>jouer,&nbsp;<\/strong><strong>grimper,<\/strong>&nbsp;<strong>rouler<\/strong>,&nbsp;<strong>s\u2019amuser<\/strong>&nbsp;\u2026 de 3 \u00e0 6 ans.<\/p>\n\n\n\n<div class=\"wp-block-media-text is-stacked-on-mobile\" style=\"grid-template-columns:29% auto\"><figure class=\"wp-block-media-text__media\"><img loading=\"lazy\" decoding=\"async\" width=\"1431\" height=\"1676\" src=\"www.saintsouppletsgymnastique.com\/app\/uploads\/2025\/05\/IMG_1504-1-1.jpeg\" alt=\"\" class=\"wp-image-1552 size-full\" srcset=\"https:\/\/saintsouppletsgymnastique.com\/wp-content\/uploads\/2025\/05\/IMG_1504-1-1.jpeg 1431w, https:\/\/saintsouppletsgymnastique.com\/wp-content\/uploads\/2025\/05\/IMG_1504-1-1-256x300.jpeg 256w, https:\/\/saintsouppletsgymnastique.com\/wp-content\/uploads\/2025\/05\/IMG_1504-1-1-874x1024.jpeg 874w, https:\/\/saintsouppletsgymnastique.com\/wp-content\/uploads\/2025\/05\/IMG_1504-1-1-768x899.jpeg 768w, https:\/\/saintsouppletsgymnastique.com\/wp-content\/uploads\/2025\/05\/IMG_1504-1-1-1311x1536.jpeg 1311w\" sizes=\"auto, (max-width: 1431px) 100vw, 1431px\" \/><\/figure><div class=\"wp-block-media-text__content\">\n<p>Le gymnase est une structure am\u00e9nag\u00e9e qui peut devenir un magnifique terrain de jeu s\u00e9curis\u00e9. Un lieu parfaitement adapt\u00e9 au d\u00e9veloppement psychomoteur de l&rsquo;enfant! Parce l&rsquo;enfant a besoin de bouger, les activit\u00e9s de la Baby Gym ont \u00e9t\u00e9 pens\u00e9es en fonction de son comportement : marcher, sauter, rouler, se balancer, jouer, imiter, imaginer, explorer deviennent des projets auxquels les clubs de la FFGym donnent forme.<\/p>\n\n\n\n<p class=\"has-small-font-size\"><p class=\"has-small-font-size\" vs-font-size=\"small\" vm-font-size=\"small\" vl-font-size=\"small\" vxl-font-size=\"small\"><em>Source : F\u00e9d\u00e9ration Fran\u00e7aise de Gymnastique<\/em><\/p><\/p>\n<\/div><\/div>\n","protected":false},"excerpt":{"rendered":"<p>La baby gym Pour&nbsp;jouer,&nbsp;grimper,&nbsp;rouler,&nbsp;s\u2019amuser&nbsp;\u2026 de 3 \u00e0 6 ans. Le gymnase est une structure am\u00e9nag\u00e9e qui peut devenir un magnifique [&hellip;]<\/p>\n","protected":false},"author":3,"featured_media":0,"parent":0,"menu_order":0,"comment_status":"closed","ping_status":"closed","template":"","meta":{"site-sidebar-layout":"default","site-content-layout":"","ast-site-content-layout":"default","site-content-style":"default","site-sidebar-style":"default","ast-global-header-display":"","ast-banner-title-visibility":"","ast-main-header-display":"","ast-hfb-above-header-display":"","ast-hfb-below-header-display":"","ast-hfb-mobile-header-display":"","site-post-title":"disabled","ast-breadcrumbs-content":"","ast-featured-img":"","footer-sml-layout":"","theme-transparent-header-meta":"","adv-header-id-meta":"","stick-header-meta":"","header-above-stick-meta":"","header-main-stick-meta":"","header-below-stick-meta":"","astra-migrate-meta-layouts":"default","ast-page-background-enabled":"default","ast-page-background-meta":{"desktop":{"background-color":"var(--ast-global-color-5)","background-image":"","background-repeat":"repeat","background-position":"center center","background-size":"auto","background-attachment":"scroll","background-type":"","background-media":"","overlay-type":"","overlay-color":"","overlay-opacity":"","overlay-gradient":""},"tablet":{"background-color":"","background-image":"","background-repeat":"repeat","background-position":"center center","background-size":"auto","background-attachment":"scroll","background-type":"","background-media":"","overlay-type":"","overlay-color":"","overlay-opacity":"","overlay-gradient":""},"mobile":{"background-color":"","background-image":"","background-repeat":"repeat","background-position":"center center","background-size":"auto","background-attachment":"scroll","background-type":"","background-media":"","overlay-type":"","overlay-color":"","overlay-opacity":"","overlay-gradient":""}},"ast-content-background-meta":{"desktop":{"background-color":"var(--ast-global-color-4)","background-image":"","background-repeat":"repeat","background-position":"center center","background-size":"auto","background-attachment":"scroll","background-type":"","background-media":"","overlay-type":"","overlay-color":"","overlay-opacity":"","overlay-gradient":""},"tablet":{"background-color":"var(--ast-global-color-4)","background-image":"","background-repeat":"repeat","background-position":"center center","background-size":"auto","background-attachment":"scroll","background-type":"","background-media":"","overlay-type":"","overlay-color":"","overlay-opacity":"","overlay-gradient":""},"mobile":{"background-color":"var(--ast-global-color-4)","background-image":"","background-repeat":"repeat","background-position":"center center","background-size":"auto","background-attachment":"scroll","background-type":"","background-media":"","overlay-type":"","overlay-color":"","overlay-opacity":"","overlay-gradient":""}},"footnotes":""},"class_list":["post-707","page","type-page","status-publish","hentry"],"_links":{"self":[{"href":"https:\/\/saintsouppletsgymnastique.com\/index.php\/wp-json\/wp\/v2\/pages\/707","targetHints":{"allow":["GET"]}}],"collection":[{"href":"https:\/\/saintsouppletsgymnastique.com\/index.php\/wp-json\/wp\/v2\/pages"}],"about":[{"href":"https:\/\/saintsouppletsgymnastique.com\/index.php\/wp-json\/wp\/v2\/types\/page"}],"author":[{"embeddable":true,"href":"https:\/\/saintsouppletsgymnastique.com\/index.php\/wp-json\/wp\/v2\/users\/3"}],"replies":[{"embeddable":true,"href":"https:\/\/saintsouppletsgymnastique.com\/index.php\/wp-json\/wp\/v2\/comments?post=707"}],"version-history":[{"count":4,"href":"https:\/\/saintsouppletsgymnastique.com\/index.php\/wp-json\/wp\/v2\/pages\/707\/revisions"}],"predecessor-version":[{"id":1648,"href":"https:\/\/saintsouppletsgymnastique.com\/index.php\/wp-json\/wp\/v2\/pages\/707\/revisions\/1648"}],"wp:attachment":[{"href":"https:\/\/saintsouppletsgymnastique.com\/index.php\/wp-json\/wp\/v2\/media?parent=707"}],"curies":[{"name":"wp","href":"https:\/\/api.w.org\/{rel}","templated":true}]}}