{"id":575,"date":"2024-07-21T15:29:20","date_gmt":"2024-07-21T13:29:20","guid":{"rendered":"http:\/\/gym.skwatt.com\/?page_id=575"},"modified":"2025-06-28T12:30:35","modified_gmt":"2025-06-28T12:30:35","slug":"le-club","status":"publish","type":"page","link":"https:\/\/saintsouppletsgymnastique.com\/index.php\/le-club\/","title":{"rendered":"LE CLUB"},"content":{"rendered":"\n<p>Saint Soupplets Gymnastique est une association sportive cr\u00e9\u00e9e en 2021, situ\u00e9e au c\u0153ur de la ville de Saint Soupplets.<\/p>\n\n\n\n<p>L&rsquo;association sportive ne cesse de grandir et se d\u00e9veloppe, comptant actuellement 230 adh\u00e9rents (contre 153 pour la saison 2021\/2022). C\u2019est d\u2019ailleurs, gr\u00e2ce \u00e0 sa dynamique et ses services propos\u00e9s, que le club obtient la reconnaissance bronze de la F\u00e9d\u00e9ration Fran\u00e7aise de Gymnastique en 2023.<\/p>\n\n\n\n<p>Affili\u00e9e \u00e0 la F\u00e9d\u00e9ration Fran\u00e7aise de Gymnastique, elle propose la pratique de la gymnastique pour tous, en loisir et en comp\u00e9tition : <\/p>\n\n\n\n<p><a href=\"www.saintsouppletsgymnastique.com\/baby-gym\/\" data-type=\"page\" data-id=\"707\">Baby gym<\/a><\/p>\n\n\n\n<p><a href=\"www.saintsouppletsgymnastique.com\/gaf\/\" data-type=\"page\" data-id=\"706\">GAF<\/a> (Gymnastique artistique f\u00e9minine)<\/p>\n\n\n\n<p><a href=\"www.saintsouppletsgymnastique.com\/teamgym\/\" data-type=\"page\" data-id=\"708\">TeamGym<\/a><\/p>\n\n\n\n<p>Plus de 230 adh\u00e9rents maintiennent leur confiance au club pour cette saison 2023\/2024. Depuis sa cr\u00e9ation, le nombre ne cesse d\u2019\u00e9voluer.<\/p>\n\n\n\n<div class=\"wp-block-media-text alignwide is-stacked-on-mobile\" style=\"grid-template-columns:15% auto\"><figure class=\"wp-block-media-text__media\"><img loading=\"lazy\" decoding=\"async\" width=\"200\" height=\"158\" src=\"https:\/\/saintsouppletsgymnastique.com\/wp-content\/uploads\/2025\/05\/1566400864-Logo-ClubAffilie-BRONZE-3.jpg\" alt=\"\" class=\"wp-image-1505 size-full\"\/><\/figure><div class=\"wp-block-media-text__content\">\n<p><\/p>\n<\/div><\/div>\n\n\n\n<p><\/p>\n","protected":false},"excerpt":{"rendered":"<p>Saint Soupplets Gymnastique est une association sportive cr\u00e9\u00e9e en 2021, situ\u00e9e au c\u0153ur de la ville de Saint Soupplets. L&rsquo;association [&hellip;]<\/p>\n","protected":false},"author":3,"featured_media":0,"parent":0,"menu_order":0,"comment_status":"closed","ping_status":"closed","template":"","meta":{"site-sidebar-layout":"default","site-content-layout":"","ast-site-content-layout":"default","site-content-style":"default","site-sidebar-style":"default","ast-global-header-display":"","ast-banner-title-visibility":"","ast-main-header-display":"","ast-hfb-above-header-display":"","ast-hfb-below-header-display":"","ast-hfb-mobile-header-display":"","site-post-title":"","ast-breadcrumbs-content":"","ast-featured-img":"","footer-sml-layout":"","theme-transparent-header-meta":"","adv-header-id-meta":"","stick-header-meta":"","header-above-stick-meta":"","header-main-stick-meta":"","header-below-stick-meta":"","astra-migrate-meta-layouts":"default","ast-page-background-enabled":"default","ast-page-background-meta":{"desktop":{"background-color":"var(--ast-global-color-5)","background-image":"","background-repeat":"repeat","background-position":"center center","background-size":"auto","background-attachment":"scroll","background-type":"","background-media":"","overlay-type":"","overlay-color":"","overlay-opacity":"","overlay-gradient":""},"tablet":{"background-color":"","background-image":"","background-repeat":"repeat","background-position":"center center","background-size":"auto","background-attachment":"scroll","background-type":"","background-media":"","overlay-type":"","overlay-color":"","overlay-opacity":"","overlay-gradient":""},"mobile":{"background-color":"","background-image":"","background-repeat":"repeat","background-position":"center center","background-size":"auto","background-attachment":"scroll","background-type":"","background-media":"","overlay-type":"","overlay-color":"","overlay-opacity":"","overlay-gradient":""}},"ast-content-background-meta":{"desktop":{"background-color":"var(--ast-global-color-4)","background-image":"","background-repeat":"repeat","background-position":"center center","background-size":"auto","background-attachment":"scroll","background-type":"","background-media":"","overlay-type":"","overlay-color":"","overlay-opacity":"","overlay-gradient":""},"tablet":{"background-color":"var(--ast-global-color-4)","background-image":"","background-repeat":"repeat","background-position":"center center","background-size":"auto","background-attachment":"scroll","background-type":"","background-media":"","overlay-type":"","overlay-color":"","overlay-opacity":"","overlay-gradient":""},"mobile":{"background-color":"var(--ast-global-color-4)","background-image":"","background-repeat":"repeat","background-position":"center center","background-size":"auto","background-attachment":"scroll","background-type":"","background-media":"","overlay-type":"","overlay-color":"","overlay-opacity":"","overlay-gradient":""}},"footnotes":""},"class_list":["post-575","page","type-page","status-publish","hentry"],"_links":{"self":[{"href":"https:\/\/saintsouppletsgymnastique.com\/index.php\/wp-json\/wp\/v2\/pages\/575","targetHints":{"allow":["GET"]}}],"collection":[{"href":"https:\/\/saintsouppletsgymnastique.com\/index.php\/wp-json\/wp\/v2\/pages"}],"about":[{"href":"https:\/\/saintsouppletsgymnastique.com\/index.php\/wp-json\/wp\/v2\/types\/page"}],"author":[{"embeddable":true,"href":"https:\/\/saintsouppletsgymnastique.com\/index.php\/wp-json\/wp\/v2\/users\/3"}],"replies":[{"embeddable":true,"href":"https:\/\/saintsouppletsgymnastique.com\/index.php\/wp-json\/wp\/v2\/comments?post=575"}],"version-history":[{"count":1,"href":"https:\/\/saintsouppletsgymnastique.com\/index.php\/wp-json\/wp\/v2\/pages\/575\/revisions"}],"predecessor-version":[{"id":1647,"href":"https:\/\/saintsouppletsgymnastique.com\/index.php\/wp-json\/wp\/v2\/pages\/575\/revisions\/1647"}],"wp:attachment":[{"href":"https:\/\/saintsouppletsgymnastique.com\/index.php\/wp-json\/wp\/v2\/media?parent=575"}],"curies":[{"name":"wp","href":"https:\/\/api.w.org\/{rel}","templated":true}]}}