{"id":558,"date":"2024-05-25T12:58:46","date_gmt":"2024-05-25T10:58:46","guid":{"rendered":"http:\/\/gym.skwatt.com\/?page_id=558"},"modified":"2026-02-05T09:59:08","modified_gmt":"2026-02-05T09:59:08","slug":"resultats","status":"publish","type":"page","link":"https:\/\/saintsouppletsgymnastique.com\/index.php\/resultats\/","title":{"rendered":"RESULTATS"},"content":{"rendered":"\n<div class=\"wp-block-media-text is-stacked-on-mobile\" style=\"grid-template-columns:33% auto\"><figure class=\"wp-block-media-text__media\"><img loading=\"lazy\" decoding=\"async\" width=\"1170\" height=\"740\" src=\"www.saintsouppletsgymnastique.com\/app\/uploads\/2024\/07\/IMG_4790.jpg\" alt=\"\" class=\"wp-image-977 size-full\" srcset=\"https:\/\/saintsouppletsgymnastique.com\/wp-content\/uploads\/2024\/07\/IMG_4790.jpg 1170w, https:\/\/saintsouppletsgymnastique.com\/wp-content\/uploads\/2024\/07\/IMG_4790-300x190.jpg 300w, https:\/\/saintsouppletsgymnastique.com\/wp-content\/uploads\/2024\/07\/IMG_4790-1024x648.jpg 1024w, https:\/\/saintsouppletsgymnastique.com\/wp-content\/uploads\/2024\/07\/IMG_4790-768x486.jpg 768w\" sizes=\"auto, (max-width: 1170px) 100vw, 1170px\" \/><\/figure><div class=\"wp-block-media-text__content\">\n<p class=\"has-ast-global-color-2-color has-text-color has-link-color wp-elements-d4a510f7ec3a0acd70ea476cc34204d0\"><strong>R\u00e9sultats des comp\u00e9titions par \u00e9quipe et individuelle :<\/strong><\/p>\n\n\n\n<p class=\"has-ast-global-color-0-color has-text-color has-link-color wp-elements-09706a531fff7f7d76ec75a251106dec\"><a href=\"https:\/\/saintsouppletsgymnastique.com\/index.php\/2025-2026\/\">R\u00e9sultats 2025-2026<\/a><\/p>\n\n\n\n<p><a href=\"www.saintsouppletsgymnastique.com\/resultats-2024-2025\/\">R\u00e9sultats 2024-2025<\/a><\/p>\n\n\n\n<p><p vs-padding-bottom=\"none\" vm-padding-bottom=\"none\" vl-padding-bottom=\"none\" vxl-padding-bottom=\"none\"><a href=\"www.saintsouppletsgymnastique.com\/resultats-2023-2024\/\" data-type=\"page\" data-id=\"895\">R\u00e9sultats 2023-2024<\/a><\/p><\/p>\n\n\n\n<p><a href=\"www.saintsouppletsgymnastique.com\/resultats-2022-2023\/\" data-type=\"page\" data-id=\"893\">R\u00e9sultats 2022-2023<\/a><\/p>\n\n\n\n<p><a href=\"www.saintsouppletsgymnastique.com\/resultats-2021-2022\/\" data-type=\"page\" data-id=\"897\">R\u00e9sultats 2021-2022<\/a><\/p>\n<\/div><\/div>\n\n\n\n<p><\/p>\n","protected":false},"excerpt":{"rendered":"<p>R\u00e9sultats des comp\u00e9titions par \u00e9quipe et individuelle : R\u00e9sultats 2025-2026 R\u00e9sultats 2024-2025 R\u00e9sultats 2023-2024 R\u00e9sultats 2022-2023 R\u00e9sultats 2021-2022<\/p>\n","protected":false},"author":3,"featured_media":0,"parent":0,"menu_order":0,"comment_status":"closed","ping_status":"closed","template":"","meta":{"site-sidebar-layout":"default","site-content-layout":"","ast-site-content-layout":"default","site-content-style":"default","site-sidebar-style":"default","ast-global-header-display":"","ast-banner-title-visibility":"","ast-main-header-display":"","ast-hfb-above-header-display":"","ast-hfb-below-header-display":"","ast-hfb-mobile-header-display":"","site-post-title":"","ast-breadcrumbs-content":"","ast-featured-img":"","footer-sml-layout":"","theme-transparent-header-meta":"","adv-header-id-meta":"","stick-header-meta":"","header-above-stick-meta":"","header-main-stick-meta":"","header-below-stick-meta":"","astra-migrate-meta-layouts":"default","ast-page-background-enabled":"default","ast-page-background-meta":{"desktop":{"background-color":"var(--ast-global-color-5)","background-image":"","background-repeat":"repeat","background-position":"center center","background-size":"auto","background-attachment":"scroll","background-type":"","background-media":"","overlay-type":"","overlay-color":"","overlay-opacity":"","overlay-gradient":""},"tablet":{"background-color":"","background-image":"","background-repeat":"repeat","background-position":"center center","background-size":"auto","background-attachment":"scroll","background-type":"","background-media":"","overlay-type":"","overlay-color":"","overlay-opacity":"","overlay-gradient":""},"mobile":{"background-color":"","background-image":"","background-repeat":"repeat","background-position":"center center","background-size":"auto","background-attachment":"scroll","background-type":"","background-media":"","overlay-type":"","overlay-color":"","overlay-opacity":"","overlay-gradient":""}},"ast-content-background-meta":{"desktop":{"background-color":"var(--ast-global-color-4)","background-image":"","background-repeat":"repeat","background-position":"center center","background-size":"auto","background-attachment":"scroll","background-type":"","background-media":"","overlay-type":"","overlay-color":"","overlay-opacity":"","overlay-gradient":""},"tablet":{"background-color":"var(--ast-global-color-4)","background-image":"","background-repeat":"repeat","background-position":"center center","background-size":"auto","background-attachment":"scroll","background-type":"","background-media":"","overlay-type":"","overlay-color":"","overlay-opacity":"","overlay-gradient":""},"mobile":{"background-color":"var(--ast-global-color-4)","background-image":"","background-repeat":"repeat","background-position":"center center","background-size":"auto","background-attachment":"scroll","background-type":"","background-media":"","overlay-type":"","overlay-color":"","overlay-opacity":"","overlay-gradient":""}},"footnotes":""},"class_list":["post-558","page","type-page","status-publish","hentry"],"_links":{"self":[{"href":"https:\/\/saintsouppletsgymnastique.com\/index.php\/wp-json\/wp\/v2\/pages\/558","targetHints":{"allow":["GET"]}}],"collection":[{"href":"https:\/\/saintsouppletsgymnastique.com\/index.php\/wp-json\/wp\/v2\/pages"}],"about":[{"href":"https:\/\/saintsouppletsgymnastique.com\/index.php\/wp-json\/wp\/v2\/types\/page"}],"author":[{"embeddable":true,"href":"https:\/\/saintsouppletsgymnastique.com\/index.php\/wp-json\/wp\/v2\/users\/3"}],"replies":[{"embeddable":true,"href":"https:\/\/saintsouppletsgymnastique.com\/index.php\/wp-json\/wp\/v2\/comments?post=558"}],"version-history":[{"count":2,"href":"https:\/\/saintsouppletsgymnastique.com\/index.php\/wp-json\/wp\/v2\/pages\/558\/revisions"}],"predecessor-version":[{"id":2034,"href":"https:\/\/saintsouppletsgymnastique.com\/index.php\/wp-json\/wp\/v2\/pages\/558\/revisions\/2034"}],"wp:attachment":[{"href":"https:\/\/saintsouppletsgymnastique.com\/index.php\/wp-json\/wp\/v2\/media?parent=558"}],"curies":[{"name":"wp","href":"https:\/\/api.w.org\/{rel}","templated":true}]}}