{"id":2101,"date":"2026-04-06T08:05:37","date_gmt":"2026-04-06T08:05:37","guid":{"rendered":"https:\/\/saintsouppletsgymnastique.com\/?page_id=2101"},"modified":"2026-04-16T09:34:04","modified_gmt":"2026-04-16T09:34:04","slug":"challenge-loisir-2026","status":"publish","type":"page","link":"https:\/\/saintsouppletsgymnastique.com\/index.php\/challenge-loisir-2026\/","title":{"rendered":"Challenge loisir 2026"},"content":{"rendered":"\n<div class=\"wp-block-media-text is-stacked-on-mobile\" style=\"grid-template-columns:23% auto\"><figure class=\"wp-block-media-text__media\"><img loading=\"lazy\" decoding=\"async\" width=\"724\" height=\"1024\" src=\"https:\/\/saintsouppletsgymnastique.com\/wp-content\/uploads\/2026\/03\/Challenge-loisir-2026-3-724x1024.jpg\" alt=\"\" class=\"wp-image-2071 size-full\" srcset=\"https:\/\/saintsouppletsgymnastique.com\/wp-content\/uploads\/2026\/03\/Challenge-loisir-2026-3-724x1024.jpg 724w, https:\/\/saintsouppletsgymnastique.com\/wp-content\/uploads\/2026\/03\/Challenge-loisir-2026-3-212x300.jpg 212w, https:\/\/saintsouppletsgymnastique.com\/wp-content\/uploads\/2026\/03\/Challenge-loisir-2026-3-768x1086.jpg 768w, https:\/\/saintsouppletsgymnastique.com\/wp-content\/uploads\/2026\/03\/Challenge-loisir-2026-3-1086x1536.jpg 1086w, https:\/\/saintsouppletsgymnastique.com\/wp-content\/uploads\/2026\/03\/Challenge-loisir-2026-3.jpg 1414w\" sizes=\"auto, (max-width: 724px) 100vw, 724px\" \/><\/figure><div class=\"wp-block-media-text__content\">\n<p class=\"has-ast-global-color-1-color has-text-color has-link-color has-medium-font-size wp-elements-794d2550a52164d3afc1596bb69cbe8e\"><strong>Dimanche 12 avril 2026<\/strong><\/p>\n\n\n\n<p>L&rsquo;ensemble de nos groupes loisir s&rsquo;est retrouv\u00e9 pour pour notre Challenge loisir <img loading=\"lazy\" decoding=\"async\" height=\"16\" width=\"16\" src=\"https:\/\/static.xx.fbcdn.net\/images\/emoji.php\/v9\/t3f\/2\/16\/1f938_1f3fc_200d_2640.png\" alt=\"\ud83e\udd38\ud83c\udffc\u200d\u2640\ufe0f\"><\/p>\n\n\n\n<p>Au total, pr\u00e8s de 80 gymnastes ont \u00e9volu\u00e9 sur diff\u00e9rents agr\u00e8s, montrant leurs progr\u00e8s et tout le travail accompli, sous le regard fier de leurs proches.<\/p>\n\n\n\n<p>Les plus jeunes ont particip\u00e9 au programme Access Gym, avec pour objectif la validation de leur niveau (blanc, jaune ou orange). De leur c\u00f4t\u00e9, les plus grandes participaient \u00e0 une petite comp\u00e9tition interne.<\/p>\n\n\n\n<p>Toutes ont \u00e9t\u00e9 r\u00e9compens\u00e9es par des m\u00e9dailles, dipl\u00f4mes et bracelets ! <img loading=\"lazy\" decoding=\"async\" height=\"16\" width=\"16\" alt=\"\ud83c\udfc5\" src=\"https:\/\/static.xx.fbcdn.net\/images\/emoji.php\/v9\/tdc\/2\/16\/1f3c5.png\"><img loading=\"lazy\" decoding=\"async\" height=\"16\" width=\"16\" alt=\"\ud83d\udc4f\ud83c\udffc\" src=\"https:\/\/static.xx.fbcdn.net\/images\/emoji.php\/v9\/td9\/2\/16\/1f44f_1f3fc.png\"><\/p>\n\n\n\n<p>Nous esp\u00e9rons que cet apr\u00e8s-midi a plu \u00e0 tous et nous f\u00e9licitons encore l\u2019ensemble des gymnastes pour leur engagement et leurs belles performances <img loading=\"lazy\" decoding=\"async\" height=\"16\" width=\"16\" alt=\"\ud83d\ude01\" src=\"https:\/\/static.xx.fbcdn.net\/images\/emoji.php\/v9\/tee\/2\/16\/1f601.png\"><\/p>\n\n\n\n<p>Un grand merci \u00e0 nos b\u00e9n\u00e9voles pour leur aide pr\u00e9cieuse tout au long de cette journ\u00e9e !<\/p>\n<\/div><\/div>\n\n\n\n<div class=\"wp-block-cb-carousel-v2 cb-carousel-block\" data-cb-slides-per-view=\"1\" data-cb-slides-per-group=\"1\" data-cb-space-between=\"15\" data-cb-speed=\"300\" data-cb-navigation=\"true\" data-cb-pagination=\"true\" data-cb-breakpoints=\"{&quot;768&quot;:{&quot;slidesPerView&quot;:3,&quot;slidesPerGroup&quot;:1}}\"><div class=\"swiper\"><div class=\"cb-wrapper swiper-wrapper\">\n<div class=\"wp-block-cb-slide-v2 cb-slide swiper-slide\">\n<figure class=\"wp-block-image size-large is-resized\"><img loading=\"lazy\" decoding=\"async\" width=\"1024\" height=\"1017\" src=\"https:\/\/saintsouppletsgymnastique.com\/wp-content\/uploads\/2026\/04\/672684540_1614165034048677_3057796529950383808_n-1024x1017.jpg\" alt=\"\" class=\"wp-image-2119\" style=\"aspect-ratio:1.0068956655816343;width:254px;height:auto\" srcset=\"https:\/\/saintsouppletsgymnastique.com\/wp-content\/uploads\/2026\/04\/672684540_1614165034048677_3057796529950383808_n-1024x1017.jpg 1024w, https:\/\/saintsouppletsgymnastique.com\/wp-content\/uploads\/2026\/04\/672684540_1614165034048677_3057796529950383808_n-300x298.jpg 300w, https:\/\/saintsouppletsgymnastique.com\/wp-content\/uploads\/2026\/04\/672684540_1614165034048677_3057796529950383808_n-150x150.jpg 150w, https:\/\/saintsouppletsgymnastique.com\/wp-content\/uploads\/2026\/04\/672684540_1614165034048677_3057796529950383808_n-768x763.jpg 768w, https:\/\/saintsouppletsgymnastique.com\/wp-content\/uploads\/2026\/04\/672684540_1614165034048677_3057796529950383808_n.jpg 1078w\" sizes=\"auto, (max-width: 1024px) 100vw, 1024px\" \/><\/figure>\n<\/div>\n\n\n\n<div class=\"wp-block-cb-slide-v2 cb-slide swiper-slide\">\n<figure class=\"wp-block-image size-large is-resized\"><img loading=\"lazy\" decoding=\"async\" width=\"683\" height=\"1024\" src=\"https:\/\/saintsouppletsgymnastique.com\/wp-content\/uploads\/2026\/04\/671181959_1614165117382002_7347260998905067092_n-683x1024.jpg\" alt=\"\" class=\"wp-image-2120\" style=\"aspect-ratio:0.6669976734948647;width:248px;height:auto\" srcset=\"https:\/\/saintsouppletsgymnastique.com\/wp-content\/uploads\/2026\/04\/671181959_1614165117382002_7347260998905067092_n-683x1024.jpg 683w, https:\/\/saintsouppletsgymnastique.com\/wp-content\/uploads\/2026\/04\/671181959_1614165117382002_7347260998905067092_n-200x300.jpg 200w, https:\/\/saintsouppletsgymnastique.com\/wp-content\/uploads\/2026\/04\/671181959_1614165117382002_7347260998905067092_n-768x1152.jpg 768w, https:\/\/saintsouppletsgymnastique.com\/wp-content\/uploads\/2026\/04\/671181959_1614165117382002_7347260998905067092_n.jpg 1024w\" sizes=\"auto, (max-width: 683px) 100vw, 683px\" \/><\/figure>\n<\/div>\n\n\n\n<div class=\"wp-block-cb-slide-v2 cb-slide swiper-slide\">\n<figure class=\"wp-block-image size-large is-resized\"><img loading=\"lazy\" decoding=\"async\" width=\"1024\" height=\"768\" src=\"https:\/\/saintsouppletsgymnastique.com\/wp-content\/uploads\/2026\/04\/672671505_1614165154048665_4676935339410296211_n-1024x768.jpg\" alt=\"\" class=\"wp-image-2123\" style=\"aspect-ratio:1.333390051613635;width:285px;height:auto\" srcset=\"https:\/\/saintsouppletsgymnastique.com\/wp-content\/uploads\/2026\/04\/672671505_1614165154048665_4676935339410296211_n-1024x768.jpg 1024w, https:\/\/saintsouppletsgymnastique.com\/wp-content\/uploads\/2026\/04\/672671505_1614165154048665_4676935339410296211_n-300x225.jpg 300w, https:\/\/saintsouppletsgymnastique.com\/wp-content\/uploads\/2026\/04\/672671505_1614165154048665_4676935339410296211_n-768x576.jpg 768w, https:\/\/saintsouppletsgymnastique.com\/wp-content\/uploads\/2026\/04\/672671505_1614165154048665_4676935339410296211_n-1536x1152.jpg 1536w, https:\/\/saintsouppletsgymnastique.com\/wp-content\/uploads\/2026\/04\/672671505_1614165154048665_4676935339410296211_n.jpg 2048w\" sizes=\"auto, (max-width: 1024px) 100vw, 1024px\" \/><\/figure>\n<\/div>\n\n\n\n<div class=\"wp-block-cb-slide-v2 cb-slide swiper-slide\">\n<figure class=\"wp-block-image size-large is-resized\"><img loading=\"lazy\" decoding=\"async\" width=\"791\" height=\"1024\" src=\"https:\/\/saintsouppletsgymnastique.com\/wp-content\/uploads\/2026\/04\/672675070_1614165044048676_1313705527352790977_n-791x1024.jpg\" alt=\"\" class=\"wp-image-2124\" style=\"aspect-ratio:0.7724838169092761;width:198px;height:auto\" srcset=\"https:\/\/saintsouppletsgymnastique.com\/wp-content\/uploads\/2026\/04\/672675070_1614165044048676_1313705527352790977_n-791x1024.jpg 791w, https:\/\/saintsouppletsgymnastique.com\/wp-content\/uploads\/2026\/04\/672675070_1614165044048676_1313705527352790977_n-232x300.jpg 232w, https:\/\/saintsouppletsgymnastique.com\/wp-content\/uploads\/2026\/04\/672675070_1614165044048676_1313705527352790977_n-768x994.jpg 768w, https:\/\/saintsouppletsgymnastique.com\/wp-content\/uploads\/2026\/04\/672675070_1614165044048676_1313705527352790977_n-1187x1536.jpg 1187w, https:\/\/saintsouppletsgymnastique.com\/wp-content\/uploads\/2026\/04\/672675070_1614165044048676_1313705527352790977_n.jpg 1582w\" sizes=\"auto, (max-width: 791px) 100vw, 791px\" \/><\/figure>\n<\/div>\n\n\n\n<div class=\"wp-block-cb-slide-v2 cb-slide swiper-slide\">\n<figure class=\"wp-block-image size-large\"><img loading=\"lazy\" decoding=\"async\" width=\"1024\" height=\"433\" src=\"https:\/\/saintsouppletsgymnastique.com\/wp-content\/uploads\/2026\/04\/673553245_1614163734048807_1122839713386744781_n-1024x433.jpg\" alt=\"\" class=\"wp-image-2125\" srcset=\"https:\/\/saintsouppletsgymnastique.com\/wp-content\/uploads\/2026\/04\/673553245_1614163734048807_1122839713386744781_n-1024x433.jpg 1024w, https:\/\/saintsouppletsgymnastique.com\/wp-content\/uploads\/2026\/04\/673553245_1614163734048807_1122839713386744781_n-300x127.jpg 300w, https:\/\/saintsouppletsgymnastique.com\/wp-content\/uploads\/2026\/04\/673553245_1614163734048807_1122839713386744781_n-768x325.jpg 768w, https:\/\/saintsouppletsgymnastique.com\/wp-content\/uploads\/2026\/04\/673553245_1614163734048807_1122839713386744781_n.jpg 1512w\" sizes=\"auto, (max-width: 1024px) 100vw, 1024px\" \/><\/figure>\n<\/div>\n<\/div><\/div><div class=\"cb-pagination swiper-pagination\"><\/div><div class=\"cb-button-prev swiper-button-prev\"><\/div><div class=\"cb-button-next swiper-button-next\"><\/div><\/div>\n","protected":false},"excerpt":{"rendered":"<p>Dimanche 12 avril 2026 L&rsquo;ensemble de nos groupes loisir s&rsquo;est retrouv\u00e9 pour pour notre Challenge loisir Au total, pr\u00e8s de [&hellip;]<\/p>\n","protected":false},"author":1,"featured_media":0,"parent":0,"menu_order":0,"comment_status":"closed","ping_status":"closed","template":"","meta":{"site-sidebar-layout":"default","site-content-layout":"","ast-site-content-layout":"default","site-content-style":"default","site-sidebar-style":"default","ast-global-header-display":"","ast-banner-title-visibility":"","ast-main-header-display":"","ast-hfb-above-header-display":"","ast-hfb-below-header-display":"","ast-hfb-mobile-header-display":"","site-post-title":"","ast-breadcrumbs-content":"","ast-featured-img":"","footer-sml-layout":"","theme-transparent-header-meta":"","adv-header-id-meta":"","stick-header-meta":"","header-above-stick-meta":"","header-main-stick-meta":"","header-below-stick-meta":"","astra-migrate-meta-layouts":"default","ast-page-background-enabled":"default","ast-page-background-meta":{"desktop":{"background-color":"var(--ast-global-color-5)","background-image":"","background-repeat":"repeat","background-position":"center center","background-size":"auto","background-attachment":"scroll","background-type":"","background-media":"","overlay-type":"","overlay-color":"","overlay-opacity":"","overlay-gradient":""},"tablet":{"background-color":"","background-image":"","background-repeat":"repeat","background-position":"center center","background-size":"auto","background-attachment":"scroll","background-type":"","background-media":"","overlay-type":"","overlay-color":"","overlay-opacity":"","overlay-gradient":""},"mobile":{"background-color":"","background-image":"","background-repeat":"repeat","background-position":"center center","background-size":"auto","background-attachment":"scroll","background-type":"","background-media":"","overlay-type":"","overlay-color":"","overlay-opacity":"","overlay-gradient":""}},"ast-content-background-meta":{"desktop":{"background-color":"var(--ast-global-color-4)","background-image":"","background-repeat":"repeat","background-position":"center center","background-size":"auto","background-attachment":"scroll","background-type":"","background-media":"","overlay-type":"","overlay-color":"","overlay-opacity":"","overlay-gradient":""},"tablet":{"background-color":"var(--ast-global-color-4)","background-image":"","background-repeat":"repeat","background-position":"center center","background-size":"auto","background-attachment":"scroll","background-type":"","background-media":"","overlay-type":"","overlay-color":"","overlay-opacity":"","overlay-gradient":""},"mobile":{"background-color":"var(--ast-global-color-4)","background-image":"","background-repeat":"repeat","background-position":"center center","background-size":"auto","background-attachment":"scroll","background-type":"","background-media":"","overlay-type":"","overlay-color":"","overlay-opacity":"","overlay-gradient":""}},"footnotes":""},"class_list":["post-2101","page","type-page","status-publish","hentry"],"_links":{"self":[{"href":"https:\/\/saintsouppletsgymnastique.com\/index.php\/wp-json\/wp\/v2\/pages\/2101","targetHints":{"allow":["GET"]}}],"collection":[{"href":"https:\/\/saintsouppletsgymnastique.com\/index.php\/wp-json\/wp\/v2\/pages"}],"about":[{"href":"https:\/\/saintsouppletsgymnastique.com\/index.php\/wp-json\/wp\/v2\/types\/page"}],"author":[{"embeddable":true,"href":"https:\/\/saintsouppletsgymnastique.com\/index.php\/wp-json\/wp\/v2\/users\/1"}],"replies":[{"embeddable":true,"href":"https:\/\/saintsouppletsgymnastique.com\/index.php\/wp-json\/wp\/v2\/comments?post=2101"}],"version-history":[{"count":4,"href":"https:\/\/saintsouppletsgymnastique.com\/index.php\/wp-json\/wp\/v2\/pages\/2101\/revisions"}],"predecessor-version":[{"id":2126,"href":"https:\/\/saintsouppletsgymnastique.com\/index.php\/wp-json\/wp\/v2\/pages\/2101\/revisions\/2126"}],"wp:attachment":[{"href":"https:\/\/saintsouppletsgymnastique.com\/index.php\/wp-json\/wp\/v2\/media?parent=2101"}],"curies":[{"name":"wp","href":"https:\/\/api.w.org\/{rel}","templated":true}]}}