{"id":2100,"date":"2026-04-06T08:05:37","date_gmt":"2026-04-06T08:05:37","guid":{"rendered":"https:\/\/saintsouppletsgymnastique.com\/?page_id=2100"},"modified":"2026-04-06T08:06:19","modified_gmt":"2026-04-06T08:06:19","slug":"challenge-loisir-2025","status":"publish","type":"page","link":"https:\/\/saintsouppletsgymnastique.com\/index.php\/challenge-loisir-2025\/","title":{"rendered":"Challenge loisir 2025"},"content":{"rendered":"\n<p>Ce <a><\/a>dimanche 6 avril l\u2019ensemble de nos groupes loisirs ont pu participer \u00e0 notre challenge loisir <img loading=\"lazy\" decoding=\"async\" height=\"16\" width=\"16\" alt=\"\ud83e\udd38\ud83c\udffc\u200d\u2640\ufe0f\" src=\"https:\/\/static.xx.fbcdn.net\/images\/emoji.php\/v9\/t3f\/2\/16\/1f938_1f3fc_200d_2640.png\"><\/p>\n\n\n\n<p>Pas moins de 110 gymnastes ont pu \u00e9voluer sur diff\u00e9rents agr\u00e8s mettant en avant leurs progr\u00e8s et leurs r\u00e9ussites sous les yeux de leurs parents !<\/p>\n\n\n\n<p>Nos poussines \u00e9voluaient sur l\u2019Access Gym avec l\u2019objectif de valider leur niveau de couleur (blanc, jaune ou orange), tandis que nos plus grandes ont particip\u00e9 \u00e0 une mini comp\u00e9tition interne, toutes r\u00e9compens\u00e9es par des m\u00e9dailles, dipl\u00f4mes et bracelets ! <img loading=\"lazy\" decoding=\"async\" height=\"16\" width=\"16\" alt=\"\ud83c\udfc5\" src=\"https:\/\/static.xx.fbcdn.net\/images\/emoji.php\/v9\/tdc\/2\/16\/1f3c5.png\"><img loading=\"lazy\" decoding=\"async\" height=\"16\" width=\"16\" alt=\"\ud83d\udc4f\ud83c\udffc\" src=\"https:\/\/static.xx.fbcdn.net\/images\/emoji.php\/v9\/td9\/2\/16\/1f44f_1f3fc.png\"><\/p>\n\n\n\n<p>Nous esp\u00e9rons que cette apr\u00e8s-midi a \u00e9t\u00e9 agr\u00e9able pour tous et f\u00e9licitons une nouvelle fois toutes nos gymnastes pour leurs performances <img loading=\"lazy\" decoding=\"async\" height=\"16\" width=\"16\" alt=\"\ud83d\ude01\" src=\"https:\/\/static.xx.fbcdn.net\/images\/emoji.php\/v9\/tee\/2\/16\/1f601.png\"><\/p>\n\n\n\n<figure class=\"wp-block-gallery has-nested-images columns-5 is-cropped wp-block-gallery-1 is-layout-flex wp-block-gallery-is-layout-flex\">\n<figure class=\"wp-block-image size-large\"><img loading=\"lazy\" decoding=\"async\" width=\"1024\" height=\"675\" data-id=\"1795\" src=\"https:\/\/saintsouppletsgymnastique.com\/wp-content\/uploads\/2025\/07\/496943776_1300865085378675_496028154249098425_n-1024x675.jpeg\" alt=\"\" class=\"wp-image-1795\" srcset=\"https:\/\/saintsouppletsgymnastique.com\/wp-content\/uploads\/2025\/07\/496943776_1300865085378675_496028154249098425_n-1024x675.jpeg 1024w, https:\/\/saintsouppletsgymnastique.com\/wp-content\/uploads\/2025\/07\/496943776_1300865085378675_496028154249098425_n-300x198.jpeg 300w, https:\/\/saintsouppletsgymnastique.com\/wp-content\/uploads\/2025\/07\/496943776_1300865085378675_496028154249098425_n-768x506.jpeg 768w, https:\/\/saintsouppletsgymnastique.com\/wp-content\/uploads\/2025\/07\/496943776_1300865085378675_496028154249098425_n.jpeg 1179w\" sizes=\"auto, (max-width: 1024px) 100vw, 1024px\" \/><\/figure>\n\n\n\n<figure class=\"wp-block-image size-large\"><img loading=\"lazy\" decoding=\"async\" width=\"1024\" height=\"684\" data-id=\"1796\" src=\"https:\/\/saintsouppletsgymnastique.com\/wp-content\/uploads\/2025\/07\/497245675_1300865095378674_2040742523783637970_n-1024x684.jpeg\" alt=\"\" class=\"wp-image-1796\" srcset=\"https:\/\/saintsouppletsgymnastique.com\/wp-content\/uploads\/2025\/07\/497245675_1300865095378674_2040742523783637970_n-1024x684.jpeg 1024w, https:\/\/saintsouppletsgymnastique.com\/wp-content\/uploads\/2025\/07\/497245675_1300865095378674_2040742523783637970_n-300x200.jpeg 300w, https:\/\/saintsouppletsgymnastique.com\/wp-content\/uploads\/2025\/07\/497245675_1300865095378674_2040742523783637970_n-768x513.jpeg 768w, https:\/\/saintsouppletsgymnastique.com\/wp-content\/uploads\/2025\/07\/497245675_1300865095378674_2040742523783637970_n.jpeg 1179w\" sizes=\"auto, (max-width: 1024px) 100vw, 1024px\" \/><\/figure>\n\n\n\n<figure class=\"wp-block-image size-large\"><img loading=\"lazy\" decoding=\"async\" width=\"960\" height=\"720\" data-id=\"1797\" src=\"https:\/\/saintsouppletsgymnastique.com\/wp-content\/uploads\/2025\/07\/496861337_1300864982045352_684888227485550507_n.jpeg\" alt=\"\" class=\"wp-image-1797\" srcset=\"https:\/\/saintsouppletsgymnastique.com\/wp-content\/uploads\/2025\/07\/496861337_1300864982045352_684888227485550507_n.jpeg 960w, https:\/\/saintsouppletsgymnastique.com\/wp-content\/uploads\/2025\/07\/496861337_1300864982045352_684888227485550507_n-300x225.jpeg 300w, https:\/\/saintsouppletsgymnastique.com\/wp-content\/uploads\/2025\/07\/496861337_1300864982045352_684888227485550507_n-768x576.jpeg 768w\" sizes=\"auto, (max-width: 960px) 100vw, 960px\" \/><\/figure>\n\n\n\n<figure class=\"wp-block-image size-large\"><img loading=\"lazy\" decoding=\"async\" width=\"960\" height=\"940\" data-id=\"1798\" src=\"https:\/\/saintsouppletsgymnastique.com\/wp-content\/uploads\/2025\/07\/498601644_1300865282045322_7792811639164481183_n.jpeg\" alt=\"\" class=\"wp-image-1798\" srcset=\"https:\/\/saintsouppletsgymnastique.com\/wp-content\/uploads\/2025\/07\/498601644_1300865282045322_7792811639164481183_n.jpeg 960w, https:\/\/saintsouppletsgymnastique.com\/wp-content\/uploads\/2025\/07\/498601644_1300865282045322_7792811639164481183_n-300x294.jpeg 300w, https:\/\/saintsouppletsgymnastique.com\/wp-content\/uploads\/2025\/07\/498601644_1300865282045322_7792811639164481183_n-768x752.jpeg 768w\" sizes=\"auto, (max-width: 960px) 100vw, 960px\" \/><\/figure>\n\n\n\n<figure class=\"wp-block-image size-large\"><img loading=\"lazy\" decoding=\"async\" width=\"1024\" height=\"680\" data-id=\"1799\" src=\"https:\/\/saintsouppletsgymnastique.com\/wp-content\/uploads\/2025\/07\/challenge-1024x680.jpeg\" alt=\"\" class=\"wp-image-1799\" srcset=\"https:\/\/saintsouppletsgymnastique.com\/wp-content\/uploads\/2025\/07\/challenge-1024x680.jpeg 1024w, https:\/\/saintsouppletsgymnastique.com\/wp-content\/uploads\/2025\/07\/challenge-300x199.jpeg 300w, https:\/\/saintsouppletsgymnastique.com\/wp-content\/uploads\/2025\/07\/challenge-768x510.jpeg 768w, https:\/\/saintsouppletsgymnastique.com\/wp-content\/uploads\/2025\/07\/challenge.jpeg 1179w\" sizes=\"auto, (max-width: 1024px) 100vw, 1024px\" \/><\/figure>\n<\/figure>\n","protected":false},"excerpt":{"rendered":"<p>Ce dimanche 6 avril l\u2019ensemble de nos groupes loisirs ont pu participer \u00e0 notre challenge loisir Pas moins de 110 [&hellip;]<\/p>\n","protected":false},"author":1,"featured_media":0,"parent":0,"menu_order":0,"comment_status":"closed","ping_status":"closed","template":"","meta":{"site-sidebar-layout":"default","site-content-layout":"","ast-site-content-layout":"default","site-content-style":"default","site-sidebar-style":"default","ast-global-header-display":"","ast-banner-title-visibility":"","ast-main-header-display":"","ast-hfb-above-header-display":"","ast-hfb-below-header-display":"","ast-hfb-mobile-header-display":"","site-post-title":"","ast-breadcrumbs-content":"","ast-featured-img":"","footer-sml-layout":"","theme-transparent-header-meta":"","adv-header-id-meta":"","stick-header-meta":"","header-above-stick-meta":"","header-main-stick-meta":"","header-below-stick-meta":"","astra-migrate-meta-layouts":"default","ast-page-background-enabled":"default","ast-page-background-meta":{"desktop":{"background-color":"var(--ast-global-color-5)","background-image":"","background-repeat":"repeat","background-position":"center center","background-size":"auto","background-attachment":"scroll","background-type":"","background-media":"","overlay-type":"","overlay-color":"","overlay-opacity":"","overlay-gradient":""},"tablet":{"background-color":"","background-image":"","background-repeat":"repeat","background-position":"center center","background-size":"auto","background-attachment":"scroll","background-type":"","background-media":"","overlay-type":"","overlay-color":"","overlay-opacity":"","overlay-gradient":""},"mobile":{"background-color":"","background-image":"","background-repeat":"repeat","background-position":"center center","background-size":"auto","background-attachment":"scroll","background-type":"","background-media":"","overlay-type":"","overlay-color":"","overlay-opacity":"","overlay-gradient":""}},"ast-content-background-meta":{"desktop":{"background-color":"var(--ast-global-color-4)","background-image":"","background-repeat":"repeat","background-position":"center center","background-size":"auto","background-attachment":"scroll","background-type":"","background-media":"","overlay-type":"","overlay-color":"","overlay-opacity":"","overlay-gradient":""},"tablet":{"background-color":"var(--ast-global-color-4)","background-image":"","background-repeat":"repeat","background-position":"center center","background-size":"auto","background-attachment":"scroll","background-type":"","background-media":"","overlay-type":"","overlay-color":"","overlay-opacity":"","overlay-gradient":""},"mobile":{"background-color":"var(--ast-global-color-4)","background-image":"","background-repeat":"repeat","background-position":"center center","background-size":"auto","background-attachment":"scroll","background-type":"","background-media":"","overlay-type":"","overlay-color":"","overlay-opacity":"","overlay-gradient":""}},"footnotes":""},"class_list":["post-2100","page","type-page","status-publish","hentry"],"_links":{"self":[{"href":"https:\/\/saintsouppletsgymnastique.com\/index.php\/wp-json\/wp\/v2\/pages\/2100","targetHints":{"allow":["GET"]}}],"collection":[{"href":"https:\/\/saintsouppletsgymnastique.com\/index.php\/wp-json\/wp\/v2\/pages"}],"about":[{"href":"https:\/\/saintsouppletsgymnastique.com\/index.php\/wp-json\/wp\/v2\/types\/page"}],"author":[{"embeddable":true,"href":"https:\/\/saintsouppletsgymnastique.com\/index.php\/wp-json\/wp\/v2\/users\/1"}],"replies":[{"embeddable":true,"href":"https:\/\/saintsouppletsgymnastique.com\/index.php\/wp-json\/wp\/v2\/comments?post=2100"}],"version-history":[{"count":2,"href":"https:\/\/saintsouppletsgymnastique.com\/index.php\/wp-json\/wp\/v2\/pages\/2100\/revisions"}],"predecessor-version":[{"id":2108,"href":"https:\/\/saintsouppletsgymnastique.com\/index.php\/wp-json\/wp\/v2\/pages\/2100\/revisions\/2108"}],"wp:attachment":[{"href":"https:\/\/saintsouppletsgymnastique.com\/index.php\/wp-json\/wp\/v2\/media?parent=2100"}],"curies":[{"name":"wp","href":"https:\/\/api.w.org\/{rel}","templated":true}]}}