{"id":2029,"date":"2026-02-05T09:54:37","date_gmt":"2026-02-05T09:54:37","guid":{"rendered":"https:\/\/saintsouppletsgymnastique.com\/?page_id=2029"},"modified":"2026-03-29T17:04:55","modified_gmt":"2026-03-29T17:04:55","slug":"resultats-teamgym","status":"publish","type":"page","link":"https:\/\/saintsouppletsgymnastique.com\/index.php\/resultats-teamgym\/","title":{"rendered":"R\u00e9sultats TeamGym"},"content":{"rendered":"\n<div class=\"wp-block-media-text is-stacked-on-mobile\" style=\"grid-template-columns:22% auto\"><figure class=\"wp-block-media-text__media\"><img loading=\"lazy\" decoding=\"async\" width=\"1024\" height=\"1024\" src=\"https:\/\/saintsouppletsgymnastique.com\/wp-content\/uploads\/2026\/02\/631158833_1553640320101149_6257527118401339642_n-1024x1024.jpg\" alt=\"\" class=\"wp-image-2040 size-full\" srcset=\"https:\/\/saintsouppletsgymnastique.com\/wp-content\/uploads\/2026\/02\/631158833_1553640320101149_6257527118401339642_n-1024x1024.jpg 1024w, https:\/\/saintsouppletsgymnastique.com\/wp-content\/uploads\/2026\/02\/631158833_1553640320101149_6257527118401339642_n-300x300.jpg 300w, https:\/\/saintsouppletsgymnastique.com\/wp-content\/uploads\/2026\/02\/631158833_1553640320101149_6257527118401339642_n-150x150.jpg 150w, https:\/\/saintsouppletsgymnastique.com\/wp-content\/uploads\/2026\/02\/631158833_1553640320101149_6257527118401339642_n-768x768.jpg 768w, https:\/\/saintsouppletsgymnastique.com\/wp-content\/uploads\/2026\/02\/631158833_1553640320101149_6257527118401339642_n.jpg 1080w\" sizes=\"auto, (max-width: 1024px) 100vw, 1024px\" \/><\/figure><div class=\"wp-block-media-text__content\">\n<p class=\"has-medium-font-size\"><strong>Comp\u00e9tition interd\u00e9partementale &#8211; F\u00e9d\u00e9ral B 10-15 ans<\/strong> &#8211;<strong>Etampes <\/strong><\/p>\n\n\n\n<p>L\u2019\u00e9quipe compos\u00e9e de Ana\u00efs, L\u00e9ana, Lena, Julia, L\u00e9onie, Sarah, Leina, et M\u00e9lyane se classe 4e !<\/p>\n\n\n\n<p>Elles se qualifient pour le championnat r\u00e9gional ! <img loading=\"lazy\" decoding=\"async\" height=\"16\" width=\"16\" src=\"https:\/\/static.xx.fbcdn.net\/images\/emoji.php\/v9\/tee\/2\/16\/1f601.png\" alt=\"\ud83d\ude01\"><\/p>\n<\/div><\/div>\n\n\n\n<p><\/p>\n\n\n\n<div class=\"wp-block-media-text is-stacked-on-mobile\" style=\"grid-template-columns:22% auto\"><figure class=\"wp-block-media-text__media\"><img loading=\"lazy\" decoding=\"async\" width=\"1024\" height=\"1024\" src=\"https:\/\/saintsouppletsgymnastique.com\/wp-content\/uploads\/2026\/03\/Copie-de-RESULTATS-1024x1024.png\" alt=\"\" class=\"wp-image-2068 size-full\" srcset=\"https:\/\/saintsouppletsgymnastique.com\/wp-content\/uploads\/2026\/03\/Copie-de-RESULTATS-1024x1024.png 1024w, https:\/\/saintsouppletsgymnastique.com\/wp-content\/uploads\/2026\/03\/Copie-de-RESULTATS-300x300.png 300w, https:\/\/saintsouppletsgymnastique.com\/wp-content\/uploads\/2026\/03\/Copie-de-RESULTATS-150x150.png 150w, https:\/\/saintsouppletsgymnastique.com\/wp-content\/uploads\/2026\/03\/Copie-de-RESULTATS-768x768.png 768w, https:\/\/saintsouppletsgymnastique.com\/wp-content\/uploads\/2026\/03\/Copie-de-RESULTATS.png 1080w\" sizes=\"auto, (max-width: 1024px) 100vw, 1024px\" \/><\/figure><div class=\"wp-block-media-text__content\">\n<p class=\"has-medium-font-size\"><strong><br>Comp\u00e9tition r\u00e9gionale &#8211; F\u00e9d\u00e9ral B 10-15 ans<\/strong> &#8211;<strong> Soisy-sous-Montmorency<\/strong><\/p>\n\n\n\n<p>L\u2019\u00e9quipe compos\u00e9e de Ana\u00efs, L\u00e9ana, Lena, Julia, L\u00e9onie, Sarah et Leina se classe 7e !<\/p>\n\n\n\n<p>Qualifi\u00e9es en finale r\u00e9gionale !<\/p>\n<\/div><\/div>\n","protected":false},"excerpt":{"rendered":"<p>Comp\u00e9tition interd\u00e9partementale &#8211; F\u00e9d\u00e9ral B 10-15 ans &#8211;Etampes L\u2019\u00e9quipe compos\u00e9e de Ana\u00efs, L\u00e9ana, Lena, Julia, L\u00e9onie, Sarah, Leina, et M\u00e9lyane [&hellip;]<\/p>\n","protected":false},"author":1,"featured_media":0,"parent":0,"menu_order":0,"comment_status":"closed","ping_status":"closed","template":"","meta":{"site-sidebar-layout":"default","site-content-layout":"","ast-site-content-layout":"default","site-content-style":"default","site-sidebar-style":"default","ast-global-header-display":"","ast-banner-title-visibility":"","ast-main-header-display":"","ast-hfb-above-header-display":"","ast-hfb-below-header-display":"","ast-hfb-mobile-header-display":"","site-post-title":"","ast-breadcrumbs-content":"","ast-featured-img":"","footer-sml-layout":"","theme-transparent-header-meta":"","adv-header-id-meta":"","stick-header-meta":"","header-above-stick-meta":"","header-main-stick-meta":"","header-below-stick-meta":"","astra-migrate-meta-layouts":"default","ast-page-background-enabled":"default","ast-page-background-meta":{"desktop":{"background-color":"var(--ast-global-color-5)","background-image":"","background-repeat":"repeat","background-position":"center center","background-size":"auto","background-attachment":"scroll","background-type":"","background-media":"","overlay-type":"","overlay-color":"","overlay-opacity":"","overlay-gradient":""},"tablet":{"background-color":"","background-image":"","background-repeat":"repeat","background-position":"center center","background-size":"auto","background-attachment":"scroll","background-type":"","background-media":"","overlay-type":"","overlay-color":"","overlay-opacity":"","overlay-gradient":""},"mobile":{"background-color":"","background-image":"","background-repeat":"repeat","background-position":"center center","background-size":"auto","background-attachment":"scroll","background-type":"","background-media":"","overlay-type":"","overlay-color":"","overlay-opacity":"","overlay-gradient":""}},"ast-content-background-meta":{"desktop":{"background-color":"var(--ast-global-color-4)","background-image":"","background-repeat":"repeat","background-position":"center center","background-size":"auto","background-attachment":"scroll","background-type":"","background-media":"","overlay-type":"","overlay-color":"","overlay-opacity":"","overlay-gradient":""},"tablet":{"background-color":"var(--ast-global-color-4)","background-image":"","background-repeat":"repeat","background-position":"center center","background-size":"auto","background-attachment":"scroll","background-type":"","background-media":"","overlay-type":"","overlay-color":"","overlay-opacity":"","overlay-gradient":""},"mobile":{"background-color":"var(--ast-global-color-4)","background-image":"","background-repeat":"repeat","background-position":"center center","background-size":"auto","background-attachment":"scroll","background-type":"","background-media":"","overlay-type":"","overlay-color":"","overlay-opacity":"","overlay-gradient":""}},"footnotes":""},"class_list":["post-2029","page","type-page","status-publish","hentry"],"_links":{"self":[{"href":"https:\/\/saintsouppletsgymnastique.com\/index.php\/wp-json\/wp\/v2\/pages\/2029","targetHints":{"allow":["GET"]}}],"collection":[{"href":"https:\/\/saintsouppletsgymnastique.com\/index.php\/wp-json\/wp\/v2\/pages"}],"about":[{"href":"https:\/\/saintsouppletsgymnastique.com\/index.php\/wp-json\/wp\/v2\/types\/page"}],"author":[{"embeddable":true,"href":"https:\/\/saintsouppletsgymnastique.com\/index.php\/wp-json\/wp\/v2\/users\/1"}],"replies":[{"embeddable":true,"href":"https:\/\/saintsouppletsgymnastique.com\/index.php\/wp-json\/wp\/v2\/comments?post=2029"}],"version-history":[{"count":4,"href":"https:\/\/saintsouppletsgymnastique.com\/index.php\/wp-json\/wp\/v2\/pages\/2029\/revisions"}],"predecessor-version":[{"id":2070,"href":"https:\/\/saintsouppletsgymnastique.com\/index.php\/wp-json\/wp\/v2\/pages\/2029\/revisions\/2070"}],"wp:attachment":[{"href":"https:\/\/saintsouppletsgymnastique.com\/index.php\/wp-json\/wp\/v2\/media?parent=2029"}],"curies":[{"name":"wp","href":"https:\/\/api.w.org\/{rel}","templated":true}]}}