{"id":1990,"date":"2025-12-17T08:42:20","date_gmt":"2025-12-17T08:42:20","guid":{"rendered":"https:\/\/saintsouppletsgymnastique.com\/?page_id=1990"},"modified":"2026-03-29T17:02:47","modified_gmt":"2026-03-29T17:02:47","slug":"resultats-individuels-gaf-2025-2026","status":"publish","type":"page","link":"https:\/\/saintsouppletsgymnastique.com\/index.php\/resultats-individuels-gaf-2025-2026\/","title":{"rendered":"R\u00e9sultats individuels GAF 2025-2026"},"content":{"rendered":"\n<p class=\"has-medium-font-size\"><strong>DEPARTEMENT<\/strong><\/p>\n\n\n\n<ul class=\"wp-block-list\">\n<li class=\"has-ast-global-color-1-color has-text-color has-link-color has-medium-font-size wp-elements-7b60bfa2a1a53f53e1873cf9cc805c52\">PERFORMANCE R\u00c9GIONALE ET NATIONALE &#8211; 13 et 14 d\u00e9cembre 2025 &#8211; Ozoir-la-Ferri\u00e8re<\/li>\n<\/ul>\n\n\n\n<div class=\"wp-block-cb-carousel-v2 cb-carousel-block\" data-cb-slides-per-view=\"1\" data-cb-slides-per-group=\"1\" data-cb-space-between=\"15\" data-cb-speed=\"300\" data-cb-navigation=\"true\" data-cb-pagination=\"true\" data-cb-breakpoints=\"{&quot;768&quot;:{&quot;slidesPerView&quot;:3,&quot;slidesPerGroup&quot;:1}}\"><div class=\"swiper\"><div class=\"cb-wrapper swiper-wrapper\">\n<div class=\"wp-block-cb-slide-v2 cb-slide swiper-slide\">\n<figure class=\"wp-block-image size-large\"><img loading=\"lazy\" decoding=\"async\" width=\"1004\" height=\"1024\" src=\"https:\/\/saintsouppletsgymnastique.com\/wp-content\/uploads\/2025\/12\/Copie-de-RESULTATS-2-1004x1024.jpg\" alt=\"\" class=\"wp-image-1991\" srcset=\"https:\/\/saintsouppletsgymnastique.com\/wp-content\/uploads\/2025\/12\/Copie-de-RESULTATS-2-1004x1024.jpg 1004w, https:\/\/saintsouppletsgymnastique.com\/wp-content\/uploads\/2025\/12\/Copie-de-RESULTATS-2-294x300.jpg 294w, https:\/\/saintsouppletsgymnastique.com\/wp-content\/uploads\/2025\/12\/Copie-de-RESULTATS-2-768x783.jpg 768w, https:\/\/saintsouppletsgymnastique.com\/wp-content\/uploads\/2025\/12\/Copie-de-RESULTATS-2.jpg 1055w\" sizes=\"auto, (max-width: 1004px) 100vw, 1004px\" \/><\/figure>\n<\/div>\n\n\n\n<div class=\"wp-block-cb-slide-v2 cb-slide swiper-slide\">\n<figure class=\"wp-block-image size-large\"><img loading=\"lazy\" decoding=\"async\" width=\"1007\" height=\"1024\" src=\"https:\/\/saintsouppletsgymnastique.com\/wp-content\/uploads\/2025\/12\/Copie-de-RESULTATS-3-1007x1024.jpg\" alt=\"\" class=\"wp-image-1992\" srcset=\"https:\/\/saintsouppletsgymnastique.com\/wp-content\/uploads\/2025\/12\/Copie-de-RESULTATS-3-1007x1024.jpg 1007w, https:\/\/saintsouppletsgymnastique.com\/wp-content\/uploads\/2025\/12\/Copie-de-RESULTATS-3-295x300.jpg 295w, https:\/\/saintsouppletsgymnastique.com\/wp-content\/uploads\/2025\/12\/Copie-de-RESULTATS-3-768x781.jpg 768w, https:\/\/saintsouppletsgymnastique.com\/wp-content\/uploads\/2025\/12\/Copie-de-RESULTATS-3.jpg 1062w\" sizes=\"auto, (max-width: 1007px) 100vw, 1007px\" \/><\/figure>\n<\/div>\n\n\n\n<div class=\"wp-block-cb-slide-v2 cb-slide swiper-slide\">\n<figure class=\"wp-block-image size-large\"><img loading=\"lazy\" decoding=\"async\" width=\"1010\" height=\"1024\" src=\"https:\/\/saintsouppletsgymnastique.com\/wp-content\/uploads\/2025\/12\/Copie-de-RESULTATS-1010x1024.jpg\" alt=\"\" class=\"wp-image-1993\" srcset=\"https:\/\/saintsouppletsgymnastique.com\/wp-content\/uploads\/2025\/12\/Copie-de-RESULTATS-1010x1024.jpg 1010w, https:\/\/saintsouppletsgymnastique.com\/wp-content\/uploads\/2025\/12\/Copie-de-RESULTATS-296x300.jpg 296w, https:\/\/saintsouppletsgymnastique.com\/wp-content\/uploads\/2025\/12\/Copie-de-RESULTATS-768x779.jpg 768w, https:\/\/saintsouppletsgymnastique.com\/wp-content\/uploads\/2025\/12\/Copie-de-RESULTATS.jpg 1061w\" sizes=\"auto, (max-width: 1010px) 100vw, 1010px\" \/><\/figure>\n<\/div>\n\n\n\n<div class=\"wp-block-cb-slide-v2 cb-slide swiper-slide\">\n<figure class=\"wp-block-image size-large\"><img loading=\"lazy\" decoding=\"async\" width=\"1010\" height=\"1024\" src=\"https:\/\/saintsouppletsgymnastique.com\/wp-content\/uploads\/2025\/12\/Copie-de-RESULTATS-1-1010x1024.jpg\" alt=\"\" class=\"wp-image-1994\" srcset=\"https:\/\/saintsouppletsgymnastique.com\/wp-content\/uploads\/2025\/12\/Copie-de-RESULTATS-1-1010x1024.jpg 1010w, https:\/\/saintsouppletsgymnastique.com\/wp-content\/uploads\/2025\/12\/Copie-de-RESULTATS-1-296x300.jpg 296w, https:\/\/saintsouppletsgymnastique.com\/wp-content\/uploads\/2025\/12\/Copie-de-RESULTATS-1-768x779.jpg 768w, https:\/\/saintsouppletsgymnastique.com\/wp-content\/uploads\/2025\/12\/Copie-de-RESULTATS-1.jpg 1065w\" sizes=\"auto, (max-width: 1010px) 100vw, 1010px\" \/><\/figure>\n<\/div>\n<\/div><\/div><div class=\"cb-pagination swiper-pagination\"><\/div><div class=\"cb-button-prev swiper-button-prev\"><\/div><div class=\"cb-button-next swiper-button-next\"><\/div><\/div>\n\n\n\n<p><\/p>\n\n\n\n<p class=\"has-medium-font-size\"><strong>INTERDEPARTEMENT<\/strong><\/p>\n\n\n\n<ul class=\"wp-block-list\">\n<li class=\"has-ast-global-color-1-color has-text-color has-link-color has-medium-font-size wp-elements-8d39857fb374ec9251e061619eed215f\">PERFORMANCE R\u00c9GIONALE ET NATIONALE &#8211; 14 et 15 f\u00e9vrier 2026 &#8211; Tremblay-en-France<\/li>\n<\/ul>\n\n\n\n<div class=\"wp-block-cb-carousel-v2 cb-carousel-block\" data-cb-slides-per-view=\"1\" data-cb-slides-per-group=\"1\" data-cb-space-between=\"15\" data-cb-speed=\"300\" data-cb-navigation=\"true\" data-cb-pagination=\"true\" data-cb-breakpoints=\"{&quot;768&quot;:{&quot;slidesPerView&quot;:3,&quot;slidesPerGroup&quot;:1}}\"><div class=\"swiper\"><div class=\"cb-wrapper swiper-wrapper\">\n<div class=\"wp-block-cb-slide-v2 cb-slide swiper-slide\">\n<figure class=\"wp-block-image size-large is-resized\"><img loading=\"lazy\" decoding=\"async\" width=\"631\" height=\"1024\" src=\"https:\/\/saintsouppletsgymnastique.com\/wp-content\/uploads\/2026\/02\/635068833_1560704686061379_721949169577082831_n-631x1024.jpg\" alt=\"\" class=\"wp-image-2044\" style=\"aspect-ratio:0.6162242751790421;width:227px;height:auto\" srcset=\"https:\/\/saintsouppletsgymnastique.com\/wp-content\/uploads\/2026\/02\/635068833_1560704686061379_721949169577082831_n-631x1024.jpg 631w, https:\/\/saintsouppletsgymnastique.com\/wp-content\/uploads\/2026\/02\/635068833_1560704686061379_721949169577082831_n-185x300.jpg 185w, https:\/\/saintsouppletsgymnastique.com\/wp-content\/uploads\/2026\/02\/635068833_1560704686061379_721949169577082831_n.jpg 640w\" sizes=\"auto, (max-width: 631px) 100vw, 631px\" \/><\/figure>\n<\/div>\n\n\n\n<div class=\"wp-block-cb-slide-v2 cb-slide swiper-slide\">\n<figure class=\"wp-block-image size-large\"><img loading=\"lazy\" decoding=\"async\" width=\"1024\" height=\"1024\" src=\"https:\/\/saintsouppletsgymnastique.com\/wp-content\/uploads\/2026\/02\/634909499_1560704696061378_8645224099559731514_n-1024x1024.jpg\" alt=\"\" class=\"wp-image-2045\" srcset=\"https:\/\/saintsouppletsgymnastique.com\/wp-content\/uploads\/2026\/02\/634909499_1560704696061378_8645224099559731514_n-1024x1024.jpg 1024w, https:\/\/saintsouppletsgymnastique.com\/wp-content\/uploads\/2026\/02\/634909499_1560704696061378_8645224099559731514_n-300x300.jpg 300w, https:\/\/saintsouppletsgymnastique.com\/wp-content\/uploads\/2026\/02\/634909499_1560704696061378_8645224099559731514_n-150x150.jpg 150w, https:\/\/saintsouppletsgymnastique.com\/wp-content\/uploads\/2026\/02\/634909499_1560704696061378_8645224099559731514_n-768x768.jpg 768w, https:\/\/saintsouppletsgymnastique.com\/wp-content\/uploads\/2026\/02\/634909499_1560704696061378_8645224099559731514_n.jpg 1080w\" sizes=\"auto, (max-width: 1024px) 100vw, 1024px\" \/><\/figure>\n<\/div>\n\n\n\n<div class=\"wp-block-cb-slide-v2 cb-slide swiper-slide\">\n<figure class=\"wp-block-image size-large\"><img loading=\"lazy\" decoding=\"async\" width=\"1024\" height=\"1024\" src=\"https:\/\/saintsouppletsgymnastique.com\/wp-content\/uploads\/2026\/02\/633554683_1560704769394704_6335622603123856893_n-1024x1024.jpg\" alt=\"\" class=\"wp-image-2046\" srcset=\"https:\/\/saintsouppletsgymnastique.com\/wp-content\/uploads\/2026\/02\/633554683_1560704769394704_6335622603123856893_n-1024x1024.jpg 1024w, https:\/\/saintsouppletsgymnastique.com\/wp-content\/uploads\/2026\/02\/633554683_1560704769394704_6335622603123856893_n-300x300.jpg 300w, https:\/\/saintsouppletsgymnastique.com\/wp-content\/uploads\/2026\/02\/633554683_1560704769394704_6335622603123856893_n-150x150.jpg 150w, https:\/\/saintsouppletsgymnastique.com\/wp-content\/uploads\/2026\/02\/633554683_1560704769394704_6335622603123856893_n-768x768.jpg 768w, https:\/\/saintsouppletsgymnastique.com\/wp-content\/uploads\/2026\/02\/633554683_1560704769394704_6335622603123856893_n.jpg 1080w\" sizes=\"auto, (max-width: 1024px) 100vw, 1024px\" \/><\/figure>\n<\/div>\n\n\n\n<div class=\"wp-block-cb-slide-v2 cb-slide swiper-slide\">\n<figure class=\"wp-block-image size-large\"><img loading=\"lazy\" decoding=\"async\" width=\"1024\" height=\"1024\" src=\"https:\/\/saintsouppletsgymnastique.com\/wp-content\/uploads\/2026\/02\/636483461_1560704762728038_7858317061622893345_n-1024x1024.jpg\" alt=\"\" class=\"wp-image-2047\" srcset=\"https:\/\/saintsouppletsgymnastique.com\/wp-content\/uploads\/2026\/02\/636483461_1560704762728038_7858317061622893345_n-1024x1024.jpg 1024w, https:\/\/saintsouppletsgymnastique.com\/wp-content\/uploads\/2026\/02\/636483461_1560704762728038_7858317061622893345_n-300x300.jpg 300w, https:\/\/saintsouppletsgymnastique.com\/wp-content\/uploads\/2026\/02\/636483461_1560704762728038_7858317061622893345_n-150x150.jpg 150w, https:\/\/saintsouppletsgymnastique.com\/wp-content\/uploads\/2026\/02\/636483461_1560704762728038_7858317061622893345_n-768x768.jpg 768w, https:\/\/saintsouppletsgymnastique.com\/wp-content\/uploads\/2026\/02\/636483461_1560704762728038_7858317061622893345_n.jpg 1080w\" sizes=\"auto, (max-width: 1024px) 100vw, 1024px\" \/><\/figure>\n<\/div>\n<\/div><\/div><div class=\"cb-pagination swiper-pagination\"><\/div><div class=\"cb-button-prev swiper-button-prev\"><\/div><div class=\"cb-button-next swiper-button-next\"><\/div><\/div>\n\n\n\n<p><\/p>\n\n\n\n<p class=\"has-medium-font-size\"><strong>REGION<\/strong><\/p>\n\n\n\n<p class=\"has-ast-global-color-1-color has-text-color has-link-color has-medium-font-size wp-elements-2a03f4b460c0941ba6d68399579c8c6c\">PERFORMANCE R\u00c9GIONALE ET NATIONALE &#8211; 28 mars 2026 &#8211; Combs-la-Ville<\/p>\n\n\n\n<div class=\"wp-block-cb-carousel-v2 cb-carousel-block\" data-cb-slides-per-view=\"1\" data-cb-slides-per-group=\"1\" data-cb-space-between=\"15\" data-cb-speed=\"300\" data-cb-navigation=\"true\" data-cb-pagination=\"true\" data-cb-breakpoints=\"{&quot;768&quot;:{&quot;slidesPerView&quot;:3,&quot;slidesPerGroup&quot;:1}}\"><div class=\"swiper\"><div class=\"cb-wrapper swiper-wrapper\">\n<div class=\"wp-block-cb-slide-v2 cb-slide swiper-slide\">\n<figure class=\"wp-block-image size-large is-resized\"><img loading=\"lazy\" decoding=\"async\" width=\"654\" height=\"1024\" src=\"https:\/\/saintsouppletsgymnastique.com\/wp-content\/uploads\/2026\/03\/660097355_1599759805489200_4726024878573566691_n-654x1024.jpg\" alt=\"\" class=\"wp-image-2065\" style=\"aspect-ratio:0.6386765755996933;width:243px;height:auto\" srcset=\"https:\/\/saintsouppletsgymnastique.com\/wp-content\/uploads\/2026\/03\/660097355_1599759805489200_4726024878573566691_n-654x1024.jpg 654w, https:\/\/saintsouppletsgymnastique.com\/wp-content\/uploads\/2026\/03\/660097355_1599759805489200_4726024878573566691_n-192x300.jpg 192w, https:\/\/saintsouppletsgymnastique.com\/wp-content\/uploads\/2026\/03\/660097355_1599759805489200_4726024878573566691_n.jpg 680w\" sizes=\"auto, (max-width: 654px) 100vw, 654px\" \/><\/figure>\n<\/div>\n\n\n\n<div class=\"wp-block-cb-slide-v2 cb-slide swiper-slide\">\n<figure class=\"wp-block-image size-large is-resized\"><img loading=\"lazy\" decoding=\"async\" width=\"601\" height=\"1024\" src=\"https:\/\/saintsouppletsgymnastique.com\/wp-content\/uploads\/2026\/03\/660489613_1599759802155867_8547356189414810600_n-601x1024.jpg\" alt=\"\" class=\"wp-image-2066\" style=\"aspect-ratio:0.5869242921375623;width:224px;height:auto\" srcset=\"https:\/\/saintsouppletsgymnastique.com\/wp-content\/uploads\/2026\/03\/660489613_1599759802155867_8547356189414810600_n-601x1024.jpg 601w, https:\/\/saintsouppletsgymnastique.com\/wp-content\/uploads\/2026\/03\/660489613_1599759802155867_8547356189414810600_n-176x300.jpg 176w, https:\/\/saintsouppletsgymnastique.com\/wp-content\/uploads\/2026\/03\/660489613_1599759802155867_8547356189414810600_n.jpg 634w\" sizes=\"auto, (max-width: 601px) 100vw, 601px\" \/><\/figure>\n<\/div>\n<\/div><\/div><div class=\"cb-pagination swiper-pagination\"><\/div><div class=\"cb-button-prev swiper-button-prev\"><\/div><div class=\"cb-button-next swiper-button-next\"><\/div><\/div>\n","protected":false},"excerpt":{"rendered":"<p>DEPARTEMENT INTERDEPARTEMENT REGION PERFORMANCE R\u00c9GIONALE ET NATIONALE &#8211; 28 mars 2026 &#8211; Combs-la-Ville<\/p>\n","protected":false},"author":1,"featured_media":0,"parent":0,"menu_order":0,"comment_status":"closed","ping_status":"closed","template":"","meta":{"site-sidebar-layout":"default","site-content-layout":"","ast-site-content-layout":"default","site-content-style":"default","site-sidebar-style":"default","ast-global-header-display":"","ast-banner-title-visibility":"","ast-main-header-display":"","ast-hfb-above-header-display":"","ast-hfb-below-header-display":"","ast-hfb-mobile-header-display":"","site-post-title":"","ast-breadcrumbs-content":"","ast-featured-img":"","footer-sml-layout":"","theme-transparent-header-meta":"","adv-header-id-meta":"","stick-header-meta":"","header-above-stick-meta":"","header-main-stick-meta":"","header-below-stick-meta":"","astra-migrate-meta-layouts":"default","ast-page-background-enabled":"default","ast-page-background-meta":{"desktop":{"background-color":"var(--ast-global-color-5)","background-image":"","background-repeat":"repeat","background-position":"center center","background-size":"auto","background-attachment":"scroll","background-type":"","background-media":"","overlay-type":"","overlay-color":"","overlay-opacity":"","overlay-gradient":""},"tablet":{"background-color":"","background-image":"","background-repeat":"repeat","background-position":"center center","background-size":"auto","background-attachment":"scroll","background-type":"","background-media":"","overlay-type":"","overlay-color":"","overlay-opacity":"","overlay-gradient":""},"mobile":{"background-color":"","background-image":"","background-repeat":"repeat","background-position":"center center","background-size":"auto","background-attachment":"scroll","background-type":"","background-media":"","overlay-type":"","overlay-color":"","overlay-opacity":"","overlay-gradient":""}},"ast-content-background-meta":{"desktop":{"background-color":"var(--ast-global-color-4)","background-image":"","background-repeat":"repeat","background-position":"center center","background-size":"auto","background-attachment":"scroll","background-type":"","background-media":"","overlay-type":"","overlay-color":"","overlay-opacity":"","overlay-gradient":""},"tablet":{"background-color":"var(--ast-global-color-4)","background-image":"","background-repeat":"repeat","background-position":"center center","background-size":"auto","background-attachment":"scroll","background-type":"","background-media":"","overlay-type":"","overlay-color":"","overlay-opacity":"","overlay-gradient":""},"mobile":{"background-color":"var(--ast-global-color-4)","background-image":"","background-repeat":"repeat","background-position":"center center","background-size":"auto","background-attachment":"scroll","background-type":"","background-media":"","overlay-type":"","overlay-color":"","overlay-opacity":"","overlay-gradient":""}},"footnotes":""},"class_list":["post-1990","page","type-page","status-publish","hentry"],"_links":{"self":[{"href":"https:\/\/saintsouppletsgymnastique.com\/index.php\/wp-json\/wp\/v2\/pages\/1990","targetHints":{"allow":["GET"]}}],"collection":[{"href":"https:\/\/saintsouppletsgymnastique.com\/index.php\/wp-json\/wp\/v2\/pages"}],"about":[{"href":"https:\/\/saintsouppletsgymnastique.com\/index.php\/wp-json\/wp\/v2\/types\/page"}],"author":[{"embeddable":true,"href":"https:\/\/saintsouppletsgymnastique.com\/index.php\/wp-json\/wp\/v2\/users\/1"}],"replies":[{"embeddable":true,"href":"https:\/\/saintsouppletsgymnastique.com\/index.php\/wp-json\/wp\/v2\/comments?post=1990"}],"version-history":[{"count":4,"href":"https:\/\/saintsouppletsgymnastique.com\/index.php\/wp-json\/wp\/v2\/pages\/1990\/revisions"}],"predecessor-version":[{"id":2067,"href":"https:\/\/saintsouppletsgymnastique.com\/index.php\/wp-json\/wp\/v2\/pages\/1990\/revisions\/2067"}],"wp:attachment":[{"href":"https:\/\/saintsouppletsgymnastique.com\/index.php\/wp-json\/wp\/v2\/media?parent=1990"}],"curies":[{"name":"wp","href":"https:\/\/api.w.org\/{rel}","templated":true}]}}