{"id":1926,"date":"2025-09-17T12:08:41","date_gmt":"2025-09-17T12:08:41","guid":{"rendered":"https:\/\/saintsouppletsgymnastique.com\/?page_id=1926"},"modified":"2025-09-17T12:14:35","modified_gmt":"2025-09-17T12:14:35","slug":"assemblee-generale","status":"publish","type":"page","link":"https:\/\/saintsouppletsgymnastique.com\/index.php\/assemblee-generale\/","title":{"rendered":"Assembl\u00e9e g\u00e9n\u00e9rale"},"content":{"rendered":"\n<p class=\"has-ast-global-color-1-color has-text-color has-link-color has-medium-font-size wp-elements-1a5936eeb20a5f3ba3fb054162510788\"><strong>PV &#8211; Assembl\u00e9e G\u00e9n\u00e9rale, 1e octobre 2024<\/strong><\/p>\n\n\n\n<div data-wp-interactive=\"core\/file\" class=\"wp-block-file\"><object data-wp-bind--hidden=\"!state.hasPdfPreview\" hidden class=\"wp-block-file__embed\" data=\"https:\/\/saintsouppletsgymnastique.com\/wp-content\/uploads\/2025\/09\/PV-AG-01-10-2024-signe.pdf\" type=\"application\/pdf\" style=\"width:100%;height:600px\" aria-label=\"Contenu embarqu\u00e9 PV AG 01-10-2024 sign\u00e9.\"><\/object><a id=\"wp-block-file--media-35fdd8ba-98a7-4efe-9df8-b49fd9e96156\" href=\"https:\/\/saintsouppletsgymnastique.com\/wp-content\/uploads\/2025\/09\/PV-AG-01-10-2024-signe.pdf\">PV AG 01-10-2024 sign\u00e9<\/a><a href=\"https:\/\/saintsouppletsgymnastique.com\/wp-content\/uploads\/2025\/09\/PV-AG-01-10-2024-signe.pdf\" class=\"wp-block-file__button wp-element-button\" download aria-describedby=\"wp-block-file--media-35fdd8ba-98a7-4efe-9df8-b49fd9e96156\">T\u00e9l\u00e9charger<\/a><\/div>\n","protected":false},"excerpt":{"rendered":"<p>PV &#8211; Assembl\u00e9e G\u00e9n\u00e9rale, 1e octobre 2024<\/p>\n","protected":false},"author":1,"featured_media":0,"parent":0,"menu_order":0,"comment_status":"closed","ping_status":"closed","template":"","meta":{"site-sidebar-layout":"default","site-content-layout":"","ast-site-content-layout":"default","site-content-style":"default","site-sidebar-style":"default","ast-global-header-display":"","ast-banner-title-visibility":"","ast-main-header-display":"","ast-hfb-above-header-display":"","ast-hfb-below-header-display":"","ast-hfb-mobile-header-display":"","site-post-title":"","ast-breadcrumbs-content":"","ast-featured-img":"","footer-sml-layout":"","theme-transparent-header-meta":"","adv-header-id-meta":"","stick-header-meta":"","header-above-stick-meta":"","header-main-stick-meta":"","header-below-stick-meta":"","astra-migrate-meta-layouts":"default","ast-page-background-enabled":"default","ast-page-background-meta":{"desktop":{"background-color":"var(--ast-global-color-5)","background-image":"","background-repeat":"repeat","background-position":"center center","background-size":"auto","background-attachment":"scroll","background-type":"","background-media":"","overlay-type":"","overlay-color":"","overlay-opacity":"","overlay-gradient":""},"tablet":{"background-color":"","background-image":"","background-repeat":"repeat","background-position":"center center","background-size":"auto","background-attachment":"scroll","background-type":"","background-media":"","overlay-type":"","overlay-color":"","overlay-opacity":"","overlay-gradient":""},"mobile":{"background-color":"","background-image":"","background-repeat":"repeat","background-position":"center center","background-size":"auto","background-attachment":"scroll","background-type":"","background-media":"","overlay-type":"","overlay-color":"","overlay-opacity":"","overlay-gradient":""}},"ast-content-background-meta":{"desktop":{"background-color":"var(--ast-global-color-4)","background-image":"","background-repeat":"repeat","background-position":"center center","background-size":"auto","background-attachment":"scroll","background-type":"","background-media":"","overlay-type":"","overlay-color":"","overlay-opacity":"","overlay-gradient":""},"tablet":{"background-color":"var(--ast-global-color-4)","background-image":"","background-repeat":"repeat","background-position":"center center","background-size":"auto","background-attachment":"scroll","background-type":"","background-media":"","overlay-type":"","overlay-color":"","overlay-opacity":"","overlay-gradient":""},"mobile":{"background-color":"var(--ast-global-color-4)","background-image":"","background-repeat":"repeat","background-position":"center center","background-size":"auto","background-attachment":"scroll","background-type":"","background-media":"","overlay-type":"","overlay-color":"","overlay-opacity":"","overlay-gradient":""}},"footnotes":""},"class_list":["post-1926","page","type-page","status-publish","hentry"],"_links":{"self":[{"href":"https:\/\/saintsouppletsgymnastique.com\/index.php\/wp-json\/wp\/v2\/pages\/1926","targetHints":{"allow":["GET"]}}],"collection":[{"href":"https:\/\/saintsouppletsgymnastique.com\/index.php\/wp-json\/wp\/v2\/pages"}],"about":[{"href":"https:\/\/saintsouppletsgymnastique.com\/index.php\/wp-json\/wp\/v2\/types\/page"}],"author":[{"embeddable":true,"href":"https:\/\/saintsouppletsgymnastique.com\/index.php\/wp-json\/wp\/v2\/users\/1"}],"replies":[{"embeddable":true,"href":"https:\/\/saintsouppletsgymnastique.com\/index.php\/wp-json\/wp\/v2\/comments?post=1926"}],"version-history":[{"count":3,"href":"https:\/\/saintsouppletsgymnastique.com\/index.php\/wp-json\/wp\/v2\/pages\/1926\/revisions"}],"predecessor-version":[{"id":1938,"href":"https:\/\/saintsouppletsgymnastique.com\/index.php\/wp-json\/wp\/v2\/pages\/1926\/revisions\/1938"}],"wp:attachment":[{"href":"https:\/\/saintsouppletsgymnastique.com\/index.php\/wp-json\/wp\/v2\/media?parent=1926"}],"curies":[{"name":"wp","href":"https:\/\/api.w.org\/{rel}","templated":true}]}}