{"id":1802,"date":"2025-07-22T11:44:26","date_gmt":"2025-07-22T11:44:26","guid":{"rendered":"https:\/\/saintsouppletsgymnastique.com\/?page_id=1802"},"modified":"2025-08-20T14:30:15","modified_gmt":"2025-08-20T14:30:15","slug":"stage-dete","status":"publish","type":"page","link":"https:\/\/saintsouppletsgymnastique.com\/index.php\/stage-dete\/","title":{"rendered":"Stage d&rsquo;\u00e9t\u00e9 2025"},"content":{"rendered":"\n<p><img loading=\"lazy\" decoding=\"async\" height=\"16\" width=\"16\" alt=\"\ud83e\udd38\ud83c\udffc\u200d\u2640\ufe0f\" src=\"https:\/\/static.xx.fbcdn.net\/images\/emoji.php\/v9\/t3f\/2\/16\/1f938_1f3fc_200d_2640.png\"> STAGE SPORTIF &amp; D\u00c9CONNECT\u00c9 <img loading=\"lazy\" decoding=\"async\" height=\"16\" width=\"16\" alt=\"\ud83d\udeb4\ud83c\udffc\u200d\u2640\ufe0f\" src=\"https:\/\/static.xx.fbcdn.net\/images\/emoji.php\/v9\/ta9\/2\/16\/1f6b4_1f3fc_200d_2640.png\"><\/p>\n\n\n\n<p>Du 9 <a><\/a>au 11 juillet, notre stage sportif a r\u00e9uni nos gymnastes autour de la gymnastique, mais aussi d\u2019activit\u00e9s vari\u00e9es.<\/p>\n\n\n\n<p>Au programme : escalade, badminton, v\u00e9lo, sans oublier un passage aux Estivales de l\u2019Espace la Go\u00eblette de Saint Soupplets et un ventriglisse pour cl\u00f4turer le tout ! <img loading=\"lazy\" decoding=\"async\" height=\"16\" width=\"16\" src=\"https:\/\/static.xx.fbcdn.net\/images\/emoji.php\/v9\/tee\/2\/16\/1f601.png\" alt=\"\ud83d\ude01\"><\/p>\n\n\n\n<p>Trois journ\u00e9es intenses, pleines d\u2019\u00e9nergie, de rires et de partage pour nos gymnastes !<\/p>\n\n\n\n<figure class=\"wp-block-gallery has-nested-images columns-5 is-cropped wp-block-gallery-1 is-layout-flex wp-block-gallery-is-layout-flex\">\n<figure class=\"wp-block-image size-large\"><img loading=\"lazy\" decoding=\"async\" width=\"1024\" height=\"768\" data-id=\"1806\" src=\"https:\/\/saintsouppletsgymnastique.com\/wp-content\/uploads\/2025\/07\/satge4-1024x768.jpeg\" alt=\"\" class=\"wp-image-1806\" srcset=\"https:\/\/saintsouppletsgymnastique.com\/wp-content\/uploads\/2025\/07\/satge4-1024x768.jpeg 1024w, https:\/\/saintsouppletsgymnastique.com\/wp-content\/uploads\/2025\/07\/satge4-300x225.jpeg 300w, https:\/\/saintsouppletsgymnastique.com\/wp-content\/uploads\/2025\/07\/satge4-768x576.jpeg 768w, https:\/\/saintsouppletsgymnastique.com\/wp-content\/uploads\/2025\/07\/satge4-1536x1152.jpeg 1536w, https:\/\/saintsouppletsgymnastique.com\/wp-content\/uploads\/2025\/07\/satge4.jpeg 2048w\" sizes=\"auto, (max-width: 1024px) 100vw, 1024px\" \/><\/figure>\n\n\n\n<figure class=\"wp-block-image size-large\"><img loading=\"lazy\" decoding=\"async\" width=\"576\" height=\"1024\" data-id=\"1810\" src=\"https:\/\/saintsouppletsgymnastique.com\/wp-content\/uploads\/2025\/07\/satge3-576x1024.jpeg\" alt=\"\" class=\"wp-image-1810\" srcset=\"https:\/\/saintsouppletsgymnastique.com\/wp-content\/uploads\/2025\/07\/satge3-576x1024.jpeg 576w, https:\/\/saintsouppletsgymnastique.com\/wp-content\/uploads\/2025\/07\/satge3-169x300.jpeg 169w, https:\/\/saintsouppletsgymnastique.com\/wp-content\/uploads\/2025\/07\/satge3-768x1365.jpeg 768w, https:\/\/saintsouppletsgymnastique.com\/wp-content\/uploads\/2025\/07\/satge3-864x1536.jpeg 864w, https:\/\/saintsouppletsgymnastique.com\/wp-content\/uploads\/2025\/07\/satge3.jpeg 1152w\" sizes=\"auto, (max-width: 576px) 100vw, 576px\" \/><\/figure>\n\n\n\n<figure class=\"wp-block-image size-large\"><img loading=\"lazy\" decoding=\"async\" width=\"768\" height=\"1024\" data-id=\"1808\" src=\"https:\/\/saintsouppletsgymnastique.com\/wp-content\/uploads\/2025\/07\/stage2-768x1024.jpeg\" alt=\"\" class=\"wp-image-1808\" srcset=\"https:\/\/saintsouppletsgymnastique.com\/wp-content\/uploads\/2025\/07\/stage2-768x1024.jpeg 768w, https:\/\/saintsouppletsgymnastique.com\/wp-content\/uploads\/2025\/07\/stage2-225x300.jpeg 225w, https:\/\/saintsouppletsgymnastique.com\/wp-content\/uploads\/2025\/07\/stage2-1152x1536.jpeg 1152w, https:\/\/saintsouppletsgymnastique.com\/wp-content\/uploads\/2025\/07\/stage2.jpeg 1536w\" sizes=\"auto, (max-width: 768px) 100vw, 768px\" \/><\/figure>\n\n\n\n<figure class=\"wp-block-image size-large\"><img loading=\"lazy\" decoding=\"async\" width=\"1024\" height=\"775\" data-id=\"1807\" src=\"https:\/\/saintsouppletsgymnastique.com\/wp-content\/uploads\/2025\/07\/stage1-1024x775.jpeg\" alt=\"\" class=\"wp-image-1807\" srcset=\"https:\/\/saintsouppletsgymnastique.com\/wp-content\/uploads\/2025\/07\/stage1-1024x775.jpeg 1024w, https:\/\/saintsouppletsgymnastique.com\/wp-content\/uploads\/2025\/07\/stage1-300x227.jpeg 300w, https:\/\/saintsouppletsgymnastique.com\/wp-content\/uploads\/2025\/07\/stage1-768x581.jpeg 768w, https:\/\/saintsouppletsgymnastique.com\/wp-content\/uploads\/2025\/07\/stage1-1536x1162.jpeg 1536w, https:\/\/saintsouppletsgymnastique.com\/wp-content\/uploads\/2025\/07\/stage1.jpeg 2048w\" sizes=\"auto, (max-width: 1024px) 100vw, 1024px\" \/><\/figure>\n\n\n\n<figure class=\"wp-block-image size-large\"><img loading=\"lazy\" decoding=\"async\" width=\"576\" height=\"1024\" data-id=\"1809\" src=\"https:\/\/saintsouppletsgymnastique.com\/wp-content\/uploads\/2025\/07\/stage-576x1024.jpeg\" alt=\"\" class=\"wp-image-1809\" srcset=\"https:\/\/saintsouppletsgymnastique.com\/wp-content\/uploads\/2025\/07\/stage-576x1024.jpeg 576w, https:\/\/saintsouppletsgymnastique.com\/wp-content\/uploads\/2025\/07\/stage-169x300.jpeg 169w, https:\/\/saintsouppletsgymnastique.com\/wp-content\/uploads\/2025\/07\/stage-768x1365.jpeg 768w, https:\/\/saintsouppletsgymnastique.com\/wp-content\/uploads\/2025\/07\/stage-864x1536.jpeg 864w, https:\/\/saintsouppletsgymnastique.com\/wp-content\/uploads\/2025\/07\/stage.jpeg 1152w\" sizes=\"auto, (max-width: 576px) 100vw, 576px\" \/><\/figure>\n<\/figure>\n\n\n\n<p><\/p>\n","protected":false},"excerpt":{"rendered":"<p>STAGE SPORTIF &amp; D\u00c9CONNECT\u00c9 Du 9 au 11 juillet, notre stage sportif a r\u00e9uni nos gymnastes autour de la gymnastique, [&hellip;]<\/p>\n","protected":false},"author":1,"featured_media":0,"parent":0,"menu_order":0,"comment_status":"closed","ping_status":"closed","template":"","meta":{"site-sidebar-layout":"default","site-content-layout":"","ast-site-content-layout":"default","site-content-style":"default","site-sidebar-style":"default","ast-global-header-display":"","ast-banner-title-visibility":"","ast-main-header-display":"","ast-hfb-above-header-display":"","ast-hfb-below-header-display":"","ast-hfb-mobile-header-display":"","site-post-title":"","ast-breadcrumbs-content":"","ast-featured-img":"","footer-sml-layout":"","theme-transparent-header-meta":"","adv-header-id-meta":"","stick-header-meta":"","header-above-stick-meta":"","header-main-stick-meta":"","header-below-stick-meta":"","astra-migrate-meta-layouts":"default","ast-page-background-enabled":"default","ast-page-background-meta":{"desktop":{"background-color":"var(--ast-global-color-5)","background-image":"","background-repeat":"repeat","background-position":"center center","background-size":"auto","background-attachment":"scroll","background-type":"","background-media":"","overlay-type":"","overlay-color":"","overlay-opacity":"","overlay-gradient":""},"tablet":{"background-color":"","background-image":"","background-repeat":"repeat","background-position":"center center","background-size":"auto","background-attachment":"scroll","background-type":"","background-media":"","overlay-type":"","overlay-color":"","overlay-opacity":"","overlay-gradient":""},"mobile":{"background-color":"","background-image":"","background-repeat":"repeat","background-position":"center center","background-size":"auto","background-attachment":"scroll","background-type":"","background-media":"","overlay-type":"","overlay-color":"","overlay-opacity":"","overlay-gradient":""}},"ast-content-background-meta":{"desktop":{"background-color":"var(--ast-global-color-4)","background-image":"","background-repeat":"repeat","background-position":"center center","background-size":"auto","background-attachment":"scroll","background-type":"","background-media":"","overlay-type":"","overlay-color":"","overlay-opacity":"","overlay-gradient":""},"tablet":{"background-color":"var(--ast-global-color-4)","background-image":"","background-repeat":"repeat","background-position":"center center","background-size":"auto","background-attachment":"scroll","background-type":"","background-media":"","overlay-type":"","overlay-color":"","overlay-opacity":"","overlay-gradient":""},"mobile":{"background-color":"var(--ast-global-color-4)","background-image":"","background-repeat":"repeat","background-position":"center center","background-size":"auto","background-attachment":"scroll","background-type":"","background-media":"","overlay-type":"","overlay-color":"","overlay-opacity":"","overlay-gradient":""}},"footnotes":""},"class_list":["post-1802","page","type-page","status-publish","hentry"],"_links":{"self":[{"href":"https:\/\/saintsouppletsgymnastique.com\/index.php\/wp-json\/wp\/v2\/pages\/1802","targetHints":{"allow":["GET"]}}],"collection":[{"href":"https:\/\/saintsouppletsgymnastique.com\/index.php\/wp-json\/wp\/v2\/pages"}],"about":[{"href":"https:\/\/saintsouppletsgymnastique.com\/index.php\/wp-json\/wp\/v2\/types\/page"}],"author":[{"embeddable":true,"href":"https:\/\/saintsouppletsgymnastique.com\/index.php\/wp-json\/wp\/v2\/users\/1"}],"replies":[{"embeddable":true,"href":"https:\/\/saintsouppletsgymnastique.com\/index.php\/wp-json\/wp\/v2\/comments?post=1802"}],"version-history":[{"count":5,"href":"https:\/\/saintsouppletsgymnastique.com\/index.php\/wp-json\/wp\/v2\/pages\/1802\/revisions"}],"predecessor-version":[{"id":1874,"href":"https:\/\/saintsouppletsgymnastique.com\/index.php\/wp-json\/wp\/v2\/pages\/1802\/revisions\/1874"}],"wp:attachment":[{"href":"https:\/\/saintsouppletsgymnastique.com\/index.php\/wp-json\/wp\/v2\/media?parent=1802"}],"curies":[{"name":"wp","href":"https:\/\/api.w.org\/{rel}","templated":true}]}}