{"id":1563,"date":"2023-10-21T16:05:32","date_gmt":"2023-10-21T14:05:32","guid":{"rendered":"http:\/\/gym.skwatt.com\/?page_id=2"},"modified":"2025-07-26T09:45:53","modified_gmt":"2025-07-26T09:45:53","slug":"saint-soupplets-gymnastique-club-de-gymnastique-du-77","status":"publish","type":"page","link":"https:\/\/saintsouppletsgymnastique.com\/","title":{"rendered":"Saint Soupplets Gymnastique"},"content":{"rendered":"\n<figure class=\"wp-block-image aligncenter size-large is-resized\"><img loading=\"lazy\" decoding=\"async\" width=\"1024\" height=\"585\" src=\"https:\/\/saintsouppletsgymnastique.com\/wp-content\/uploads\/2025\/05\/Baby-1-1024x585.jpg\" alt=\"\" class=\"wp-image-1491\" style=\"width:912px;height:auto\" srcset=\"https:\/\/saintsouppletsgymnastique.com\/wp-content\/uploads\/2025\/05\/Baby-1-1024x585.jpg 1024w, https:\/\/saintsouppletsgymnastique.com\/wp-content\/uploads\/2025\/05\/Baby-1-300x171.jpg 300w, https:\/\/saintsouppletsgymnastique.com\/wp-content\/uploads\/2025\/05\/Baby-1-768x439.jpg 768w, https:\/\/saintsouppletsgymnastique.com\/wp-content\/uploads\/2025\/05\/Baby-1-1536x877.jpg 1536w, https:\/\/saintsouppletsgymnastique.com\/wp-content\/uploads\/2025\/05\/Baby-1-2048x1170.jpg 2048w\" sizes=\"auto, (max-width: 1024px) 100vw, 1024px\" \/><\/figure>\n\n\n\n<div class=\"wp-block-buttons has-custom-font-size VS-sticky VM-sticky VL-sticky VXL-sticky has-medium-font-size is-horizontal is-content-justification-center is-layout-flex wp-container-core-buttons-is-layout-ef5ce59c wp-block-buttons-is-layout-flex\">\n<div class=\"wp-block-button\"><a class=\"wp-block-button__link has-ast-global-color-5-color has-ast-global-color-1-background-color has-text-color has-background has-link-color wp-element-button\" href=\"https:\/\/saintsouppletsgymnastique.com\/index.php\/le-club\/\" style=\"border-style:none;border-width:0px;border-radius:0px;padding-top:var(--wp--preset--spacing--40);padding-right:var(--wp--preset--spacing--50);padding-bottom:var(--wp--preset--spacing--40);padding-left:var(--wp--preset--spacing--50)\">LE CLUB<\/a><\/div>\n<\/div>\n\n\n\n<p class=\"has-ast-global-color-4-color has-text-color has-background has-link-color has-large-font-size wp-elements-f4b53d0e27b7dfc94fe5788e89204cac\" style=\"background:linear-gradient(268deg,rgb(254,205,165) 23%,rgb(254,45,45) 68%,rgb(107,0,62) 100%);padding-top:0;padding-right:var(--wp--preset--spacing--30);padding-bottom:0;padding-left:var(--wp--preset--spacing--30)\">Actualit\u00e9s<\/p>\n\n\n<ul class=\"wp-block-latest-posts__list is-grid columns-4 wp-block-latest-posts\"><li><div class=\"wp-block-latest-posts__featured-image\"><a href=\"https:\/\/saintsouppletsgymnastique.com\/index.php\/2026\/04\/05\/resultats\/\" aria-label=\"RESULTATS\"><img loading=\"lazy\" decoding=\"async\" width=\"300\" height=\"300\" src=\"https:\/\/saintsouppletsgymnastique.com\/wp-content\/uploads\/2026\/02\/Copie-de-RESULTATS-300x300.png\" class=\"attachment-medium size-medium wp-post-image\" alt=\"\" style=\"\" srcset=\"https:\/\/saintsouppletsgymnastique.com\/wp-content\/uploads\/2026\/02\/Copie-de-RESULTATS-300x300.png 300w, https:\/\/saintsouppletsgymnastique.com\/wp-content\/uploads\/2026\/02\/Copie-de-RESULTATS-1024x1024.png 1024w, https:\/\/saintsouppletsgymnastique.com\/wp-content\/uploads\/2026\/02\/Copie-de-RESULTATS-150x150.png 150w, https:\/\/saintsouppletsgymnastique.com\/wp-content\/uploads\/2026\/02\/Copie-de-RESULTATS-768x768.png 768w, https:\/\/saintsouppletsgymnastique.com\/wp-content\/uploads\/2026\/02\/Copie-de-RESULTATS.png 1080w\" sizes=\"auto, (max-width: 300px) 100vw, 300px\" \/><\/a><\/div><a class=\"wp-block-latest-posts__post-title\" href=\"https:\/\/saintsouppletsgymnastique.com\/index.php\/2026\/04\/05\/resultats\/\">RESULTATS<\/a><div class=\"wp-block-latest-posts__post-excerpt\"><\/div><\/li>\n<li><div class=\"wp-block-latest-posts__featured-image\"><a href=\"https:\/\/saintsouppletsgymnastique.com\/index.php\/2026\/04\/05\/challenge-loisir-2026\/\" aria-label=\"CHALLENGE LOISIR &#8211; 2026\"><img loading=\"lazy\" decoding=\"async\" width=\"212\" height=\"300\" src=\"https:\/\/saintsouppletsgymnastique.com\/wp-content\/uploads\/2026\/03\/Challenge-loisir-2026-3-1-212x300.jpg\" class=\"attachment-medium size-medium wp-post-image\" alt=\"\" style=\"\" srcset=\"https:\/\/saintsouppletsgymnastique.com\/wp-content\/uploads\/2026\/03\/Challenge-loisir-2026-3-1-212x300.jpg 212w, https:\/\/saintsouppletsgymnastique.com\/wp-content\/uploads\/2026\/03\/Challenge-loisir-2026-3-1-724x1024.jpg 724w, https:\/\/saintsouppletsgymnastique.com\/wp-content\/uploads\/2026\/03\/Challenge-loisir-2026-3-1-768x1086.jpg 768w, https:\/\/saintsouppletsgymnastique.com\/wp-content\/uploads\/2026\/03\/Challenge-loisir-2026-3-1-1086x1536.jpg 1086w, https:\/\/saintsouppletsgymnastique.com\/wp-content\/uploads\/2026\/03\/Challenge-loisir-2026-3-1.jpg 1414w\" sizes=\"auto, (max-width: 212px) 100vw, 212px\" \/><\/a><\/div><a class=\"wp-block-latest-posts__post-title\" href=\"https:\/\/saintsouppletsgymnastique.com\/index.php\/2026\/04\/05\/challenge-loisir-2026\/\">CHALLENGE LOISIR &#8211; 2026<\/a><div class=\"wp-block-latest-posts__post-excerpt\"><\/div><\/li>\n<li><div class=\"wp-block-latest-posts__featured-image\"><a href=\"https:\/\/saintsouppletsgymnastique.com\/index.php\/2026\/04\/04\/chasse-aux-oeufs\/\" aria-label=\"CHASSE AUX OEUFS\"><img loading=\"lazy\" decoding=\"async\" width=\"240\" height=\"300\" src=\"https:\/\/saintsouppletsgymnastique.com\/wp-content\/uploads\/2026\/04\/665565634_1605803824884798_4227117728143281289_n-240x300.jpg\" class=\"attachment-medium size-medium wp-post-image\" alt=\"\" style=\"\" srcset=\"https:\/\/saintsouppletsgymnastique.com\/wp-content\/uploads\/2026\/04\/665565634_1605803824884798_4227117728143281289_n-240x300.jpg 240w, https:\/\/saintsouppletsgymnastique.com\/wp-content\/uploads\/2026\/04\/665565634_1605803824884798_4227117728143281289_n-819x1024.jpg 819w, https:\/\/saintsouppletsgymnastique.com\/wp-content\/uploads\/2026\/04\/665565634_1605803824884798_4227117728143281289_n-768x960.jpg 768w, https:\/\/saintsouppletsgymnastique.com\/wp-content\/uploads\/2026\/04\/665565634_1605803824884798_4227117728143281289_n.jpg 1080w\" sizes=\"auto, (max-width: 240px) 100vw, 240px\" \/><\/a><\/div><a class=\"wp-block-latest-posts__post-title\" href=\"https:\/\/saintsouppletsgymnastique.com\/index.php\/2026\/04\/04\/chasse-aux-oeufs\/\">CHASSE AUX OEUFS<\/a><div class=\"wp-block-latest-posts__post-excerpt\">Chasse aux \u0153ufs pour nos baby gym ! Petit moment de partage, de sourires et de chocolat<\/div><\/li>\n<li><div class=\"wp-block-latest-posts__featured-image\"><a href=\"https:\/\/saintsouppletsgymnastique.com\/index.php\/2026\/03\/13\/semaine-de-la-baby-14-au-22-mars\/\" aria-label=\"SEMAINE DE LA BABY GYM &#8211; 14 au 22 mars\"><img loading=\"lazy\" decoding=\"async\" width=\"240\" height=\"300\" src=\"https:\/\/saintsouppletsgymnastique.com\/wp-content\/uploads\/2026\/03\/semaine-baby-insta-240x300.png\" class=\"attachment-medium size-medium wp-post-image\" alt=\"\" style=\"\" srcset=\"https:\/\/saintsouppletsgymnastique.com\/wp-content\/uploads\/2026\/03\/semaine-baby-insta-240x300.png 240w, https:\/\/saintsouppletsgymnastique.com\/wp-content\/uploads\/2026\/03\/semaine-baby-insta-819x1024.png 819w, https:\/\/saintsouppletsgymnastique.com\/wp-content\/uploads\/2026\/03\/semaine-baby-insta-768x960.png 768w, https:\/\/saintsouppletsgymnastique.com\/wp-content\/uploads\/2026\/03\/semaine-baby-insta.png 1080w\" sizes=\"auto, (max-width: 240px) 100vw, 240px\" \/><\/a><\/div><a class=\"wp-block-latest-posts__post-title\" href=\"https:\/\/saintsouppletsgymnastique.com\/index.php\/2026\/03\/13\/semaine-de-la-baby-14-au-22-mars\/\">SEMAINE DE LA BABY GYM &#8211; 14 au 22 mars<\/a><div class=\"wp-block-latest-posts__post-excerpt\"><\/div><\/li>\n<li><div class=\"wp-block-latest-posts__featured-image\"><a href=\"https:\/\/saintsouppletsgymnastique.com\/index.php\/2025\/12\/17\/loto-3-janvier-2026\/\" aria-label=\"LOTO &#8211; 3 JANVIER 2026\"><img loading=\"lazy\" decoding=\"async\" width=\"212\" height=\"300\" src=\"https:\/\/saintsouppletsgymnastique.com\/wp-content\/uploads\/2025\/12\/loto-212x300.jpg\" class=\"attachment-medium size-medium wp-post-image\" alt=\"\" style=\"\" srcset=\"https:\/\/saintsouppletsgymnastique.com\/wp-content\/uploads\/2025\/12\/loto-212x300.jpg 212w, https:\/\/saintsouppletsgymnastique.com\/wp-content\/uploads\/2025\/12\/loto-724x1024.jpg 724w, https:\/\/saintsouppletsgymnastique.com\/wp-content\/uploads\/2025\/12\/loto-768x1086.jpg 768w, https:\/\/saintsouppletsgymnastique.com\/wp-content\/uploads\/2025\/12\/loto-1087x1536.jpg 1087w, https:\/\/saintsouppletsgymnastique.com\/wp-content\/uploads\/2025\/12\/loto.jpg 1415w\" sizes=\"auto, (max-width: 212px) 100vw, 212px\" \/><\/a><\/div><a class=\"wp-block-latest-posts__post-title\" href=\"https:\/\/saintsouppletsgymnastique.com\/index.php\/2025\/12\/17\/loto-3-janvier-2026\/\">LOTO &#8211; 3 JANVIER 2026<\/a><div class=\"wp-block-latest-posts__post-excerpt\"><\/div><\/li>\n<li><div class=\"wp-block-latest-posts__featured-image\"><a href=\"https:\/\/saintsouppletsgymnastique.com\/index.php\/2025\/11\/26\/jeux-dautomne\/\" aria-label=\"JEUX D&rsquo;AUTOMNE\"><img loading=\"lazy\" decoding=\"async\" width=\"213\" height=\"300\" src=\"https:\/\/saintsouppletsgymnastique.com\/wp-content\/uploads\/2025\/11\/IMG_7081-213x300.jpg\" class=\"attachment-medium size-medium wp-post-image\" alt=\"\" style=\"\" srcset=\"https:\/\/saintsouppletsgymnastique.com\/wp-content\/uploads\/2025\/11\/IMG_7081-213x300.jpg 213w, https:\/\/saintsouppletsgymnastique.com\/wp-content\/uploads\/2025\/11\/IMG_7081-728x1024.jpg 728w, https:\/\/saintsouppletsgymnastique.com\/wp-content\/uploads\/2025\/11\/IMG_7081-768x1080.jpg 768w, https:\/\/saintsouppletsgymnastique.com\/wp-content\/uploads\/2025\/11\/IMG_7081-1092x1536.jpg 1092w, https:\/\/saintsouppletsgymnastique.com\/wp-content\/uploads\/2025\/11\/IMG_7081.jpg 1170w\" sizes=\"auto, (max-width: 213px) 100vw, 213px\" \/><\/a><\/div><a class=\"wp-block-latest-posts__post-title\" href=\"https:\/\/saintsouppletsgymnastique.com\/index.php\/2025\/11\/26\/jeux-dautomne\/\">JEUX D&rsquo;AUTOMNE<\/a><div class=\"wp-block-latest-posts__post-excerpt\">&nbsp;\u00c9V\u00c9NEMENT TOUS PUBLICS&nbsp; &nbsp;Dimanche 30 novembre &#8211; 14h \u00e0 18h&nbsp;gymnase de Saint Soupplets Notre club organise pour la 3e \u00e9dition :&nbsp; &nbsp;LES JEUX D\u2019AUTOMNE&nbsp; Jeu gonflable, mini trampoline, courses, bowling, parkour et plein d\u2019autres sont au rendez-vous ! N\u2019h\u00e9sitez pas \u00e0 nous contacter pour plus de renseignements.<\/div><\/li>\n<li><div class=\"wp-block-latest-posts__featured-image\"><a href=\"https:\/\/saintsouppletsgymnastique.com\/index.php\/2025\/10\/31\/halloween-a-saint-soupplets\/\" aria-label=\"HALLOWEEN \u00e0 Saint Soupplets\"><img loading=\"lazy\" decoding=\"async\" width=\"300\" height=\"200\" src=\"https:\/\/saintsouppletsgymnastique.com\/wp-content\/uploads\/2025\/11\/IMG_6814-300x200.jpg\" class=\"attachment-medium size-medium wp-post-image\" alt=\"\" style=\"\" srcset=\"https:\/\/saintsouppletsgymnastique.com\/wp-content\/uploads\/2025\/11\/IMG_6814-300x200.jpg 300w, https:\/\/saintsouppletsgymnastique.com\/wp-content\/uploads\/2025\/11\/IMG_6814-1024x683.jpg 1024w, https:\/\/saintsouppletsgymnastique.com\/wp-content\/uploads\/2025\/11\/IMG_6814-768x513.jpg 768w, https:\/\/saintsouppletsgymnastique.com\/wp-content\/uploads\/2025\/11\/IMG_6814.jpg 1500w\" sizes=\"auto, (max-width: 300px) 100vw, 300px\" \/><\/a><\/div><a class=\"wp-block-latest-posts__post-title\" href=\"https:\/\/saintsouppletsgymnastique.com\/index.php\/2025\/10\/31\/halloween-a-saint-soupplets\/\">HALLOWEEN \u00e0 Saint Soupplets<\/a><div class=\"wp-block-latest-posts__post-excerpt\">Vendredi 31 octobre &#8211; Nos deux gymnastes, Alice et Faustine, ont particip\u00e9 \u00e0 la f\u00eate d\u2019Halloween organis\u00e9e par la ville de Saint Soupplets \ud83c\udf83Elles ont offert au public une belle d\u00e9monstration, alliant acrobatie et chor\u00e9graphie \ud83e\udd38\u200d\u2640\ufe0f\u2728 Un grand bravo \u00e0 elles pour cette superbe repr\u00e9sentation, et merci \u00e0 la ville pour ce moment \ud83d\udc7b<\/div><\/li>\n<li><div class=\"wp-block-latest-posts__featured-image\"><a href=\"https:\/\/saintsouppletsgymnastique.com\/index.php\/2025\/10\/18\/halloween\/\" aria-label=\"HALLOWEEN\"><img loading=\"lazy\" decoding=\"async\" width=\"300\" height=\"251\" src=\"https:\/\/saintsouppletsgymnastique.com\/wp-content\/uploads\/2025\/10\/565073237_1449393047192544_7846278374741737840_n-300x251.jpg\" class=\"attachment-medium size-medium wp-post-image\" alt=\"\" style=\"\" srcset=\"https:\/\/saintsouppletsgymnastique.com\/wp-content\/uploads\/2025\/10\/565073237_1449393047192544_7846278374741737840_n-300x251.jpg 300w, https:\/\/saintsouppletsgymnastique.com\/wp-content\/uploads\/2025\/10\/565073237_1449393047192544_7846278374741737840_n-768x644.jpg 768w, https:\/\/saintsouppletsgymnastique.com\/wp-content\/uploads\/2025\/10\/565073237_1449393047192544_7846278374741737840_n.jpg 940w\" sizes=\"auto, (max-width: 300px) 100vw, 300px\" \/><\/a><\/div><a class=\"wp-block-latest-posts__post-title\" href=\"https:\/\/saintsouppletsgymnastique.com\/index.php\/2025\/10\/18\/halloween\/\">HALLOWEEN<\/a><div class=\"wp-block-latest-posts__post-excerpt\">Nos quatre groupes baby se sont transform\u00e9s en petits fant\u00f4mes, citrouilles, sorci\u00e8res et super-h\u00e9ros pour une s\u00e9ance sp\u00e9ciale Halloween avant les vacances ! \ud83c\udf83<\/div><\/li>\n<li><div class=\"wp-block-latest-posts__featured-image\"><a href=\"https:\/\/saintsouppletsgymnastique.com\/index.php\/2025\/10\/17\/octobre-rose-2\/\" aria-label=\"OCTOBRE ROSE \ud83c\udf80\"><img loading=\"lazy\" decoding=\"async\" width=\"300\" height=\"300\" src=\"https:\/\/saintsouppletsgymnastique.com\/wp-content\/uploads\/2025\/10\/564212435_1446833094115206_5846436599489935566_n-300x300.jpg\" class=\"attachment-medium size-medium wp-post-image\" alt=\"\" style=\"\" srcset=\"https:\/\/saintsouppletsgymnastique.com\/wp-content\/uploads\/2025\/10\/564212435_1446833094115206_5846436599489935566_n-300x300.jpg 300w, https:\/\/saintsouppletsgymnastique.com\/wp-content\/uploads\/2025\/10\/564212435_1446833094115206_5846436599489935566_n-1024x1024.jpg 1024w, https:\/\/saintsouppletsgymnastique.com\/wp-content\/uploads\/2025\/10\/564212435_1446833094115206_5846436599489935566_n-150x150.jpg 150w, https:\/\/saintsouppletsgymnastique.com\/wp-content\/uploads\/2025\/10\/564212435_1446833094115206_5846436599489935566_n-768x768.jpg 768w, https:\/\/saintsouppletsgymnastique.com\/wp-content\/uploads\/2025\/10\/564212435_1446833094115206_5846436599489935566_n.jpg 1080w\" sizes=\"auto, (max-width: 300px) 100vw, 300px\" \/><\/a><\/div><a class=\"wp-block-latest-posts__post-title\" href=\"https:\/\/saintsouppletsgymnastique.com\/index.php\/2025\/10\/17\/octobre-rose-2\/\">OCTOBRE ROSE \ud83c\udf80<\/a><div class=\"wp-block-latest-posts__post-excerpt\">L\u2019ensemble du club se mobilise et soutient Octobre Rose \ud83c\udf80<\/div><\/li>\n<li><div class=\"wp-block-latest-posts__featured-image\"><a href=\"https:\/\/saintsouppletsgymnastique.com\/index.php\/2025\/09\/11\/trophee-des-champions-2\/\" aria-label=\"TROPHEE DES CHAMPIONS\"><img loading=\"lazy\" decoding=\"async\" width=\"300\" height=\"205\" src=\"https:\/\/saintsouppletsgymnastique.com\/wp-content\/uploads\/2025\/09\/546086748_1409684804496702_6628933833122993515_n-300x205.jpg\" class=\"attachment-medium size-medium wp-post-image\" alt=\"\" style=\"\" srcset=\"https:\/\/saintsouppletsgymnastique.com\/wp-content\/uploads\/2025\/09\/546086748_1409684804496702_6628933833122993515_n-300x205.jpg 300w, https:\/\/saintsouppletsgymnastique.com\/wp-content\/uploads\/2025\/09\/546086748_1409684804496702_6628933833122993515_n-1024x699.jpg 1024w, https:\/\/saintsouppletsgymnastique.com\/wp-content\/uploads\/2025\/09\/546086748_1409684804496702_6628933833122993515_n-768x524.jpg 768w, https:\/\/saintsouppletsgymnastique.com\/wp-content\/uploads\/2025\/09\/546086748_1409684804496702_6628933833122993515_n.jpg 1500w\" sizes=\"auto, (max-width: 300px) 100vw, 300px\" \/><\/a><\/div><a class=\"wp-block-latest-posts__post-title\" href=\"https:\/\/saintsouppletsgymnastique.com\/index.php\/2025\/09\/11\/trophee-des-champions-2\/\">TROPHEE DES CHAMPIONS<\/a><div class=\"wp-block-latest-posts__post-excerpt\">Nos 45 gymnastes ont \u00e9t\u00e9 r\u00e9compens\u00e9es au Troph\u00e9e des Champions de Saint Soupplets !Une belle reconnaissance pour f\u00e9liciter leurs r\u00e9sultats de la saison derni\u00e8re<\/div><\/li>\n<\/ul>\n\n\n<p class=\"has-text-align-center has-ast-global-color-1-color has-text-color has-link-color wp-elements-3ac37481060c1c2f2b543ec02fb992c9\"><strong><em><a href=\"https:\/\/saintsouppletsgymnastique.com\/index.php\/actualites\/\">Voir tous les articles<\/a><\/em><\/strong><\/p>\n\n\n\n<p><\/p>\n","protected":false},"excerpt":{"rendered":"<p>Actualit\u00e9s Voir tous les articles<\/p>\n","protected":false},"author":1,"featured_media":0,"parent":0,"menu_order":0,"comment_status":"closed","ping_status":"closed","template":"","meta":{"site-sidebar-layout":"default","site-content-layout":"","ast-site-content-layout":"default","site-content-style":"default","site-sidebar-style":"default","ast-global-header-display":"","ast-banner-title-visibility":"","ast-main-header-display":"","ast-hfb-above-header-display":"","ast-hfb-below-header-display":"","ast-hfb-mobile-header-display":"","site-post-title":"disabled","ast-breadcrumbs-content":"","ast-featured-img":"","footer-sml-layout":"","theme-transparent-header-meta":"","adv-header-id-meta":"","stick-header-meta":"","header-above-stick-meta":"","header-main-stick-meta":"","header-below-stick-meta":"","astra-migrate-meta-layouts":"default","ast-page-background-enabled":"default","ast-page-background-meta":{"desktop":{"background-color":"var(--ast-global-color-5)","background-image":"","background-repeat":"repeat","background-position":"center center","background-size":"auto","background-attachment":"scroll","background-type":"","background-media":"","overlay-type":"","overlay-color":"","overlay-opacity":"","overlay-gradient":""},"tablet":{"background-color":"","background-image":"","background-repeat":"repeat","background-position":"center center","background-size":"auto","background-attachment":"scroll","background-type":"","background-media":"","overlay-type":"","overlay-color":"","overlay-opacity":"","overlay-gradient":""},"mobile":{"background-color":"","background-image":"","background-repeat":"repeat","background-position":"center center","background-size":"auto","background-attachment":"scroll","background-type":"","background-media":"","overlay-type":"","overlay-color":"","overlay-opacity":"","overlay-gradient":""}},"ast-content-background-meta":{"desktop":{"background-color":"var(--ast-global-color-4)","background-image":"","background-repeat":"repeat","background-position":"center center","background-size":"auto","background-attachment":"scroll","background-type":"","background-media":"","overlay-type":"","overlay-color":"","overlay-opacity":"","overlay-gradient":""},"tablet":{"background-color":"var(--ast-global-color-4)","background-image":"","background-repeat":"repeat","background-position":"center center","background-size":"auto","background-attachment":"scroll","background-type":"","background-media":"","overlay-type":"","overlay-color":"","overlay-opacity":"","overlay-gradient":""},"mobile":{"background-color":"var(--ast-global-color-4)","background-image":"","background-repeat":"repeat","background-position":"center center","background-size":"auto","background-attachment":"scroll","background-type":"","background-media":"","overlay-type":"","overlay-color":"","overlay-opacity":"","overlay-gradient":""}},"footnotes":""},"class_list":["post-1563","page","type-page","status-publish","hentry"],"_links":{"self":[{"href":"https:\/\/saintsouppletsgymnastique.com\/index.php\/wp-json\/wp\/v2\/pages\/1563","targetHints":{"allow":["GET"]}}],"collection":[{"href":"https:\/\/saintsouppletsgymnastique.com\/index.php\/wp-json\/wp\/v2\/pages"}],"about":[{"href":"https:\/\/saintsouppletsgymnastique.com\/index.php\/wp-json\/wp\/v2\/types\/page"}],"author":[{"embeddable":true,"href":"https:\/\/saintsouppletsgymnastique.com\/index.php\/wp-json\/wp\/v2\/users\/1"}],"replies":[{"embeddable":true,"href":"https:\/\/saintsouppletsgymnastique.com\/index.php\/wp-json\/wp\/v2\/comments?post=1563"}],"version-history":[{"count":15,"href":"https:\/\/saintsouppletsgymnastique.com\/index.php\/wp-json\/wp\/v2\/pages\/1563\/revisions"}],"predecessor-version":[{"id":1825,"href":"https:\/\/saintsouppletsgymnastique.com\/index.php\/wp-json\/wp\/v2\/pages\/1563\/revisions\/1825"}],"wp:attachment":[{"href":"https:\/\/saintsouppletsgymnastique.com\/index.php\/wp-json\/wp\/v2\/media?parent=1563"}],"curies":[{"name":"wp","href":"https:\/\/api.w.org\/{rel}","templated":true}]}}