{"id":1356,"date":"2025-02-26T11:07:18","date_gmt":"2025-02-26T10:07:18","guid":{"rendered":"http:\/\/gym.skwatt.com\/?page_id=1356"},"modified":"2025-02-26T11:07:18","modified_gmt":"2025-02-26T10:07:18","slug":"resultats-teamgym-2024-2025","status":"publish","type":"page","link":"https:\/\/saintsouppletsgymnastique.com\/index.php\/resultats-teamgym-2024-2025\/","title":{"rendered":"R\u00e9sultats TeamGym 2024-2025"},"content":{"rendered":"\n<h2 class=\"wp-block-heading\"><strong>F\u00e9d\u00e9ral A 10 ans<\/strong><\/h2>\n\n\n\n<div class=\"wp-block-media-text is-stacked-on-mobile\" style=\"grid-template-columns:23% auto\"><figure class=\"wp-block-media-text__media\"><img loading=\"lazy\" decoding=\"async\" width=\"720\" height=\"956\" src=\"www.saintsouppletsgymnastique.com\/app\/uploads\/2025\/02\/476897750_1210822404382944_4925833622387853619_n.jpg\" alt=\"\" class=\"wp-image-1357 size-full\" srcset=\"https:\/\/saintsouppletsgymnastique.com\/wp-content\/uploads\/2025\/02\/476897750_1210822404382944_4925833622387853619_n.jpg 720w, https:\/\/saintsouppletsgymnastique.com\/wp-content\/uploads\/2025\/02\/476897750_1210822404382944_4925833622387853619_n-226x300.jpg 226w\" sizes=\"auto, (max-width: 720px) 100vw, 720px\" \/><\/figure><div class=\"wp-block-media-text__content\">\n<p><\/p>\n\n\n\n<p><strong>\u2756<\/strong> <strong>Comp\u00e9tition interd\u00e9partementale &#8211; Soisy-sous-Montmorency, 9 f\u00e9vrier 2025<\/strong><\/p>\n\n\n\n<p>Lya, Marion, Anouch, Doria, Elsa et Lola se classe 2e en cat\u00e9gorie F\u00e9d\u00e9ral A 10 ans<img loading=\"lazy\" decoding=\"async\" height=\"16\" width=\"16\" src=\"https:\/\/static.xx.fbcdn.net\/images\/emoji.php\/v9\/tb4\/2\/16\/1f948.png\" alt=\"\ud83e\udd48\"><img loading=\"lazy\" decoding=\"async\" height=\"16\" width=\"16\" src=\"https:\/\/static.xx.fbcdn.net\/images\/emoji.php\/v9\/td9\/2\/16\/1f44f_1f3fc.png\" alt=\"\ud83d\udc4f\ud83c\udffc\"><\/p>\n\n\n\n<p>Elles sont qualifi\u00e9es pour le championnat r\u00e9gional !<\/p>\n\n\n\n<p><strong>\u2756<\/strong> <strong>Comp\u00e9tition r\u00e9gionale &#8211; Villeneuve La Garenne, 23 mars 2025<\/strong><\/p>\n\n\n\n<p>Lya, Marion, Anouch, Doria, Elsa et Lola se classe 2e. Elles se qualifient pour le festigym national \u00e0 Poitiers ! \ud83c\uddeb\ud83c\uddf7\u2728<\/p>\n\n\n\n<p><strong>\u2756<\/strong> <strong>Festigym, Troph\u00e9e f\u00e9d\u00e9ral A &#8211; Poitiers &#8211; 30 mai 2025<\/strong><\/p>\n\n\n\n<p>Marion, Doria, Lola, Elsa, Anouch et Lya terminent 14e !<\/p>\n<\/div><\/div>\n\n\n\n<h2 class=\"wp-block-heading\">F\u00e9d\u00e9ral C 10 ans et +<\/h2>\n\n\n\n<div class=\"wp-block-media-text is-stacked-on-mobile\" style=\"grid-template-columns:24% auto\"><figure class=\"wp-block-media-text__media\"><img loading=\"lazy\" decoding=\"async\" width=\"1020\" height=\"768\" src=\"www.saintsouppletsgymnastique.com\/app\/uploads\/2025\/02\/476845566_1210823491049502_2910383051826135532_n.jpg\" alt=\"\" class=\"wp-image-1358 size-full\" srcset=\"https:\/\/saintsouppletsgymnastique.com\/wp-content\/uploads\/2025\/02\/476845566_1210823491049502_2910383051826135532_n.jpg 1020w, https:\/\/saintsouppletsgymnastique.com\/wp-content\/uploads\/2025\/02\/476845566_1210823491049502_2910383051826135532_n-300x226.jpg 300w, https:\/\/saintsouppletsgymnastique.com\/wp-content\/uploads\/2025\/02\/476845566_1210823491049502_2910383051826135532_n-768x578.jpg 768w\" sizes=\"auto, (max-width: 1020px) 100vw, 1020px\" \/><\/figure><div class=\"wp-block-media-text__content\">\n<p><strong>\u2756<\/strong> <strong>Comp\u00e9tition interd\u00e9partementale &#8211; Soisy-sous-Montmorency, 9 f\u00e9vrier 2025<\/strong><\/p>\n\n\n\n<p>M\u00e9lisende, Sarah et Thelili arrivent \u00e0 la premi\u00e8re place ! <img loading=\"lazy\" decoding=\"async\" height=\"16\" width=\"16\" src=\"https:\/\/static.xx.fbcdn.net\/images\/emoji.php\/v9\/t33\/2\/16\/1f947.png\" alt=\"\ud83e\udd47\"> Championnes interd\u00e9partementales et qualifi\u00e9es pour le championnat r\u00e9gional<\/p>\n\n\n\n<p><strong>\u2756<\/strong> <strong>Comp\u00e9tition r\u00e9gionale &#8211; Villeneuve La Garenne, 23 mars 2025<\/strong><\/p>\n\n\n\n<p>M\u00e9lisende, Sarah et Thelili sont 3e de cette finale ! \ud83e\udd49<\/p>\n<\/div><\/div>\n","protected":false},"excerpt":{"rendered":"<p>F\u00e9d\u00e9ral A 10 ans \u2756 Comp\u00e9tition interd\u00e9partementale &#8211; Soisy-sous-Montmorency, 9 f\u00e9vrier 2025 Lya, Marion, Anouch, Doria, Elsa et Lola se [&hellip;]<\/p>\n","protected":false},"author":3,"featured_media":0,"parent":0,"menu_order":0,"comment_status":"closed","ping_status":"closed","template":"","meta":{"site-sidebar-layout":"default","site-content-layout":"","ast-site-content-layout":"default","site-content-style":"default","site-sidebar-style":"default","ast-global-header-display":"","ast-banner-title-visibility":"","ast-main-header-display":"","ast-hfb-above-header-display":"","ast-hfb-below-header-display":"","ast-hfb-mobile-header-display":"","site-post-title":"","ast-breadcrumbs-content":"","ast-featured-img":"","footer-sml-layout":"","theme-transparent-header-meta":"","adv-header-id-meta":"","stick-header-meta":"","header-above-stick-meta":"","header-main-stick-meta":"","header-below-stick-meta":"","astra-migrate-meta-layouts":"default","ast-page-background-enabled":"default","ast-page-background-meta":{"desktop":{"background-color":"var(--ast-global-color-5)","background-image":"","background-repeat":"repeat","background-position":"center center","background-size":"auto","background-attachment":"scroll","background-type":"","background-media":"","overlay-type":"","overlay-color":"","overlay-opacity":"","overlay-gradient":""},"tablet":{"background-color":"","background-image":"","background-repeat":"repeat","background-position":"center center","background-size":"auto","background-attachment":"scroll","background-type":"","background-media":"","overlay-type":"","overlay-color":"","overlay-opacity":"","overlay-gradient":""},"mobile":{"background-color":"","background-image":"","background-repeat":"repeat","background-position":"center center","background-size":"auto","background-attachment":"scroll","background-type":"","background-media":"","overlay-type":"","overlay-color":"","overlay-opacity":"","overlay-gradient":""}},"ast-content-background-meta":{"desktop":{"background-color":"var(--ast-global-color-4)","background-image":"","background-repeat":"repeat","background-position":"center center","background-size":"auto","background-attachment":"scroll","background-type":"","background-media":"","overlay-type":"","overlay-color":"","overlay-opacity":"","overlay-gradient":""},"tablet":{"background-color":"var(--ast-global-color-4)","background-image":"","background-repeat":"repeat","background-position":"center center","background-size":"auto","background-attachment":"scroll","background-type":"","background-media":"","overlay-type":"","overlay-color":"","overlay-opacity":"","overlay-gradient":""},"mobile":{"background-color":"var(--ast-global-color-4)","background-image":"","background-repeat":"repeat","background-position":"center center","background-size":"auto","background-attachment":"scroll","background-type":"","background-media":"","overlay-type":"","overlay-color":"","overlay-opacity":"","overlay-gradient":""}},"footnotes":""},"class_list":["post-1356","page","type-page","status-publish","hentry"],"_links":{"self":[{"href":"https:\/\/saintsouppletsgymnastique.com\/index.php\/wp-json\/wp\/v2\/pages\/1356","targetHints":{"allow":["GET"]}}],"collection":[{"href":"https:\/\/saintsouppletsgymnastique.com\/index.php\/wp-json\/wp\/v2\/pages"}],"about":[{"href":"https:\/\/saintsouppletsgymnastique.com\/index.php\/wp-json\/wp\/v2\/types\/page"}],"author":[{"embeddable":true,"href":"https:\/\/saintsouppletsgymnastique.com\/index.php\/wp-json\/wp\/v2\/users\/3"}],"replies":[{"embeddable":true,"href":"https:\/\/saintsouppletsgymnastique.com\/index.php\/wp-json\/wp\/v2\/comments?post=1356"}],"version-history":[{"count":0,"href":"https:\/\/saintsouppletsgymnastique.com\/index.php\/wp-json\/wp\/v2\/pages\/1356\/revisions"}],"wp:attachment":[{"href":"https:\/\/saintsouppletsgymnastique.com\/index.php\/wp-json\/wp\/v2\/media?parent=1356"}],"curies":[{"name":"wp","href":"https:\/\/api.w.org\/{rel}","templated":true}]}}