{"id":1312,"date":"2024-12-28T18:52:14","date_gmt":"2024-12-28T17:52:14","guid":{"rendered":"http:\/\/gym.skwatt.com\/?page_id=1312"},"modified":"2025-06-28T20:28:43","modified_gmt":"2025-06-28T20:28:43","slug":"resultats-equipes-gaf-2024-2025","status":"publish","type":"page","link":"https:\/\/saintsouppletsgymnastique.com\/index.php\/resultats-equipes-gaf-2024-2025\/","title":{"rendered":"R\u00e9sultats \u00e9quipes GAF 2024-2025"},"content":{"rendered":"\n<h2 class=\"wp-block-heading\">\u27a4  PERFORMANCE REGIONALE 10 ANS ET +<\/h2>\n\n\n\n<div class=\"wp-block-media-text is-stacked-on-mobile\" style=\"grid-template-columns:27% auto\"><figure class=\"wp-block-media-text__media\"><img loading=\"lazy\" decoding=\"async\" width=\"1015\" height=\"1024\" src=\"https:\/\/saintsouppletsgymnastique.com\/wp-content\/uploads\/2025\/04\/IMG_9416-1-1015x1024.jpg\" alt=\"\" class=\"wp-image-1394 size-full\" srcset=\"https:\/\/saintsouppletsgymnastique.com\/wp-content\/uploads\/2025\/04\/IMG_9416-1-1015x1024.jpg 1015w, https:\/\/saintsouppletsgymnastique.com\/wp-content\/uploads\/2025\/04\/IMG_9416-1-298x300.jpg 298w, https:\/\/saintsouppletsgymnastique.com\/wp-content\/uploads\/2025\/04\/IMG_9416-1-150x150.jpg 150w, https:\/\/saintsouppletsgymnastique.com\/wp-content\/uploads\/2025\/04\/IMG_9416-1-768x774.jpg 768w, https:\/\/saintsouppletsgymnastique.com\/wp-content\/uploads\/2025\/04\/IMG_9416-1-1523x1536.jpg 1523w, https:\/\/saintsouppletsgymnastique.com\/wp-content\/uploads\/2025\/04\/IMG_9416-1-2031x2048.jpg 2031w\" sizes=\"auto, (max-width: 1015px) 100vw, 1015px\" \/><\/figure><div class=\"wp-block-media-text__content\">\n<p><strong>\u2756 Championnat d\u00e9partemental<\/strong>, <strong>Ozoir &#8211; 25 janvier 2025 :<\/strong><\/p>\n\n\n\n<p>Marion, Flavie, M\u00e9line et Judith sont championnes d\u00e9partementales ! \ud83e\udd47<\/p>\n\n\n\n<p>Loriane, Marine, Elise et Lilou : 3e ! \ud83e\udd49<\/p>\n\n\n\n<p><strong>\u2756 Championnat interd\u00e9partemental<\/strong>, <strong>Ozoir &#8211; 23 mars 2025 :<\/strong><\/p>\n\n\n\n<p>Marion, Flavie, M\u00e9line et Judith sont championnes interd\u00e9partementales ! \ud83e\udd47<\/p>\n\n\n\n<p>Loriane, Marine, Elise et Lilou : 11e !<\/p>\n\n\n\n<p><strong>\u2756 Championnat r\u00e9gional C<\/strong>, <strong>Saint-Pierre-du-Peray &#8211; 12 avril 2025 :<\/strong><\/p>\n\n\n\n<p>Lilou, Marine et Elise se classe 10e !<\/p>\n\n\n\n<p><strong>\u2756 Championnat r\u00e9gional A<\/strong>, <strong>St -Maur-les-foss\u00e9s &#8211; 26 avril :<\/strong><\/p>\n\n\n\n<p>Marion, Flavie, Judith et M\u00e9line se classe \u00e0 la 5e place !<\/p>\n<\/div><\/div>\n\n\n\n<h2 class=\"wp-block-heading\">\u27a4 TROPHEE REGIONAL 1, 14 ANS ET +<\/h2>\n\n\n\n<div class=\"wp-block-media-text is-stacked-on-mobile\" style=\"grid-template-columns:26% auto\"><figure class=\"wp-block-media-text__media\"><img loading=\"lazy\" decoding=\"async\" width=\"768\" height=\"1024\" src=\"https:\/\/saintsouppletsgymnastique.com\/wp-content\/uploads\/2025\/02\/IMG_9541-768x1024.jpeg\" alt=\"\" class=\"wp-image-1338 size-full\" srcset=\"https:\/\/saintsouppletsgymnastique.com\/wp-content\/uploads\/2025\/02\/IMG_9541-768x1024.jpeg 768w, https:\/\/saintsouppletsgymnastique.com\/wp-content\/uploads\/2025\/02\/IMG_9541-225x300.jpeg 225w, https:\/\/saintsouppletsgymnastique.com\/wp-content\/uploads\/2025\/02\/IMG_9541-1152x1536.jpeg 1152w, https:\/\/saintsouppletsgymnastique.com\/wp-content\/uploads\/2025\/02\/IMG_9541-1536x2048.jpeg 1536w, https:\/\/saintsouppletsgymnastique.com\/wp-content\/uploads\/2025\/02\/IMG_9541.jpeg 1800w\" sizes=\"auto, (max-width: 768px) 100vw, 768px\" \/><\/figure><div class=\"wp-block-media-text__content\">\n<p><strong>\u2756 Championnat d\u00e9partemental<\/strong>, <strong>Pontault Combault &#8211; 1 f\u00e9vrier 2025<\/strong><\/p>\n\n\n\n<p>C\u00e9liane, Laura, Lathany et Alessia : 3e ! \ud83e\udd49<\/p>\n\n\n\n<p><strong>\u2756 Championnat interd\u00e9partemental<\/strong>, <strong>Ermont<\/strong> <strong>&#8211; 16 mars 2025<\/strong><\/p>\n\n\n\n<p>C\u00e9liane, Laura, Lathany et Alessia : 10e !<\/p>\n\n\n\n<p><strong>\u2756 Finale interd\u00e9partemental<\/strong>e, <strong>Savigny-le-Temple<\/strong> <strong>&#8211; 7 juin 2025<\/strong><\/p>\n\n\n\n<p>Laura, Lathany et Alessia : 7e !<\/p>\n<\/div><\/div>\n\n\n\n<h2 class=\"wp-block-heading\">\u27a4 TROPHEE REGIONAL 1, 10 ANS ET +<\/h2>\n\n\n\n<div class=\"wp-block-media-text is-stacked-on-mobile\" style=\"grid-template-columns:26% auto\"><figure class=\"wp-block-media-text__media\"><img loading=\"lazy\" decoding=\"async\" width=\"907\" height=\"1024\" src=\"https:\/\/saintsouppletsgymnastique.com\/wp-content\/uploads\/2025\/02\/IMG_9569-907x1024.jpeg\" alt=\"\" class=\"wp-image-1341 size-full\" srcset=\"https:\/\/saintsouppletsgymnastique.com\/wp-content\/uploads\/2025\/02\/IMG_9569-907x1024.jpeg 907w, https:\/\/saintsouppletsgymnastique.com\/wp-content\/uploads\/2025\/02\/IMG_9569-266x300.jpeg 266w, https:\/\/saintsouppletsgymnastique.com\/wp-content\/uploads\/2025\/02\/IMG_9569-768x867.jpeg 768w, https:\/\/saintsouppletsgymnastique.com\/wp-content\/uploads\/2025\/02\/IMG_9569-1361x1536.jpeg 1361w, https:\/\/saintsouppletsgymnastique.com\/wp-content\/uploads\/2025\/02\/IMG_9569-1814x2048.jpeg 1814w\" sizes=\"auto, (max-width: 907px) 100vw, 907px\" \/><\/figure><div class=\"wp-block-media-text__content\">\n<p><strong>\u2756 Championnat d\u00e9partemental<\/strong>, <strong>Pontault Combault &#8211; 2 f\u00e9vrier 2025<\/strong><\/p>\n\n\n\n<p>El\u00e9a, Mayline, Faustine et Marie sont championnes d\u00e9partementales ! \ud83e\udd47<\/p>\n\n\n\n<p><strong>\u2756 Championnat interd\u00e9partemental<\/strong>, <strong>Ermont<\/strong> <strong>&#8211; 16 mars 2025<\/strong><\/p>\n\n\n\n<p>El\u00e9a, Mayline, Faustine et Marie : 6e !<\/p>\n\n\n\n<p><strong>\u2756 Finale r\u00e9gionale, Chelles &#8211; 18 mai 2025<\/strong><\/p>\n\n\n\n<p>El\u00e9a, Mayline, Faustine et C\u00e9liane : 11e !<strong> <\/strong><\/p>\n<\/div><\/div>\n\n\n\n<h2 class=\"wp-block-heading\">\u27a4 TROPHEE REGIONAL 1, 12-15 ANS ET +<\/h2>\n\n\n\n<div class=\"wp-block-media-text is-stacked-on-mobile\" style=\"grid-template-columns:28% auto\"><figure class=\"wp-block-media-text__media\"><img loading=\"lazy\" decoding=\"async\" width=\"1024\" height=\"944\" src=\"https:\/\/saintsouppletsgymnastique.com\/wp-content\/uploads\/2025\/02\/5244b4b3-933e-42a8-802c-8988f82fe5cf-1024x944.jpeg\" alt=\"\" class=\"wp-image-1339 size-full\" srcset=\"https:\/\/saintsouppletsgymnastique.com\/wp-content\/uploads\/2025\/02\/5244b4b3-933e-42a8-802c-8988f82fe5cf-1024x944.jpeg 1024w, https:\/\/saintsouppletsgymnastique.com\/wp-content\/uploads\/2025\/02\/5244b4b3-933e-42a8-802c-8988f82fe5cf-300x277.jpeg 300w, https:\/\/saintsouppletsgymnastique.com\/wp-content\/uploads\/2025\/02\/5244b4b3-933e-42a8-802c-8988f82fe5cf-768x708.jpeg 768w, https:\/\/saintsouppletsgymnastique.com\/wp-content\/uploads\/2025\/02\/5244b4b3-933e-42a8-802c-8988f82fe5cf.jpeg 1514w\" sizes=\"auto, (max-width: 1024px) 100vw, 1024px\" \/><\/figure><div class=\"wp-block-media-text__content\">\n<p><strong>\u2756 Championnat d\u00e9partemental<\/strong>, <strong>Pontault Combault &#8211; 1 f\u00e9vrier 2025<\/strong><\/p>\n\n\n\n<p>Eva, Manon, Lana, Manon et Cl\u00e9a : 6e !<\/p>\n\n\n\n<p><strong>\u2756 Championnat interd\u00e9partemental<\/strong>, <strong>Ermont<\/strong> <strong>&#8211; 17 mars 2025<\/strong><\/p>\n\n\n\n<p>Eva, Manon, Lana, Manon et Cl\u00e9a : 7e !<\/p>\n\n\n\n<p><strong>\u2756 Finale interd\u00e9partemental<\/strong>e, <strong>Savigny-le-Temple<\/strong> <strong>&#8211; 8 juin 2025<\/strong><\/p>\n\n\n\n<p>Eva, Lana, Manon et Cl\u00e9a : 1e \ud83e\udd47<\/p>\n\n\n\n<figure class=\"wp-block-image size-full is-resized\"><img loading=\"lazy\" decoding=\"async\" width=\"829\" height=\"1080\" src=\"www.saintsouppletsgymnastique.com\/app\/uploads\/2025\/06\/5541A89D-A480-4310-A1A0-EFDE13846AC5-1.jpg?_t=1749979093\" alt=\"\" class=\"wp-image-1558\" style=\"width:192px;height:auto\" srcset=\"https:\/\/saintsouppletsgymnastique.com\/wp-content\/uploads\/2025\/06\/5541A89D-A480-4310-A1A0-EFDE13846AC5-1.jpg 829w, https:\/\/saintsouppletsgymnastique.com\/wp-content\/uploads\/2025\/06\/5541A89D-A480-4310-A1A0-EFDE13846AC5-1-230x300.jpg 230w, https:\/\/saintsouppletsgymnastique.com\/wp-content\/uploads\/2025\/06\/5541A89D-A480-4310-A1A0-EFDE13846AC5-1-786x1024.jpg 786w, https:\/\/saintsouppletsgymnastique.com\/wp-content\/uploads\/2025\/06\/5541A89D-A480-4310-A1A0-EFDE13846AC5-1-768x1001.jpg 768w\" sizes=\"auto, (max-width: 829px) 100vw, 829px\" \/><\/figure>\n<\/div><\/div>\n\n\n\n<h2 class=\"wp-block-heading\">\u27a4 TROPHEE REGIONAL 1, 10-13 ANS ET +<\/h2>\n\n\n\n<div class=\"wp-block-media-text is-stacked-on-mobile\" style=\"grid-template-columns:27% auto\"><figure class=\"wp-block-media-text__media\"><img loading=\"lazy\" decoding=\"async\" width=\"815\" height=\"1024\" src=\"https:\/\/saintsouppletsgymnastique.com\/wp-content\/uploads\/2025\/02\/831d3814-fcde-499d-b617-e9baa5db8f30-815x1024.jpeg\" alt=\"\" class=\"wp-image-1340 size-full\" srcset=\"https:\/\/saintsouppletsgymnastique.com\/wp-content\/uploads\/2025\/02\/831d3814-fcde-499d-b617-e9baa5db8f30-815x1024.jpeg 815w, https:\/\/saintsouppletsgymnastique.com\/wp-content\/uploads\/2025\/02\/831d3814-fcde-499d-b617-e9baa5db8f30-239x300.jpeg 239w, https:\/\/saintsouppletsgymnastique.com\/wp-content\/uploads\/2025\/02\/831d3814-fcde-499d-b617-e9baa5db8f30-768x965.jpeg 768w, https:\/\/saintsouppletsgymnastique.com\/wp-content\/uploads\/2025\/02\/831d3814-fcde-499d-b617-e9baa5db8f30-1222x1536.jpeg 1222w, https:\/\/saintsouppletsgymnastique.com\/wp-content\/uploads\/2025\/02\/831d3814-fcde-499d-b617-e9baa5db8f30.jpeg 1377w\" sizes=\"auto, (max-width: 815px) 100vw, 815px\" \/><\/figure><div class=\"wp-block-media-text__content\">\n<p><strong>\u2756 Championnat d\u00e9partemental<\/strong>, <strong>Pontault Combault &#8211; 2 f\u00e9vrier 2025<\/strong><\/p>\n\n\n\n<p>Louna, Kaelyn, Kellyne, Eden et Louise : 3e \ud83e\udd49<\/p>\n\n\n\n<p><strong>\u2756 Championnat interd\u00e9partemental<\/strong>, <strong>Ermont<\/strong> <strong>&#8211; 17 mars 2025<\/strong><\/p>\n\n\n\n<p>Louna, Kaelyn, Kellyne, Eden et Louise : 7e !<\/p>\n\n\n\n<p><strong>\u2756 Finale interd\u00e9partemental<\/strong>e, <strong>Savigny-le-Temple<\/strong> <strong>&#8211; 7 juin 2025<\/strong><\/p>\n\n\n\n<p>Louna, Louise et Kellyne : 5e !<\/p>\n<\/div><\/div>\n\n\n\n<h2 class=\"wp-block-heading\">\u27a4 TROPHEE REGIONAL 2, 10 ANS ET +<\/h2>\n\n\n\n<div class=\"wp-block-media-text is-stacked-on-mobile\" style=\"grid-template-columns:32% auto\"><figure class=\"wp-block-media-text__media\"><img loading=\"lazy\" decoding=\"async\" width=\"1024\" height=\"694\" src=\"https:\/\/saintsouppletsgymnastique.com\/wp-content\/uploads\/2025\/02\/bcd0a948-daad-427f-8566-742a9d6674bc-1024x694.jpeg\" alt=\"\" class=\"wp-image-1342 size-full\" srcset=\"https:\/\/saintsouppletsgymnastique.com\/wp-content\/uploads\/2025\/02\/bcd0a948-daad-427f-8566-742a9d6674bc-1024x694.jpeg 1024w, https:\/\/saintsouppletsgymnastique.com\/wp-content\/uploads\/2025\/02\/bcd0a948-daad-427f-8566-742a9d6674bc-300x203.jpeg 300w, https:\/\/saintsouppletsgymnastique.com\/wp-content\/uploads\/2025\/02\/bcd0a948-daad-427f-8566-742a9d6674bc-768x521.jpeg 768w, https:\/\/saintsouppletsgymnastique.com\/wp-content\/uploads\/2025\/02\/bcd0a948-daad-427f-8566-742a9d6674bc.jpeg 1245w\" sizes=\"auto, (max-width: 1024px) 100vw, 1024px\" \/><\/figure><div class=\"wp-block-media-text__content\">\n<p><strong>\u2756 Championnat d\u00e9partemental, Chelles &#8211; 19 janvier 2025<\/strong><\/p>\n\n\n\n<p>Manon, Lucy, Pauline, Anais et Caroline : 7e !<\/p>\n\n\n\n<p><strong>\u2756 Championnat interd\u00e9partemental<\/strong>, <strong>Herblay<\/strong> <strong>&#8211; 17 mars 2025<\/strong><\/p>\n\n\n\n<p>Manon, Lucy, Pauline, Anais et Caroline : 24e !<\/p>\n\n\n\n<p><strong>\u2756 Finale interd\u00e9partemental<\/strong>e, <strong>Savigny-le-Temple<\/strong> <strong>&#8211; 7 juin 2025<\/strong><\/p>\n\n\n\n<p>Manon, Lucy, Caroline, Pauline et Anais : 11e !<\/p>\n<\/div><\/div>\n\n\n\n<div class=\"wp-block-media-text is-stacked-on-mobile\" style=\"grid-template-columns:32% auto\"><figure class=\"wp-block-media-text__media\"><img loading=\"lazy\" decoding=\"async\" width=\"773\" height=\"1024\" src=\"https:\/\/saintsouppletsgymnastique.com\/wp-content\/uploads\/2025\/02\/IMG_9285-773x1024.jpeg\" alt=\"\" class=\"wp-image-1344 size-full\" srcset=\"https:\/\/saintsouppletsgymnastique.com\/wp-content\/uploads\/2025\/02\/IMG_9285-773x1024.jpeg 773w, https:\/\/saintsouppletsgymnastique.com\/wp-content\/uploads\/2025\/02\/IMG_9285-227x300.jpeg 227w, https:\/\/saintsouppletsgymnastique.com\/wp-content\/uploads\/2025\/02\/IMG_9285-768x1017.jpeg 768w, https:\/\/saintsouppletsgymnastique.com\/wp-content\/uploads\/2025\/02\/IMG_9285-1160x1536.jpeg 1160w, https:\/\/saintsouppletsgymnastique.com\/wp-content\/uploads\/2025\/02\/IMG_9285-1546x2048.jpeg 1546w, https:\/\/saintsouppletsgymnastique.com\/wp-content\/uploads\/2025\/02\/IMG_9285.jpeg 1812w\" sizes=\"auto, (max-width: 773px) 100vw, 773px\" \/><\/figure><div class=\"wp-block-media-text__content\">\n<p><strong>\u2756 Championnat d\u00e9partemental, Chelles &#8211; 19 janvier 2025<\/strong><\/p>\n\n\n\n<p>Shaiza, Alice, No\u00e9mie et Nolwenn : 9e !<\/p>\n\n\n\n<p><strong>\u2756 Championnat interd\u00e9partemental<\/strong>, <strong>Herblay<\/strong> <strong>&#8211; 17 mars 2025<\/strong><\/p>\n\n\n\n<p>Shaiza, Alice, No\u00e9mie et Nolwenn : 23e !<\/p>\n\n\n\n<p><strong>\u2756 Finale interd\u00e9partemental<\/strong>e, <strong>Savigny-le-Temple<\/strong> <strong>&#8211; 7 juin 2025<\/strong><\/p>\n\n\n\n<p>Sha\u00efza, Alice, No\u00e9mie, Maylina et Lola : 7e !<\/p>\n<\/div><\/div>\n\n\n\n<h2 class=\"wp-block-heading\">\u27a4 TROPHEE REGIONAL 2, 10-15 ANS <\/h2>\n\n\n\n<div class=\"wp-block-media-text is-stacked-on-mobile\" style=\"grid-template-columns:32% auto\"><figure class=\"wp-block-media-text__media\"><img loading=\"lazy\" decoding=\"async\" width=\"804\" height=\"1024\" src=\"https:\/\/saintsouppletsgymnastique.com\/wp-content\/uploads\/2025\/02\/IMG_9311-804x1024.jpeg\" alt=\"\" class=\"wp-image-1343 size-full\" srcset=\"https:\/\/saintsouppletsgymnastique.com\/wp-content\/uploads\/2025\/02\/IMG_9311-804x1024.jpeg 804w, https:\/\/saintsouppletsgymnastique.com\/wp-content\/uploads\/2025\/02\/IMG_9311-236x300.jpeg 236w, https:\/\/saintsouppletsgymnastique.com\/wp-content\/uploads\/2025\/02\/IMG_9311-768x978.jpeg 768w, https:\/\/saintsouppletsgymnastique.com\/wp-content\/uploads\/2025\/02\/IMG_9311-1207x1536.jpeg 1207w, https:\/\/saintsouppletsgymnastique.com\/wp-content\/uploads\/2025\/02\/IMG_9311.jpeg 1348w\" sizes=\"auto, (max-width: 804px) 100vw, 804px\" \/><\/figure><div class=\"wp-block-media-text__content\">\n<p><strong>\u2756 Championnat d\u00e9partemental, Chelles &#8211; 19 janvier 2025<\/strong><\/p>\n\n\n\n<p>Emy, Margot, Olivia, Thifany et Alice : 11e !<\/p>\n\n\n\n<p><strong>\u2756 Championnat interd\u00e9partemental<\/strong>, <strong>Herblay<\/strong> <strong>&#8211; 17 mars 2025<\/strong><\/p>\n\n\n\n<p>Emy, Margot, Olivia, Thifany et Alice : 22e !<\/p>\n\n\n\n<p><strong>\u2756 Finale interd\u00e9partemental<\/strong>e, <strong>Savigny-le-Temple<\/strong> <strong>&#8211; 7 juin 2025<\/strong><\/p>\n\n\n\n<p>Emy, Margot, Olivia et Alice : 7e !<\/p>\n<\/div><\/div>\n\n\n\n<h2 class=\"wp-block-heading\">\u27a4 TROPHEE REGIONAL 2, 10-13 ANS <\/h2>\n\n\n\n<div class=\"wp-block-media-text is-stacked-on-mobile\" style=\"grid-template-columns:33% auto\"><figure class=\"wp-block-media-text__media\"><img loading=\"lazy\" decoding=\"async\" width=\"1024\" height=\"829\" src=\"https:\/\/saintsouppletsgymnastique.com\/wp-content\/uploads\/2025\/02\/IMG_9274-1024x829.jpeg\" alt=\"\" class=\"wp-image-1345 size-full\" srcset=\"https:\/\/saintsouppletsgymnastique.com\/wp-content\/uploads\/2025\/02\/IMG_9274-1024x829.jpeg 1024w, https:\/\/saintsouppletsgymnastique.com\/wp-content\/uploads\/2025\/02\/IMG_9274-300x243.jpeg 300w, https:\/\/saintsouppletsgymnastique.com\/wp-content\/uploads\/2025\/02\/IMG_9274-768x621.jpeg 768w, https:\/\/saintsouppletsgymnastique.com\/wp-content\/uploads\/2025\/02\/IMG_9274-1536x1243.jpeg 1536w, https:\/\/saintsouppletsgymnastique.com\/wp-content\/uploads\/2025\/02\/IMG_9274-2048x1657.jpeg 2048w\" sizes=\"auto, (max-width: 1024px) 100vw, 1024px\" \/><\/figure><div class=\"wp-block-media-text__content\">\n<p><strong>\u2756 Championnat d\u00e9partemental, Chelles &#8211; 18 janvier 2025<\/strong><\/p>\n\n\n\n<p>Majoie, Lola, L\u00e9a, Maylina et Alice : 12e !<\/p>\n\n\n\n<p><strong>\u2756 Finale d\u00e9partementale, Chelles &#8211; 4 mai 2025 :<\/strong><\/p>\n\n\n\n<p>Majoie, Alice, Lola, L\u00e9a et Maylina sont championne d\u00e9partementale, une belle 1\u00e8re place !\ud83e\udd47<\/p>\n\n\n\n<figure class=\"wp-block-image size-large is-resized\"><img loading=\"lazy\" decoding=\"async\" width=\"738\" height=\"1024\" src=\"https:\/\/saintsouppletsgymnastique.com\/wp-content\/uploads\/2025\/05\/IMG_1377-2-738x1024.jpeg\" alt=\"\" class=\"wp-image-1524\" style=\"width:179px;height:auto\" srcset=\"https:\/\/saintsouppletsgymnastique.com\/wp-content\/uploads\/2025\/05\/IMG_1377-2-738x1024.jpeg 738w, https:\/\/saintsouppletsgymnastique.com\/wp-content\/uploads\/2025\/05\/IMG_1377-2-216x300.jpeg 216w, https:\/\/saintsouppletsgymnastique.com\/wp-content\/uploads\/2025\/05\/IMG_1377-2-768x1066.jpeg 768w, https:\/\/saintsouppletsgymnastique.com\/wp-content\/uploads\/2025\/05\/IMG_1377-2-1107x1536.jpeg 1107w, https:\/\/saintsouppletsgymnastique.com\/wp-content\/uploads\/2025\/05\/IMG_1377-2-1475x2048.jpeg 1475w, https:\/\/saintsouppletsgymnastique.com\/wp-content\/uploads\/2025\/05\/IMG_1377-2.jpeg 1729w\" sizes=\"auto, (max-width: 738px) 100vw, 738px\" \/><\/figure>\n<\/div><\/div>\n\n\n\n<h2 class=\"wp-block-heading\">\u27a4 TROPHEE INTERDEPARTEMENTAL, 10-13 ANS<\/h2>\n\n\n\n<div class=\"wp-block-media-text is-stacked-on-mobile\" style=\"grid-template-columns:41% auto\"><figure class=\"wp-block-media-text__media\"><img loading=\"lazy\" decoding=\"async\" width=\"1024\" height=\"919\" src=\"https:\/\/saintsouppletsgymnastique.com\/wp-content\/uploads\/2025\/04\/f697edaa-9970-4923-b6a1-34098a8b9fd1-1024x919.jpg\" alt=\"\" class=\"wp-image-1387 size-full\" srcset=\"https:\/\/saintsouppletsgymnastique.com\/wp-content\/uploads\/2025\/04\/f697edaa-9970-4923-b6a1-34098a8b9fd1-1024x919.jpg 1024w, https:\/\/saintsouppletsgymnastique.com\/wp-content\/uploads\/2025\/04\/f697edaa-9970-4923-b6a1-34098a8b9fd1-300x269.jpg 300w, https:\/\/saintsouppletsgymnastique.com\/wp-content\/uploads\/2025\/04\/f697edaa-9970-4923-b6a1-34098a8b9fd1-768x689.jpg 768w, https:\/\/saintsouppletsgymnastique.com\/wp-content\/uploads\/2025\/04\/f697edaa-9970-4923-b6a1-34098a8b9fd1-1536x1378.jpg 1536w, https:\/\/saintsouppletsgymnastique.com\/wp-content\/uploads\/2025\/04\/f697edaa-9970-4923-b6a1-34098a8b9fd1.jpg 1672w\" sizes=\"auto, (max-width: 1024px) 100vw, 1024px\" \/><\/figure><div class=\"wp-block-media-text__content\">\n<p><strong>\u2756 Championnat d\u00e9partemental, Villeparisis &#8211; 30 mars 2025<\/strong><\/p>\n\n\n\n<p>Kim, Calliop\u00e9, Emma, Clara et Inna se classent 9e !<\/p>\n\n\n\n<p><strong>\u2756 Finale d\u00e9partementale, Chelles &#8211; 3 mai 2025 :<\/strong><\/p>\n\n\n\n<p>Kim, Calliop\u00e9, Emma, Clara et Inna se classent 2e !\ud83e\udd48<\/p>\n\n\n\n<figure class=\"wp-block-image size-large is-resized\"><img loading=\"lazy\" decoding=\"async\" width=\"659\" height=\"1024\" src=\"https:\/\/saintsouppletsgymnastique.com\/wp-content\/uploads\/2025\/05\/IMG_1364-2-659x1024.jpeg\" alt=\"\" class=\"wp-image-1522\" style=\"width:173px;height:auto\" srcset=\"https:\/\/saintsouppletsgymnastique.com\/wp-content\/uploads\/2025\/05\/IMG_1364-2-659x1024.jpeg 659w, https:\/\/saintsouppletsgymnastique.com\/wp-content\/uploads\/2025\/05\/IMG_1364-2-193x300.jpeg 193w, https:\/\/saintsouppletsgymnastique.com\/wp-content\/uploads\/2025\/05\/IMG_1364-2-768x1194.jpeg 768w, https:\/\/saintsouppletsgymnastique.com\/wp-content\/uploads\/2025\/05\/IMG_1364-2-988x1536.jpeg 988w, https:\/\/saintsouppletsgymnastique.com\/wp-content\/uploads\/2025\/05\/IMG_1364-2-1318x2048.jpeg 1318w, https:\/\/saintsouppletsgymnastique.com\/wp-content\/uploads\/2025\/05\/IMG_1364-2.jpeg 1544w\" sizes=\"auto, (max-width: 659px) 100vw, 659px\" \/><\/figure>\n<\/div><\/div>\n","protected":false},"excerpt":{"rendered":"<p>\u27a4 PERFORMANCE REGIONALE 10 ANS ET + \u2756 Championnat d\u00e9partemental, Ozoir &#8211; 25 janvier 2025 : Marion, Flavie, M\u00e9line et [&hellip;]<\/p>\n","protected":false},"author":3,"featured_media":0,"parent":0,"menu_order":0,"comment_status":"closed","ping_status":"closed","template":"","meta":{"site-sidebar-layout":"default","site-content-layout":"","ast-site-content-layout":"default","site-content-style":"default","site-sidebar-style":"default","ast-global-header-display":"","ast-banner-title-visibility":"","ast-main-header-display":"","ast-hfb-above-header-display":"","ast-hfb-below-header-display":"","ast-hfb-mobile-header-display":"","site-post-title":"","ast-breadcrumbs-content":"","ast-featured-img":"","footer-sml-layout":"","theme-transparent-header-meta":"","adv-header-id-meta":"","stick-header-meta":"","header-above-stick-meta":"","header-main-stick-meta":"","header-below-stick-meta":"","astra-migrate-meta-layouts":"default","ast-page-background-enabled":"default","ast-page-background-meta":{"desktop":{"background-color":"var(--ast-global-color-5)","background-image":"","background-repeat":"repeat","background-position":"center center","background-size":"auto","background-attachment":"scroll","background-type":"","background-media":"","overlay-type":"","overlay-color":"","overlay-opacity":"","overlay-gradient":""},"tablet":{"background-color":"","background-image":"","background-repeat":"repeat","background-position":"center center","background-size":"auto","background-attachment":"scroll","background-type":"","background-media":"","overlay-type":"","overlay-color":"","overlay-opacity":"","overlay-gradient":""},"mobile":{"background-color":"","background-image":"","background-repeat":"repeat","background-position":"center center","background-size":"auto","background-attachment":"scroll","background-type":"","background-media":"","overlay-type":"","overlay-color":"","overlay-opacity":"","overlay-gradient":""}},"ast-content-background-meta":{"desktop":{"background-color":"var(--ast-global-color-4)","background-image":"","background-repeat":"repeat","background-position":"center center","background-size":"auto","background-attachment":"scroll","background-type":"","background-media":"","overlay-type":"","overlay-color":"","overlay-opacity":"","overlay-gradient":""},"tablet":{"background-color":"var(--ast-global-color-4)","background-image":"","background-repeat":"repeat","background-position":"center center","background-size":"auto","background-attachment":"scroll","background-type":"","background-media":"","overlay-type":"","overlay-color":"","overlay-opacity":"","overlay-gradient":""},"mobile":{"background-color":"var(--ast-global-color-4)","background-image":"","background-repeat":"repeat","background-position":"center center","background-size":"auto","background-attachment":"scroll","background-type":"","background-media":"","overlay-type":"","overlay-color":"","overlay-opacity":"","overlay-gradient":""}},"footnotes":""},"class_list":["post-1312","page","type-page","status-publish","hentry"],"_links":{"self":[{"href":"https:\/\/saintsouppletsgymnastique.com\/index.php\/wp-json\/wp\/v2\/pages\/1312","targetHints":{"allow":["GET"]}}],"collection":[{"href":"https:\/\/saintsouppletsgymnastique.com\/index.php\/wp-json\/wp\/v2\/pages"}],"about":[{"href":"https:\/\/saintsouppletsgymnastique.com\/index.php\/wp-json\/wp\/v2\/types\/page"}],"author":[{"embeddable":true,"href":"https:\/\/saintsouppletsgymnastique.com\/index.php\/wp-json\/wp\/v2\/users\/3"}],"replies":[{"embeddable":true,"href":"https:\/\/saintsouppletsgymnastique.com\/index.php\/wp-json\/wp\/v2\/comments?post=1312"}],"version-history":[{"count":2,"href":"https:\/\/saintsouppletsgymnastique.com\/index.php\/wp-json\/wp\/v2\/pages\/1312\/revisions"}],"predecessor-version":[{"id":1664,"href":"https:\/\/saintsouppletsgymnastique.com\/index.php\/wp-json\/wp\/v2\/pages\/1312\/revisions\/1664"}],"wp:attachment":[{"href":"https:\/\/saintsouppletsgymnastique.com\/index.php\/wp-json\/wp\/v2\/media?parent=1312"}],"curies":[{"name":"wp","href":"https:\/\/api.w.org\/{rel}","templated":true}]}}