{"id":1292,"date":"2024-12-28T18:17:09","date_gmt":"2024-12-28T17:17:09","guid":{"rendered":"http:\/\/gym.skwatt.com\/?page_id=1292"},"modified":"2025-06-28T20:32:03","modified_gmt":"2025-06-28T20:32:03","slug":"resultats-individuels-2024-2025","status":"publish","type":"page","link":"https:\/\/saintsouppletsgymnastique.com\/index.php\/resultats-individuels-2024-2025\/","title":{"rendered":"R\u00e9sultats Individuels 2024-2025"},"content":{"rendered":"\n<h2 class=\"wp-block-heading\">\u27a4  PERFORMANCE REGIONALE 15 ANS<\/h2>\n\n\n\n<div class=\"wp-block-media-text is-stacked-on-mobile\" style=\"grid-template-columns:20% auto\"><figure class=\"wp-block-media-text__media\"><img loading=\"lazy\" decoding=\"async\" width=\"768\" height=\"1024\" src=\"https:\/\/saintsouppletsgymnastique.com\/wp-content\/uploads\/2024\/12\/470213308_1162098975921954_1545394427616424015_n-768x1024.jpg\" alt=\"\" class=\"wp-image-1299 size-full\" srcset=\"https:\/\/saintsouppletsgymnastique.com\/wp-content\/uploads\/2024\/12\/470213308_1162098975921954_1545394427616424015_n-768x1024.jpg 768w, https:\/\/saintsouppletsgymnastique.com\/wp-content\/uploads\/2024\/12\/470213308_1162098975921954_1545394427616424015_n-225x300.jpg 225w, https:\/\/saintsouppletsgymnastique.com\/wp-content\/uploads\/2024\/12\/470213308_1162098975921954_1545394427616424015_n-1152x1536.jpg 1152w, https:\/\/saintsouppletsgymnastique.com\/wp-content\/uploads\/2024\/12\/470213308_1162098975921954_1545394427616424015_n.jpg 1500w\" sizes=\"auto, (max-width: 768px) 100vw, 768px\" \/><\/figure><div class=\"wp-block-media-text__content\">\n<p><strong> \u2756 Championnat d\u00e9partemental individuel \u00e0 Combs-la-Ville <\/strong>&#8211; <strong>14 d\u00e9cembre 2024<\/strong> :<\/p>\n\n\n\n<p>Lilou arrive \u00e0 la premi\u00e8re place <img loading=\"lazy\" decoding=\"async\" height=\"16\" width=\"16\" src=\"https:\/\/static.xx.fbcdn.net\/images\/emoji.php\/v9\/t33\/2\/16\/1f947.png\" alt=\"\ud83e\udd47\"> <\/p>\n\n\n\n<p>Elise prend la cinqui\u00e8me place !<\/p>\n\n\n\n<p>Elles sont toutes les deux qualifi\u00e9es pour la comp\u00e9tition interd\u00e9partementale !<\/p>\n\n\n\n<p><strong>\u2756 Championnat interd\u00e9partemental individuel \u00e0 Blanc-Mesnil <\/strong>&#8211; <strong>9 f\u00e9vrier 2025<\/strong> :<\/p>\n\n\n\n<p>Lilou arrive \u00e0 la premi\u00e8re place <img loading=\"lazy\" decoding=\"async\" height=\"16\" width=\"16\" src=\"https:\/\/static.xx.fbcdn.net\/images\/emoji.php\/v9\/t33\/2\/16\/1f947.png\" alt=\"\ud83e\udd47\"> qualifi\u00e9e pour la finale r\u00e9gionale<\/p>\n\n\n\n<p>Elise se classe 8e !<\/p>\n\n\n\n<p><strong>\u2756 Championnat r\u00e9gional individuel \u00e0 Combs-la-Ville <\/strong>&#8211; <strong>5 avril 2025<\/strong> :<\/p>\n\n\n\n<p>Lilou arrive \u00e0 la 7e place !<\/p>\n<\/div><\/div>\n\n\n\n<h2 class=\"wp-block-heading\">\u27a4 PERFORMANCE REGIONALE 18-20 ANS<\/h2>\n\n\n\n<div class=\"wp-block-media-text is-stacked-on-mobile\" style=\"grid-template-columns:28% auto\"><figure class=\"wp-block-media-text__media\"><img loading=\"lazy\" decoding=\"async\" width=\"1024\" height=\"768\" src=\"https:\/\/saintsouppletsgymnastique.com\/wp-content\/uploads\/2024\/12\/470242390_1162098935921958_7786368531994220499_n-1024x768.jpg\" alt=\"\" class=\"wp-image-1304 size-full\" srcset=\"https:\/\/saintsouppletsgymnastique.com\/wp-content\/uploads\/2024\/12\/470242390_1162098935921958_7786368531994220499_n-1024x768.jpg 1024w, https:\/\/saintsouppletsgymnastique.com\/wp-content\/uploads\/2024\/12\/470242390_1162098935921958_7786368531994220499_n-300x225.jpg 300w, https:\/\/saintsouppletsgymnastique.com\/wp-content\/uploads\/2024\/12\/470242390_1162098935921958_7786368531994220499_n-768x576.jpg 768w, https:\/\/saintsouppletsgymnastique.com\/wp-content\/uploads\/2024\/12\/470242390_1162098935921958_7786368531994220499_n-1536x1152.jpg 1536w, https:\/\/saintsouppletsgymnastique.com\/wp-content\/uploads\/2024\/12\/470242390_1162098935921958_7786368531994220499_n.jpg 2000w\" sizes=\"auto, (max-width: 1024px) 100vw, 1024px\" \/><\/figure><div class=\"wp-block-media-text__content\">\n<p><strong> \u2756 Championnat d\u00e9partemental individuel \u00e0 Combs-la-Ville <\/strong>&#8211; <strong>14 d\u00e9cembre 2024<\/strong> :<\/p>\n\n\n\n<p>Marion termine Vice Championne d\u00e9partementale ! <img loading=\"lazy\" decoding=\"async\" height=\"16\" width=\"16\" alt=\"\ud83e\udd48\" src=\"https:\/\/static.xx.fbcdn.net\/images\/emoji.php\/v9\/tb4\/2\/16\/1f948.png\"><\/p>\n\n\n\n<p>Flavie arrive 3e <img loading=\"lazy\" decoding=\"async\" height=\"16\" width=\"16\" src=\"https:\/\/static.xx.fbcdn.net\/images\/emoji.php\/v9\/t35\/2\/16\/1f949.png\" alt=\"\ud83e\udd49\"> <\/p>\n\n\n\n<p>Suivie de Judith \u00e0 la 4e place !<\/p>\n\n\n\n<p>Elles sont toutes les trois qualifi\u00e9es pour la comp\u00e9tition interd\u00e9partementale !<\/p>\n\n\n\n<p><strong>\u2756 Championnat interd\u00e9partemental individuel \u00e0 Blanc-Mesnil <\/strong>&#8211; <strong>9 f\u00e9vrier 2025<\/strong> :<\/p>\n\n\n\n<p> Flavie est premi\u00e8re <img loading=\"lazy\" decoding=\"async\" height=\"16\" width=\"16\" src=\"https:\/\/static.xx.fbcdn.net\/images\/emoji.php\/v9\/t33\/2\/16\/1f947.png\" alt=\"\ud83e\udd47\">qualifi\u00e9e pour la finale r\u00e9gionale<\/p>\n\n\n\n<p>Judith 7e ! qualifi\u00e9e pour la finale r\u00e9gionale<\/p>\n\n\n\n<p>Marion 17e !<\/p>\n\n\n\n<p><strong>\u2756 Championnat r\u00e9gional individuel \u00e0 Combs-la-Ville <\/strong>&#8211; <strong>5 avril 2025<\/strong> :<\/p>\n\n\n\n<p>Flavie est premi\u00e8re <img loading=\"lazy\" decoding=\"async\" height=\"16\" width=\"16\" src=\"https:\/\/static.xx.fbcdn.net\/images\/emoji.php\/v9\/t33\/2\/16\/1f947.png\" alt=\"\ud83e\udd47\"> Championne r\u00e9gionale !<\/p>\n\n\n\n<p>Judith prend la 3e place !<\/p>\n<\/div><\/div>\n\n\n\n<h2 class=\"wp-block-heading\">\u27a4 PERFORMANCE REGIONALE 21 ANS ET +<\/h2>\n\n\n\n<div class=\"wp-block-media-text is-stacked-on-mobile\" style=\"grid-template-columns:18% auto\"><figure class=\"wp-block-media-text__media\"><img loading=\"lazy\" decoding=\"async\" width=\"691\" height=\"1024\" src=\"https:\/\/saintsouppletsgymnastique.com\/wp-content\/uploads\/2024\/12\/470232741_1162099049255280_5186052296845508413_n-691x1024.jpg\" alt=\"\" class=\"wp-image-1305 size-full\" srcset=\"https:\/\/saintsouppletsgymnastique.com\/wp-content\/uploads\/2024\/12\/470232741_1162099049255280_5186052296845508413_n-691x1024.jpg 691w, https:\/\/saintsouppletsgymnastique.com\/wp-content\/uploads\/2024\/12\/470232741_1162099049255280_5186052296845508413_n-202x300.jpg 202w, https:\/\/saintsouppletsgymnastique.com\/wp-content\/uploads\/2024\/12\/470232741_1162099049255280_5186052296845508413_n-768x1138.jpg 768w, https:\/\/saintsouppletsgymnastique.com\/wp-content\/uploads\/2024\/12\/470232741_1162099049255280_5186052296845508413_n-1036x1536.jpg 1036w, https:\/\/saintsouppletsgymnastique.com\/wp-content\/uploads\/2024\/12\/470232741_1162099049255280_5186052296845508413_n.jpg 1049w\" sizes=\"auto, (max-width: 691px) 100vw, 691px\" \/><\/figure><div class=\"wp-block-media-text__content\">\n<p>\u2756 <strong>Championnat d\u00e9partemental individuel \u00e0 Combs-la-Ville <\/strong>&#8211; <strong>14 d\u00e9cembre 2024<\/strong> :<\/p>\n\n\n\n<p>M\u00e9line termine 1ere <img loading=\"lazy\" decoding=\"async\" height=\"16\" width=\"16\" src=\"https:\/\/static.xx.fbcdn.net\/images\/emoji.php\/v9\/t33\/2\/16\/1f947.png\" alt=\"\ud83e\udd47\"> Championne d\u00e9partementale de sa cat\u00e9gorie \u00e9galement <\/p>\n\n\n\n<p>Elle se qualifient pour le championnat interd\u00e9partemental !<\/p>\n\n\n\n<p><strong>\u2756 Championnat interd\u00e9partemental individuel \u00e0 Blanc-Mesnil <\/strong>&#8211; <strong>9 f\u00e9vrier 2025<\/strong> :<\/p>\n\n\n\n<p>M\u00e9line se classe 6e, qualifi\u00e9e pour la finale r\u00e9gionale !<\/p>\n\n\n\n<p><strong>\u2756 Championnat r\u00e9gional individuel \u00e0 Combs-la-Ville <\/strong>&#8211; <strong>6 avril 2025<\/strong> :<\/p>\n\n\n\n<p>M\u00e9line se classe 11e !<\/p>\n<\/div><\/div>\n\n\n\n<h2 class=\"wp-block-heading\">\u27a4 FEDERAL A 11 ANS<\/h2>\n\n\n\n<div class=\"wp-block-media-text is-stacked-on-mobile\" style=\"grid-template-columns:24% auto\"><figure class=\"wp-block-media-text__media\"><img loading=\"lazy\" decoding=\"async\" width=\"1024\" height=\"1019\" src=\"https:\/\/saintsouppletsgymnastique.com\/wp-content\/uploads\/2024\/12\/470237952_1162099002588618_1907803392615729410_n-1024x1019.jpg\" alt=\"\" class=\"wp-image-1306 size-full\" srcset=\"https:\/\/saintsouppletsgymnastique.com\/wp-content\/uploads\/2024\/12\/470237952_1162099002588618_1907803392615729410_n-1024x1019.jpg 1024w, https:\/\/saintsouppletsgymnastique.com\/wp-content\/uploads\/2024\/12\/470237952_1162099002588618_1907803392615729410_n-300x298.jpg 300w, https:\/\/saintsouppletsgymnastique.com\/wp-content\/uploads\/2024\/12\/470237952_1162099002588618_1907803392615729410_n-150x150.jpg 150w, https:\/\/saintsouppletsgymnastique.com\/wp-content\/uploads\/2024\/12\/470237952_1162099002588618_1907803392615729410_n-768x764.jpg 768w, https:\/\/saintsouppletsgymnastique.com\/wp-content\/uploads\/2024\/12\/470237952_1162099002588618_1907803392615729410_n.jpg 1172w\" sizes=\"auto, (max-width: 1024px) 100vw, 1024px\" \/><\/figure><div class=\"wp-block-media-text__content\">\n<p>\u2756 <strong>Championnat d\u00e9partemental individuel \u00e0 Combs-la-Ville <\/strong>&#8211; <strong>15 d\u00e9cembre 2024<\/strong> :<\/p>\n\n\n\n<p>Louna termine 5e <img loading=\"lazy\" decoding=\"async\" height=\"16\" width=\"16\" src=\"https:\/\/static.xx.fbcdn.net\/images\/emoji.php\/v9\/tee\/2\/16\/1f601.png\" alt=\"\ud83d\ude01\"><\/p>\n\n\n\n<p>Elle se qualifie pour la finale interd\u00e9partementale !<\/p>\n\n\n\n<p><strong>\u2756 Finale interd\u00e9partementale individuelle \u00e0 Blanc-Mesnil <\/strong>&#8211; <strong>8 f\u00e9vrier 2025<\/strong> :<\/p>\n\n\n\n<p>Louna termine 12e de cette finale !<\/p>\n<\/div><\/div>\n\n\n\n<h2 class=\"wp-block-heading\">\u27a4 FEDERAL A 15 ANS<\/h2>\n\n\n\n<div class=\"wp-block-media-text is-stacked-on-mobile\" style=\"grid-template-columns:24% auto\"><figure class=\"wp-block-media-text__media\"><img loading=\"lazy\" decoding=\"async\" width=\"768\" height=\"1024\" src=\"https:\/\/saintsouppletsgymnastique.com\/wp-content\/uploads\/2024\/12\/470238668_1162099042588614_8651802468143745380_n-768x1024.jpg\" alt=\"\" class=\"wp-image-1307 size-full\" srcset=\"https:\/\/saintsouppletsgymnastique.com\/wp-content\/uploads\/2024\/12\/470238668_1162099042588614_8651802468143745380_n-768x1024.jpg 768w, https:\/\/saintsouppletsgymnastique.com\/wp-content\/uploads\/2024\/12\/470238668_1162099042588614_8651802468143745380_n-225x300.jpg 225w, https:\/\/saintsouppletsgymnastique.com\/wp-content\/uploads\/2024\/12\/470238668_1162099042588614_8651802468143745380_n-1152x1536.jpg 1152w, https:\/\/saintsouppletsgymnastique.com\/wp-content\/uploads\/2024\/12\/470238668_1162099042588614_8651802468143745380_n.jpg 1536w\" sizes=\"auto, (max-width: 768px) 100vw, 768px\" \/><\/figure><div class=\"wp-block-media-text__content\">\n<p>\u2756 <strong>Championnat d\u00e9partemental individuel \u00e0 Combs-la-Ville <\/strong>&#8211; <strong>14 d\u00e9cembre 2024<\/strong> :<\/p>\n\n\n\n<p>El\u00e9a prend la 3e place <img loading=\"lazy\" decoding=\"async\" height=\"16\" width=\"16\" src=\"https:\/\/static.xx.fbcdn.net\/images\/emoji.php\/v9\/t35\/2\/16\/1f949.png\" alt=\"\ud83e\udd49\"><\/p>\n\n\n\n<p>Faustine termine 4e <img loading=\"lazy\" decoding=\"async\" height=\"16\" width=\"16\" alt=\"\ud83d\udc4f\ud83c\udffc\" src=\"https:\/\/static.xx.fbcdn.net\/images\/emoji.php\/v9\/td9\/2\/16\/1f44f_1f3fc.png\"><\/p>\n\n\n\n<p>Elles sont toutes les deux qualifi\u00e9es pour la finale interd\u00e9partementale !<\/p>\n\n\n\n<p><strong>\u2756 Finale interd\u00e9partementale individuelle \u00e0 Blanc-Mesnil <\/strong>&#8211; <strong>8 f\u00e9vrier 2025<\/strong> :<\/p>\n\n\n\n<p>El\u00e9a est 7e !<\/p>\n\n\n\n<p>Faustine 9e !<\/p>\n<\/div><\/div>\n\n\n\n<h2 class=\"wp-block-heading\">\u27a4 FEDERAL A 17 ANS<\/h2>\n\n\n\n<div class=\"wp-block-media-text is-stacked-on-mobile\" style=\"grid-template-columns:15% auto\"><figure class=\"wp-block-media-text__media\"><img loading=\"lazy\" decoding=\"async\" width=\"559\" height=\"1024\" src=\"https:\/\/saintsouppletsgymnastique.com\/wp-content\/uploads\/2024\/12\/470192294_1162098509255334_8013952330826365777_n-559x1024.jpg\" alt=\"\" class=\"wp-image-1308 size-full\" srcset=\"https:\/\/saintsouppletsgymnastique.com\/wp-content\/uploads\/2024\/12\/470192294_1162098509255334_8013952330826365777_n-559x1024.jpg 559w, https:\/\/saintsouppletsgymnastique.com\/wp-content\/uploads\/2024\/12\/470192294_1162098509255334_8013952330826365777_n-164x300.jpg 164w, https:\/\/saintsouppletsgymnastique.com\/wp-content\/uploads\/2024\/12\/470192294_1162098509255334_8013952330826365777_n-768x1408.jpg 768w, https:\/\/saintsouppletsgymnastique.com\/wp-content\/uploads\/2024\/12\/470192294_1162098509255334_8013952330826365777_n-838x1536.jpg 838w, https:\/\/saintsouppletsgymnastique.com\/wp-content\/uploads\/2024\/12\/470192294_1162098509255334_8013952330826365777_n.jpg 1117w\" sizes=\"auto, (max-width: 559px) 100vw, 559px\" \/><\/figure><div class=\"wp-block-media-text__content\">\n<p>\u2756 <strong>Championnat d\u00e9partemental individuel \u00e0 Combs-la-Ville <\/strong>&#8211; <strong>14 d\u00e9cembre 2024<\/strong> :<\/p>\n\n\n\n<p>Pour sa premi\u00e8re comp\u00e9tition individuelle, Marie arrive \u00e0 la 4e place !<\/p>\n\n\n\n<p><strong>\u2756 Finale interd\u00e9partementale individuelle \u00e0 Blanc-Mesnil <\/strong>&#8211; <strong>8 f\u00e9vrier 2025<\/strong> :<\/p>\n\n\n\n<p>Marie se classe \u00e0 la 6e place !<\/p>\n<\/div><\/div>\n","protected":false},"excerpt":{"rendered":"<p>\u27a4 PERFORMANCE REGIONALE 15 ANS \u2756 Championnat d\u00e9partemental individuel \u00e0 Combs-la-Ville &#8211; 14 d\u00e9cembre 2024 : Lilou arrive \u00e0 la [&hellip;]<\/p>\n","protected":false},"author":3,"featured_media":0,"parent":0,"menu_order":0,"comment_status":"closed","ping_status":"closed","template":"","meta":{"site-sidebar-layout":"default","site-content-layout":"","ast-site-content-layout":"default","site-content-style":"default","site-sidebar-style":"default","ast-global-header-display":"","ast-banner-title-visibility":"","ast-main-header-display":"","ast-hfb-above-header-display":"","ast-hfb-below-header-display":"","ast-hfb-mobile-header-display":"","site-post-title":"","ast-breadcrumbs-content":"","ast-featured-img":"","footer-sml-layout":"","theme-transparent-header-meta":"","adv-header-id-meta":"","stick-header-meta":"","header-above-stick-meta":"","header-main-stick-meta":"","header-below-stick-meta":"","astra-migrate-meta-layouts":"default","ast-page-background-enabled":"default","ast-page-background-meta":{"desktop":{"background-color":"var(--ast-global-color-5)","background-image":"","background-repeat":"repeat","background-position":"center center","background-size":"auto","background-attachment":"scroll","background-type":"","background-media":"","overlay-type":"","overlay-color":"","overlay-opacity":"","overlay-gradient":""},"tablet":{"background-color":"","background-image":"","background-repeat":"repeat","background-position":"center center","background-size":"auto","background-attachment":"scroll","background-type":"","background-media":"","overlay-type":"","overlay-color":"","overlay-opacity":"","overlay-gradient":""},"mobile":{"background-color":"","background-image":"","background-repeat":"repeat","background-position":"center center","background-size":"auto","background-attachment":"scroll","background-type":"","background-media":"","overlay-type":"","overlay-color":"","overlay-opacity":"","overlay-gradient":""}},"ast-content-background-meta":{"desktop":{"background-color":"var(--ast-global-color-4)","background-image":"","background-repeat":"repeat","background-position":"center center","background-size":"auto","background-attachment":"scroll","background-type":"","background-media":"","overlay-type":"","overlay-color":"","overlay-opacity":"","overlay-gradient":""},"tablet":{"background-color":"var(--ast-global-color-4)","background-image":"","background-repeat":"repeat","background-position":"center center","background-size":"auto","background-attachment":"scroll","background-type":"","background-media":"","overlay-type":"","overlay-color":"","overlay-opacity":"","overlay-gradient":""},"mobile":{"background-color":"var(--ast-global-color-4)","background-image":"","background-repeat":"repeat","background-position":"center center","background-size":"auto","background-attachment":"scroll","background-type":"","background-media":"","overlay-type":"","overlay-color":"","overlay-opacity":"","overlay-gradient":""}},"footnotes":""},"class_list":["post-1292","page","type-page","status-publish","hentry"],"_links":{"self":[{"href":"https:\/\/saintsouppletsgymnastique.com\/index.php\/wp-json\/wp\/v2\/pages\/1292","targetHints":{"allow":["GET"]}}],"collection":[{"href":"https:\/\/saintsouppletsgymnastique.com\/index.php\/wp-json\/wp\/v2\/pages"}],"about":[{"href":"https:\/\/saintsouppletsgymnastique.com\/index.php\/wp-json\/wp\/v2\/types\/page"}],"author":[{"embeddable":true,"href":"https:\/\/saintsouppletsgymnastique.com\/index.php\/wp-json\/wp\/v2\/users\/3"}],"replies":[{"embeddable":true,"href":"https:\/\/saintsouppletsgymnastique.com\/index.php\/wp-json\/wp\/v2\/comments?post=1292"}],"version-history":[{"count":1,"href":"https:\/\/saintsouppletsgymnastique.com\/index.php\/wp-json\/wp\/v2\/pages\/1292\/revisions"}],"predecessor-version":[{"id":1666,"href":"https:\/\/saintsouppletsgymnastique.com\/index.php\/wp-json\/wp\/v2\/pages\/1292\/revisions\/1666"}],"wp:attachment":[{"href":"https:\/\/saintsouppletsgymnastique.com\/index.php\/wp-json\/wp\/v2\/media?parent=1292"}],"curies":[{"name":"wp","href":"https:\/\/api.w.org\/{rel}","templated":true}]}}